{"id":100,"date":"2021-09-14T10:26:47","date_gmt":"2021-09-14T13:26:47","guid":{"rendered":"https:\/\/ceam.cdtc.unb.br\/?page_id=100"},"modified":"2022-02-15T10:49:20","modified_gmt":"2022-02-15T13:49:20","slug":"memoria_ceam","status":"publish","type":"page","link":"https:\/\/memoria.ceam.unb.br\/index.php\/memoria_ceam\/","title":{"rendered":"Mem\u00f3ria CEAM"},"content":{"rendered":"\n<h5 class=\"kt-adv-heading_293f2e-4d wp-block-kadence-advancedheading has-accent-2-color has-text-color\" data-kb-block=\"kb-adv-heading_293f2e-4d\">MEM\u00d3RIA DO CEAM<\/h5>\n\n\n\n<div class=\"wp-block-kadence-spacer aligncenter kt-block-spacer-_26163f-88\"><div class=\"kt-block-spacer kt-block-spacer-halign-center\" style=\"height:25px\"><\/div><\/div>\n\n\n\n<div class=\"wp-block-columns is-layout-flex wp-container-core-columns-is-layout-9d6595d7 wp-block-columns-is-layout-flex\">\n<div class=\"wp-block-column is-layout-flow wp-block-column-is-layout-flow\" style=\"--col-width:200px;flex-basis:200px\">\n<ul id=\"block-781df1fc-e8a9-49cd-b102-3a0fd04bbcd1\" class=\"is-style-tw-border-inner wp-block-list\" style=\"font-size:13px\"><li><\/li><li><strong><a href=\"https:\/\/memoria.ceam.unb.br\/index.php\/memoria_ceam\/memoria-documentos-historicos\/\">Documentos hist\u00f3ricos<\/a><\/strong><\/li><li><strong><a href=\"https:\/\/memoria.ceam.unb.br\/index.php\/memoria_ceam\/memoria-fotos-historicas\/\">Fotos hist\u00f3ricas<\/a><\/strong><\/li><li><strong>MEM\u00d3RIA &#8211; IMPRESSOS<\/strong><ul><li><strong><a href=\"https:\/\/memoria.ceam.unb.br\/index.php\/memoria_ceam\/memoria-impressos-cartazes\/\">Cartazes e posters<\/a><\/strong><\/li><li><strong><a href=\"https:\/\/memoria.ceam.unb.br\/index.php\/memoria_ceam\/memoria-impressos-cartazes-2\/\">Publica\u00e7\u00f5es<\/a> <\/strong><\/li><\/ul><\/li><li><strong>MEM\u00d3RIA &#8211; PROJETO<\/strong><ul><li><strong><a href=\"https:\/\/memoria.ceam.unb.br\/index.php\/memoria_ceam\/memoria-fotos-projeto-documentario\/\">Fotos Projeto Mem\u00f3ria<\/a><\/strong><\/li><li><strong><a href=\"https:\/\/memoria.ceam.unb.br\/index.php\/memoria_ceam\/memoria-documentario\/\">V\u00eddeo document\u00e1rio<\/a><\/strong><\/li><\/ul><\/li><li><a href=\"https:\/\/ceam.cdtc.unb.br\/index.php\/memoria_ceam\/memoria-profs-emeritos-ceam\/\"><strong>Em\u00e9ritos CEAM<\/strong><\/a><\/li><li><a href=\"https:\/\/ceam.cdtc.unb.br\/index.php\/memoria_ceam\/memoria-seminario-35-anos-ceam\/\"><strong>Semin\u00e1rio 35 anos CEAM<\/strong><\/a><\/li><li><\/li><\/ul>\n<\/div>\n\n\n\n<div class=\"wp-block-column is-layout-flow wp-block-column-is-layout-flow\"><\/div>\n\n\n\n<div class=\"wp-block-column is-layout-flow wp-block-column-is-layout-flow\" style=\"--col-width:66.66%;flex-basis:66.66%\">\n<p>Construir e preservar a mem\u00f3ria de uma Institui\u00e7\u00e3o \u00e9 caracterizar sua identidade e mant\u00ea-la viva pelo passar do tempo, com o foco na continuidade de seus processos. A mem\u00f3ria resgatada e preservada do CEAM avaliza a excel\u00eancia de sua natureza e preserva o ideal de sua cria\u00e7\u00e3o.<\/p>\n\n\n\n<p>A Diretoria do Ceam debru\u00e7ou-se sobre essa proposta e oferece nesse espa\u00e7o de rela\u00e7\u00e3o social um passeio pela hist\u00f3ria e transforma\u00e7\u00e3o do Centro e das pessoas executoras dessa ideia. Busca-se tra\u00e7ar os caminhos da constru\u00e7\u00e3o e do desenvolvimento de conhecimentos produzidos produzidos, desde o in\u00edcio, pelo Ceam.<\/p>\n\n\n\n<p>Agradecemos quaisquer contribui\u00e7\u00f5es, que s\u00e3o bem vindas, e que possam agregar conte\u00fado a essa narrativa din\u00e2mica.<\/p>\n<\/div>\n<\/div>\n\n\n\n<p style=\"font-size:12px\"><strong>Direito de uso (em conformidade com a Lei 9.610\/1998): <\/strong><em>Todo conte\u00fado deste reposit\u00f3rio representa e comp\u00f5e parte da hist\u00f3ria desta Institui\u00e7\u00e3o. \u00c9 produto resultante de estudos, pesquisas, levantamentos, organiza\u00e7\u00f5es, cursos etc.<\/em> <em>\u00c9 de livre acesso e est\u00e1 dispon\u00edvel como fonte de consulta e reprodu\u00e7\u00e3o para usos t\u00e9cnicos<strong>*<\/strong>. Est\u00e1 vedada qualquer tipo de altera\u00e7\u00e3o, parcial ou integral, em rela\u00e7\u00e3o ao conte\u00fado e forma originais, <strong>resguardados todos os direitos autorais, as fontes e titulares devem ser referenciados e atribu\u00eddos<\/strong>, assim como as vincula\u00e7\u00f5es institucionais: Universidade de Bras\u00edlia\/UnB, Centro de Estudos Avan\u00e7ados Multidisciplinares &#8211; CEAM\/UnB, N\u00facleo Tem\u00e1tico e Programa de p\u00f3s-gradua\u00e7\u00e3o\/CEAM<\/em>, <em>Arquivo Central\/UnB, Sistema AtoM<\/em>.<\/p>\n\n\n\n<p style=\"font-size:12px\"><strong>*<\/strong><em>Usos<\/em><em> t\u00e9cnicos: uso do material para fins acad\u00eamicos, cient\u00edficos, pesquisas, estudos, consultas diversas, cita\u00e7\u00f5es, refer\u00eancias bibliogr\u00e1ficas etc.<\/em><\/p>\n","protected":false},"excerpt":{"rendered":"<p>MEM\u00d3RIA DO CEAM Construir e preservar \u2026 <\/p>\n","protected":false},"author":1,"featured_media":1673,"parent":0,"menu_order":0,"comment_status":"closed","ping_status":"closed","template":"","meta":{"footnotes":""},"class_list":["post-100","page","type-page","status-publish","has-post-thumbnail","hentry"],"_links":{"self":[{"href":"https:\/\/memoria.ceam.unb.br\/index.php\/wp-json\/wp\/v2\/pages\/100","targetHints":{"allow":["GET"]}}],"collection":[{"href":"https:\/\/memoria.ceam.unb.br\/index.php\/wp-json\/wp\/v2\/pages"}],"about":[{"href":"https:\/\/memoria.ceam.unb.br\/index.php\/wp-json\/wp\/v2\/types\/page"}],"author":[{"embeddable":true,"href":"https:\/\/memoria.ceam.unb.br\/index.php\/wp-json\/wp\/v2\/users\/1"}],"replies":[{"embeddable":true,"href":"https:\/\/memoria.ceam.unb.br\/index.php\/wp-json\/wp\/v2\/comments?post=100"}],"version-history":[{"count":44,"href":"https:\/\/memoria.ceam.unb.br\/index.php\/wp-json\/wp\/v2\/pages\/100\/revisions"}],"predecessor-version":[{"id":2973,"href":"https:\/\/memoria.ceam.unb.br\/index.php\/wp-json\/wp\/v2\/pages\/100\/revisions\/2973"}],"wp:featuredmedia":[{"embeddable":true,"href":"https:\/\/memoria.ceam.unb.br\/index.php\/wp-json\/wp\/v2\/media\/1673"}],"wp:attachment":[{"href":"https:\/\/memoria.ceam.unb.br\/index.php\/wp-json\/wp\/v2\/media?parent=100"}],"curies":[{"name":"wp","href":"https:\/\/api.w.org\/{rel}","templated":true}]}}