{"id":1136,"date":"2021-09-26T14:57:59","date_gmt":"2021-09-26T17:57:59","guid":{"rendered":"https:\/\/ceam.cdtc.unb.br\/index.php\/historias-cruzadas\/hcpg115_uruanancpo-2\/"},"modified":"2021-09-27T09:09:21","modified_gmt":"2021-09-27T12:09:21","slug":"hcpg116_uruananym","status":"publish","type":"page","link":"https:\/\/memoria.ceam.unb.br\/index.php\/historias-cruzadas\/hcpg116_uruananym\/","title":{"rendered":"hcpg116_uruananYM"},"content":{"rendered":"\n<figure class=\"wp-block-image size-large\"><img loading=\"lazy\" decoding=\"async\" width=\"1024\" height=\"27\" src=\"https:\/\/ceam.cdtc.unb.br\/wp-content\/uploads\/2021\/09\/cabecalho01_historias_cruzadas-1024x27.jpg\" alt=\"\" class=\"wp-image-553\"\/><\/figure>\n\n\n\n<figure class=\"wp-block-audio\"><audio controls src=\"https:\/\/ceam.cdtc.unb.br\/wp-content\/uploads\/2021\/09\/Uruanan-Yara-Martinelli.mp3\"><\/audio><\/figure>\n\n\n<style id=\"kt-blocks_20df2c-41\">#kt-adv-heading_20df2c-41, #kt-adv-heading_20df2c-41 .wp-block-kadence-advancedheading, .wp-block-kadence-advancedheading.kt-adv-heading_20df2c-41[data-kb-block=\"kb-adv-heading_20df2c-41\"], .kadence-advanced-heading-wrapper .kt-adv-heading_20df2c-41[data-kb-block=\"kb-adv-heading_20df2c-41\"]{text-align:center;color:#167abe;}<\/style>\n<h5 class=\"kt-adv-heading_20df2c-41 wp-block-kadence-advancedheading\" data-kb-block=\"kb-adv-heading_20df2c-41\">Homenagem a Uruanan &#8211; Por Yara Martinelli<\/h5>\n\n\n\n<p><\/p>\n\n\n\n<div class=\"wp-block-columns is-layout-flex wp-container-core-columns-is-layout-9d6595d7 wp-block-columns-is-layout-flex\">\n<div class=\"wp-block-column is-layout-flow wp-block-column-is-layout-flow\" style=\"--col-width:15%;flex-basis:15%\"><\/div>\n\n\n\n<div class=\"wp-block-column is-layout-flow wp-block-column-is-layout-flow\" style=\"--col-width:100%;flex-basis:100%\">\n<p class=\"has-text-align-center\">Da pedra seca sob o sol<br>Na fenda entre a rocha dura<br>Nasce uma flor<br>Uruanan<\/p>\n\n\n\n<p class=\"has-text-align-center\"><br>Contra toda expectativa<br>Floresce<br>E se torna<br>Alegria<\/p>\n\n\n\n<p class=\"has-text-align-center\"><br>Na aridez do vento quente<br>Seco<br>Cerrado<\/p>\n\n\n\n<p class=\"has-text-align-center\">Veio ao mundo em fam\u00edlia pobre<br>Crian\u00e7a na capital Bras\u00edlia<br>Peso do mundo nas costas<br>A rua chama<br>O \u00e1lcool alivia a dor<\/p>\n\n\n\n<p class=\"has-text-align-center\"><br>F\u00e1cil se perder nesse caminho<br>Portas se fecham<br>Dif\u00edcil \u00e9 achar nova entrada<br>Pro labirinto<\/p>\n\n\n\n<p class=\"has-text-align-center\"><br>Mas Uruanan \u00e9<br>flor que nasce em pedra seca<br>Cerrado<br>E como a f\u00eanix<br>Renasce das cinzas<\/p>\n\n\n\n<p class=\"has-text-align-center\"><br>No leito do hospital universit\u00e1rio<br>recome\u00e7a a vida<br>uma oportunidade e um teste<br>e ele agradece:<br>\u201cA universidade salvou minha vida\u201d, diz<br>Quando (na verdade)<br>Contra toda chance<br>J\u00e1 era<br>Flor nascida na pedra seca<br>Cerrado<\/p>\n\n\n\n<p class=\"has-text-align-center\"><br>A hist\u00f3ria na universidade<br>se tornou transforma\u00e7\u00e3o:<br>Aprendeu de tudo um pouco,<br>Conheceu todo tipo de gente,<br>Fez amigos pra vida,<br>Sentiu o peso de ser invis\u00edvel<br>Dentro da universidade &#8211; que tanto reflete quanto<br>n\u00e3o age<\/p>\n\n\n\n<p class=\"has-text-align-center\"><br>Talvez pela voz imponente<br>Talvez pela altura,<br>o olhar sereno de gente<br>Uruanan se destaque<br>Na luta deste terreno<br>Deste solo f\u00e9rtil pra revolta<br>Mas ruim de brotar mudan\u00e7a<\/p>\n\n\n\n<p class=\"has-text-align-center\"><br>Foi enfim \u00e0 luta sindical.<br>Encontrou esperan\u00e7a no fazer diferente.<br>Renascer direitos de sua pr\u00f3pria classe.<br>Mas os poderosos de cima vomitam a senten\u00e7a:<br>\u2013 T\u00e1 todo mundo demitido.<\/p>\n\n\n\n<p class=\"has-text-align-center\"><br>Mas Uruanan n\u00e3o \u00e9 todo mundo<br>\u00c9 flor que nasce em pedra seca<br>Cerrado<br>Uruanan ficou<br>firme transparecer em cada palavra<br>das dores da vida<br>v\u00ea alegria em coisas simples<br>e como todo poeta<br>sente<\/p>\n<\/div>\n\n\n\n<div class=\"wp-block-column is-layout-flow wp-block-column-is-layout-flow\" style=\"--col-width:15%;flex-basis:15%\"><\/div>\n<\/div>\n\n\n\n<div class=\"wp-block-kadence-spacer aligncenter kt-block-spacer-_ec2425-a2\"><div class=\"kt-block-spacer kt-block-spacer-halign-center\" style=\"height:25px\"><hr class=\"kt-divider\" style=\"border-top-color:#eee;border-top-width:1px;width:80%;border-top-style:solid\"\/><\/div><\/div>\n\n\n\n<div class=\"wp-block-columns is-layout-flex wp-container-core-columns-is-layout-9d6595d7 wp-block-columns-is-layout-flex\">\n<div class=\"wp-block-column is-layout-flow wp-block-column-is-layout-flow\" style=\"--col-width:25%;flex-basis:25%\"><style id=\"kt-blocks_957cab-4e\">.kt-svg-icons_957cab-4e .kt-svg-item-0:hover .kt-svg-icon {color:#0F8B8D!important;}<\/style>\n<div class=\"wp-block-kadence-icon kt-svg-icons kt-svg-icons_957cab-4e alignnone\" style=\"text-align:center\"><div class=\"kt-svg-style-default kt-svg-icon-wrap kt-svg-item-0\"><a href=\"https:\/\/ceam.cdtc.unb.br\/index.php\/historias-cruzadas\/hcpg115_uruanancpo\/\" class=\"kt-svg-icon-link\"><div style=\"display:inline-flex;justify-content:center;align-items:center;color:#444444\" class=\"kt-svg-icon kt-svg-icon-fe_arrowLeftCircle\"><svg style=\"display:inline-block;vertical-align:middle\" viewbox=\"0 0 24 24\" height=\"50\" width=\"50\" fill=\"none\" stroke=\"currentColor\" xmlns=\"http:\/\/www.w3.org\/2000\/svg\" stroke-width=\"2\" stroke-linecap=\"round\" stroke-linejoin=\"round\"><title>P\u00e1gina Anterior<\/title><circle cx=\"12\" cy=\"12\" r=\"10\"><\/circle><polyline points=\"12 8 8 12 12 16\"><\/polyline><line x1=\"16\" y1=\"12\" x2=\"8\" y2=\"12\"><\/line><\/svg><\/div><\/a><\/div><\/div>\n<\/div>\n\n\n\n<div class=\"wp-block-column is-layout-flow wp-block-column-is-layout-flow\" style=\"--col-width:50%;flex-basis:50%\"><\/div>\n\n\n\n<div class=\"wp-block-column is-layout-flow wp-block-column-is-layout-flow\" style=\"--col-width:25%;flex-basis:25%\"><style id=\"kt-blocks_a20bf9-b5\">.kt-svg-icons_a20bf9-b5 .kt-svg-item-0:hover .kt-svg-icon {color:#0F8B8D!important;}<\/style>\n<div class=\"wp-block-kadence-icon kt-svg-icons kt-svg-icons_a20bf9-b5 alignnone\" style=\"text-align:center\"><div class=\"kt-svg-style-default kt-svg-icon-wrap kt-svg-item-0\"><a href=\"https:\/\/ceam.cdtc.unb.br\/index.php\/historias-cruzadas\/hcpg117_uruananmb\/\" class=\"kt-svg-icon-link\"><div style=\"display:inline-flex;justify-content:center;align-items:center;color:#444444\" class=\"kt-svg-icon kt-svg-icon-fe_arrowRightCircle\"><svg style=\"display:inline-block;vertical-align:middle\" viewbox=\"0 0 24 24\" height=\"50\" width=\"50\" fill=\"none\" stroke=\"currentColor\" xmlns=\"http:\/\/www.w3.org\/2000\/svg\" stroke-width=\"2\" stroke-linecap=\"round\" stroke-linejoin=\"round\"><title>Pr\u00f3xima P\u00e1gina<\/title><circle cx=\"12\" cy=\"12\" r=\"10\"><\/circle><polyline points=\"12 16 16 12 12 8\"><\/polyline><line x1=\"8\" y1=\"12\" x2=\"16\" y2=\"12\"><\/line><\/svg><\/div><\/a><\/div><\/div>\n<\/div>\n<\/div>\n","protected":false},"excerpt":{"rendered":"<p>Homenagem a Uruanan &#8211; Por Yara \u2026 <\/p>\n","protected":false},"author":2,"featured_media":0,"parent":77,"menu_order":0,"comment_status":"closed","ping_status":"closed","template":"","meta":{"footnotes":""},"class_list":["post-1136","page","type-page","status-publish","hentry"],"_links":{"self":[{"href":"https:\/\/memoria.ceam.unb.br\/index.php\/wp-json\/wp\/v2\/pages\/1136","targetHints":{"allow":["GET"]}}],"collection":[{"href":"https:\/\/memoria.ceam.unb.br\/index.php\/wp-json\/wp\/v2\/pages"}],"about":[{"href":"https:\/\/memoria.ceam.unb.br\/index.php\/wp-json\/wp\/v2\/types\/page"}],"author":[{"embeddable":true,"href":"https:\/\/memoria.ceam.unb.br\/index.php\/wp-json\/wp\/v2\/users\/2"}],"replies":[{"embeddable":true,"href":"https:\/\/memoria.ceam.unb.br\/index.php\/wp-json\/wp\/v2\/comments?post=1136"}],"version-history":[{"count":3,"href":"https:\/\/memoria.ceam.unb.br\/index.php\/wp-json\/wp\/v2\/pages\/1136\/revisions"}],"predecessor-version":[{"id":1231,"href":"https:\/\/memoria.ceam.unb.br\/index.php\/wp-json\/wp\/v2\/pages\/1136\/revisions\/1231"}],"up":[{"embeddable":true,"href":"https:\/\/memoria.ceam.unb.br\/index.php\/wp-json\/wp\/v2\/pages\/77"}],"wp:attachment":[{"href":"https:\/\/memoria.ceam.unb.br\/index.php\/wp-json\/wp\/v2\/media?parent=1136"}],"curies":[{"name":"wp","href":"https:\/\/api.w.org\/{rel}","templated":true}]}}