{"id":1148,"date":"2021-09-26T17:00:06","date_gmt":"2021-09-26T20:00:06","guid":{"rendered":"https:\/\/ceam.cdtc.unb.br\/index.php\/historias-cruzadas\/hcpg105_rayanne_crcarta-2\/"},"modified":"2021-09-27T09:12:16","modified_gmt":"2021-09-27T12:12:16","slug":"hcpg119_epigrafe","status":"publish","type":"page","link":"https:\/\/memoria.ceam.unb.br\/index.php\/historias-cruzadas\/hcpg119_epigrafe\/","title":{"rendered":"hcpg119_epigrafe"},"content":{"rendered":"\n<div class=\"wp-block-image\"><figure class=\"aligncenter size-large\"><img loading=\"lazy\" decoding=\"async\" width=\"1024\" height=\"27\" src=\"https:\/\/ceam.cdtc.unb.br\/wp-content\/uploads\/2021\/09\/cabecalho02_historias_cruzadas-1024x27.jpg\" alt=\"\" class=\"wp-image-554\"\/><\/figure><\/div>\n\n\n<style id=\"kt-blocks_e6a06f-69\">#kt-adv-heading_e6a06f-69, #kt-adv-heading_e6a06f-69 .wp-block-kadence-advancedheading, .wp-block-kadence-advancedheading.kt-adv-heading_e6a06f-69[data-kb-block=\"kb-adv-heading_e6a06f-69\"], .kadence-advanced-heading-wrapper .kt-adv-heading_e6a06f-69[data-kb-block=\"kb-adv-heading_e6a06f-69\"]{text-align:center;color:#167abe;}<\/style>\n<h5 class=\"kt-adv-heading_e6a06f-69 wp-block-kadence-advancedheading\" data-kb-block=\"kb-adv-heading_e6a06f-69\">Ep\u00edgrafe<\/h5>\n\n\n\n<p><\/p>\n\n\n\n<p><\/p>\n\n\n\n<div class=\"wp-block-columns is-layout-flex wp-container-core-columns-is-layout-9d6595d7 wp-block-columns-is-layout-flex\">\n<div class=\"wp-block-column is-layout-flow wp-block-column-is-layout-flow\" style=\"--col-width:5%;flex-basis:5%\"><\/div>\n\n\n\n<div class=\"wp-block-column is-layout-flow wp-block-column-is-layout-flow\" style=\"--col-width:110%;flex-basis:110%\">\n<p>Oi minha querida Bras\u00edlia,<\/p>\n\n\n\n<p><br>Hoje acordei recordando as hist\u00f3rias que ouvi sobre ti, e como em cinco anos nasceste. Tamb\u00e9m nascera contigo a nossa amada e promissora UnB, que traria em seus genes o diverso e o reverso.<\/p>\n\n\n\n<p><br>Ouvi dizer que \u00e9s fruto da ideia de um homem que tornou-se presidente, e que num \u00edmpeto, desafiando a raz\u00e3o, uniu-se a dois arquitetos: um para tra\u00e7ar tua forma soberana de avi\u00e3o, outro para tornar-te monumental. Transformaram assim o velho cerrado do planalto central na nobre capital do Brasil.<\/p>\n\n\n\n<p><br>Como gostaria de ter acompanhado teu nascimento&#8230; Restou-me conhecer-te na tua adolesc\u00eancia. Corremos juntos por teus parques. No zool\u00f3gico, conheci animais inimagin\u00e1veis. Vislumbrei em tua piscina de ondas o p\u00f4r do sol dourado no v\u00e9u azul celeste. Um tal Man\u00e9 Garrincha nomeia teu est\u00e1dio, que se fez nacional para um torneio mundial.<\/p>\n\n\n\n<p><br>Hoje vejo-te uma jovem com 60 anos. Tr\u00eas s\u00e3o os candangos que, onipresentes, resguardam e guardam a sombra da esplendorosa catedral.<\/p>\n\n\n\n<p><br>Teus poderes, tua esplanada, palco de recorda\u00e7\u00f5es. No plen\u00e1rio, o \u00edmpeto de uma majestosa democracia&#8230;. que num lago paira no ar. Os arcos da ponte s\u00e3o portais que nos levam do ontem para o amanh\u00e3.<\/p>\n\n\n\n<p><br><strong>Uruanan Jackson Henrique Dos Santos<\/strong><\/p>\n<\/div>\n\n\n\n<div class=\"wp-block-column is-layout-flow wp-block-column-is-layout-flow\" style=\"--col-width:5%;flex-basis:5%\"><\/div>\n<\/div>\n\n\n\n<p><\/p>\n\n\n\n<div class=\"wp-block-kadence-spacer aligncenter kt-block-spacer-_719787-fe\"><div class=\"kt-block-spacer kt-block-spacer-halign-center\" style=\"height:25px\"><hr class=\"kt-divider\" style=\"border-top-color:#eee;border-top-width:1px;width:80%;border-top-style:solid\"\/><\/div><\/div>\n\n\n\n<div class=\"wp-block-columns is-layout-flex wp-container-core-columns-is-layout-9d6595d7 wp-block-columns-is-layout-flex\">\n<div class=\"wp-block-column is-layout-flow wp-block-column-is-layout-flow\" style=\"--col-width:25%;flex-basis:25%\"><style id=\"kt-blocks_c0e94d-9e\">.kt-svg-icons_c0e94d-9e .kt-svg-item-0:hover .kt-svg-icon {color:#0F8B8D!important;}<\/style>\n<div class=\"wp-block-kadence-icon kt-svg-icons kt-svg-icons_c0e94d-9e alignnone\" style=\"text-align:center\"><div class=\"kt-svg-style-default kt-svg-icon-wrap kt-svg-item-0\"><a href=\"https:\/\/ceam.cdtc.unb.br\/index.php\/historias-cruzadas\/hcpg118_uruananet\/\" class=\"kt-svg-icon-link\"><div style=\"display:inline-flex;justify-content:center;align-items:center;color:#444444\" class=\"kt-svg-icon kt-svg-icon-fe_arrowLeftCircle\"><svg style=\"display:inline-block;vertical-align:middle\" viewbox=\"0 0 24 24\" height=\"50\" width=\"50\" fill=\"none\" stroke=\"currentColor\" xmlns=\"http:\/\/www.w3.org\/2000\/svg\" stroke-width=\"2\" stroke-linecap=\"round\" stroke-linejoin=\"round\"><title>P\u00e1gina Anterior<\/title><circle cx=\"12\" cy=\"12\" r=\"10\"><\/circle><polyline points=\"12 8 8 12 12 16\"><\/polyline><line x1=\"16\" y1=\"12\" x2=\"8\" y2=\"12\"><\/line><\/svg><\/div><\/a><\/div><\/div>\n<\/div>\n\n\n\n<div class=\"wp-block-column is-layout-flow wp-block-column-is-layout-flow\" style=\"--col-width:50%;flex-basis:50%\"><\/div>\n\n\n\n<div class=\"wp-block-column is-layout-flow wp-block-column-is-layout-flow\" style=\"--col-width:25%;flex-basis:25%\"><style id=\"kt-blocks_e51fb2-60\">.kt-svg-icons_e51fb2-60 .kt-svg-item-0:hover .kt-svg-icon {color:#0F8B8D!important;}<\/style>\n<div class=\"wp-block-kadence-icon kt-svg-icons kt-svg-icons_e51fb2-60 alignnone\" style=\"text-align:center\"><div class=\"kt-svg-style-default kt-svg-icon-wrap kt-svg-item-0\"><a href=\"https:\/\/ceam.cdtc.unb.br\/index.php\/historias-cruzadas\/hcpg120_vicente_faleiros\/\" class=\"kt-svg-icon-link\"><div style=\"display:inline-flex;justify-content:center;align-items:center;color:#444444\" class=\"kt-svg-icon kt-svg-icon-fe_arrowRightCircle\"><svg style=\"display:inline-block;vertical-align:middle\" viewbox=\"0 0 24 24\" height=\"50\" width=\"50\" fill=\"none\" stroke=\"currentColor\" xmlns=\"http:\/\/www.w3.org\/2000\/svg\" stroke-width=\"2\" stroke-linecap=\"round\" stroke-linejoin=\"round\"><title>Pr\u00f3xima P\u00e1gina<\/title><circle cx=\"12\" cy=\"12\" r=\"10\"><\/circle><polyline points=\"12 16 16 12 12 8\"><\/polyline><line x1=\"8\" y1=\"12\" x2=\"16\" y2=\"12\"><\/line><\/svg><\/div><\/a><\/div><\/div>\n<\/div>\n<\/div>\n","protected":false},"excerpt":{"rendered":"<p>Ep\u00edgrafe Oi minha querida Bras\u00edlia, Hoje \u2026 <\/p>\n","protected":false},"author":2,"featured_media":0,"parent":77,"menu_order":0,"comment_status":"closed","ping_status":"closed","template":"","meta":{"footnotes":""},"class_list":["post-1148","page","type-page","status-publish","hentry"],"_links":{"self":[{"href":"https:\/\/memoria.ceam.unb.br\/index.php\/wp-json\/wp\/v2\/pages\/1148","targetHints":{"allow":["GET"]}}],"collection":[{"href":"https:\/\/memoria.ceam.unb.br\/index.php\/wp-json\/wp\/v2\/pages"}],"about":[{"href":"https:\/\/memoria.ceam.unb.br\/index.php\/wp-json\/wp\/v2\/types\/page"}],"author":[{"embeddable":true,"href":"https:\/\/memoria.ceam.unb.br\/index.php\/wp-json\/wp\/v2\/users\/2"}],"replies":[{"embeddable":true,"href":"https:\/\/memoria.ceam.unb.br\/index.php\/wp-json\/wp\/v2\/comments?post=1148"}],"version-history":[{"count":2,"href":"https:\/\/memoria.ceam.unb.br\/index.php\/wp-json\/wp\/v2\/pages\/1148\/revisions"}],"predecessor-version":[{"id":1234,"href":"https:\/\/memoria.ceam.unb.br\/index.php\/wp-json\/wp\/v2\/pages\/1148\/revisions\/1234"}],"up":[{"embeddable":true,"href":"https:\/\/memoria.ceam.unb.br\/index.php\/wp-json\/wp\/v2\/pages\/77"}],"wp:attachment":[{"href":"https:\/\/memoria.ceam.unb.br\/index.php\/wp-json\/wp\/v2\/media?parent=1148"}],"curies":[{"name":"wp","href":"https:\/\/api.w.org\/{rel}","templated":true}]}}