{"id":122,"date":"2021-09-16T14:42:43","date_gmt":"2021-09-16T17:42:43","guid":{"rendered":"https:\/\/ceam.cdtc.unb.br\/?page_id=122"},"modified":"2022-02-24T18:59:37","modified_gmt":"2022-02-24T21:59:37","slug":"producao","status":"publish","type":"page","link":"https:\/\/memoria.ceam.unb.br\/index.php\/producao\/","title":{"rendered":"Produ\u00e7\u00e3o"},"content":{"rendered":"\n<h5 class=\"kt-adv-heading_ad2b57-aa wp-block-kadence-advancedheading has-accent-2-color has-text-color\" data-kb-block=\"kb-adv-heading_ad2b57-aa\">PRODU\u00c7\u00c3O<\/h5>\n\n\n\n<div class=\"wp-block-kadence-spacer aligncenter kt-block-spacer-_59ac41-50\"><div class=\"kt-block-spacer kt-block-spacer-halign-center\" style=\"height:25px\"><\/div><\/div>\n\n\n\n<div class=\"wp-block-columns is-layout-flex wp-container-core-columns-is-layout-9d6595d7 wp-block-columns-is-layout-flex\">\n<div class=\"wp-block-column is-layout-flow wp-block-column-is-layout-flow\" style=\"--col-width:220px;flex-basis:220px\">\n<ul class=\"wp-block-list\">\n<li><\/li>\n\n\n\n<li><strong><a href=\"https:\/\/memoria.ceam.unb.br\/index.php\/producao\/publicacoes_ceam\/\">Publica\u00e7\u00f5es CEAM<\/a><\/strong><\/li>\n\n\n\n<li><a href=\"https:\/\/ceam.cdtc.unb.br\/index.php\/producao\/producao-nucleos-tematicos-2\/\" data-type=\"page\" data-id=\"1325\"><strong>N\u00facleos Tem\u00e1ticos<\/strong><\/a><\/li>\n\n\n\n<li><strong><a href=\"https:\/\/ceam.cdtc.unb.br\/index.php\/producao\/producao-pos-graduacao\/\" data-type=\"page\" data-id=\"2227\">Programas de P\u00f3s-Gradua\u00e7\u00e3o<\/a><\/strong><\/li>\n\n\n\n<li><strong>DESTACADOS PELOS N\u00daCLEOS <\/strong><\/li>\n\n\n\n<li><strong><a href=\"https:\/\/memoria.ceam.unb.br\/index.php\/producao\/producao-cursos\/\">Cursos<\/a><\/strong><\/li>\n\n\n\n<li><strong><a href=\"https:\/\/ceam.cdtc.unb.br\/index.php\/producao\/producao-eventos-2\/\" data-type=\"page\" data-id=\"2151\">Eventos<\/a><\/strong><\/li>\n\n\n\n<li><strong><a href=\"https:\/\/ceam.cdtc.unb.br\/index.php\/producao\/producao-projetos-de-extensao\/\" data-type=\"page\">Projetos de Extens\u00e3o<\/a><\/strong><\/li>\n\n\n\n<li><strong><a href=\"https:\/\/ceam.cdtc.unb.br\/index.php\/producao\/producao-projetos-de-pesquisa\/\" data-type=\"page\">Projetos de Pesquisa<\/a><\/strong><\/li>\n\n\n\n<li><a href=\"https:\/\/memoria.ceam.unb.br\/index.php\/producao\/producao-publicacoes-nucleos-ppgs\/\" data-type=\"page\" data-id=\"3282\"><strong>Publica\u00e7\u00f5es N\u00facleos<\/strong><\/a><\/li>\n<\/ul>\n<\/div>\n\n\n\n<div class=\"wp-block-column is-layout-flow wp-block-column-is-layout-flow\" style=\"--col-width:0px;flex-basis:0px\"><\/div>\n\n\n\n<div class=\"wp-block-column is-layout-flow wp-block-column-is-layout-flow\">\n<p> A produ\u00e7\u00e3o aqui elencada considera trabalhos cient\u00edficos resultantes de estudos realizados em torno de um recorte tem\u00e1tico. S\u00e3o produtos e subprodutos desse trabalho t\u00e9cnico: cursos, disciplinas, projetos de pesquisa, semin\u00e1rios, outros eventos acad\u00eamicos etc <\/p>\n\n\n\n<p>O conte\u00fado neste reposit\u00f3rio de modo nenhum aporta toda a produ\u00e7\u00e3o do Centro; trata-se antes de sele\u00e7\u00f5es pontuais, enviadas por N\u00facleos Tem\u00e1ticos e Programas, em resposta a um formul\u00e1rio de levantamento no \u00e2mbito do Projeto Reposit\u00f3rio de Mem\u00f3ria CEAM. Esse levantamento inicial de dados seguir\u00e1 em permanente complementa\u00e7\u00e3o, \u00e0 medida que mais N\u00facleos enviarem informa\u00e7\u00f5es de relev\u00e2ncia hist\u00f3rica para serem incorporadas ao Reposit\u00f3rio.  <\/p>\n<\/div>\n\n\n\n<div class=\"wp-block-column is-layout-flow wp-block-column-is-layout-flow\">\n<p>Os crit\u00e9rios deste levantamento passam por sele\u00e7\u00e3o interna nos N\u00facleos Tem\u00e1ticos, programas de p\u00f3s-gradua\u00e7\u00e3o e no pr\u00f3prio Ceam e s\u00e3o elencados pela relev\u00e2ncia atribu\u00edda, cabendo a cada equipe envolvida no projeto, a aplica\u00e7\u00e3o dos crit\u00e9rios de destaque. <\/p>\n\n\n\n<p><\/p>\n\n\n\n<p> Nesse momento inicial, os par\u00e2metros ser\u00e3o sempre relacionados ao N\u00facleo ou PPG e posteriormente, com o incremento de informa\u00e7\u00f5es, as pesquisas ser\u00e3o paulatinamente refinadas. <\/p>\n\n\n\n<p><\/p>\n<\/div>\n<\/div>\n\n\n\n<p style=\"font-size:12px\"><strong>Direito de uso (em conformidade com a Lei 9.610\/1998): <\/strong><em>Todo conte\u00fado deste reposit\u00f3rio representa e comp\u00f5e parte da hist\u00f3ria desta Institui\u00e7\u00e3o. \u00c9 produto resultante de estudos, pesquisas, levantamentos, organiza\u00e7\u00f5es, cursos etc.<\/em> <em>\u00c9 de livre acesso e est\u00e1 dispon\u00edvel como fonte de consulta e reprodu\u00e7\u00e3o para usos t\u00e9cnicos<strong>*<\/strong>. Est\u00e1 vedada qualquer tipo de altera\u00e7\u00e3o, parcial ou integral, em rela\u00e7\u00e3o ao conte\u00fado e forma originais, <strong>resguardados todos os direitos autorais, as fontes e titulares devem ser referenciados e atribu\u00eddos<\/strong>, assim como as vincula\u00e7\u00f5es institucionais: Universidade de Bras\u00edlia\/UnB, Centro de Estudos Avan\u00e7ados Multidisciplinares &#8211; CEAM\/UnB, N\u00facleo Tem\u00e1tico e Programa de p\u00f3s-gradua\u00e7\u00e3o\/CEAM<\/em>, <em>Arquivo Central\/UnB, Sistema AtoM<\/em>.<\/p>\n\n\n\n<p style=\"font-size:12px\"><strong>*<\/strong><em>Usos t\u00e9cnicos:<\/em><em> uso do material para fins acad\u00eamicos, cient\u00edficos, pesquisas, estudos, consultas diversas, cita\u00e7\u00f5es, refer\u00eancias bibliogr\u00e1ficas etc.<\/em><\/p>\n","protected":false},"excerpt":{"rendered":"<p>PRODU\u00c7\u00c3O A produ\u00e7\u00e3o aqui elencada considera \u2026 <\/p>\n","protected":false},"author":1,"featured_media":2184,"parent":0,"menu_order":0,"comment_status":"closed","ping_status":"closed","template":"","meta":{"footnotes":""},"class_list":["post-122","page","type-page","status-publish","has-post-thumbnail","hentry"],"_links":{"self":[{"href":"https:\/\/memoria.ceam.unb.br\/index.php\/wp-json\/wp\/v2\/pages\/122","targetHints":{"allow":["GET"]}}],"collection":[{"href":"https:\/\/memoria.ceam.unb.br\/index.php\/wp-json\/wp\/v2\/pages"}],"about":[{"href":"https:\/\/memoria.ceam.unb.br\/index.php\/wp-json\/wp\/v2\/types\/page"}],"author":[{"embeddable":true,"href":"https:\/\/memoria.ceam.unb.br\/index.php\/wp-json\/wp\/v2\/users\/1"}],"replies":[{"embeddable":true,"href":"https:\/\/memoria.ceam.unb.br\/index.php\/wp-json\/wp\/v2\/comments?post=122"}],"version-history":[{"count":101,"href":"https:\/\/memoria.ceam.unb.br\/index.php\/wp-json\/wp\/v2\/pages\/122\/revisions"}],"predecessor-version":[{"id":3214,"href":"https:\/\/memoria.ceam.unb.br\/index.php\/wp-json\/wp\/v2\/pages\/122\/revisions\/3214"}],"wp:featuredmedia":[{"embeddable":true,"href":"https:\/\/memoria.ceam.unb.br\/index.php\/wp-json\/wp\/v2\/media\/2184"}],"wp:attachment":[{"href":"https:\/\/memoria.ceam.unb.br\/index.php\/wp-json\/wp\/v2\/media?parent=122"}],"curies":[{"name":"wp","href":"https:\/\/api.w.org\/{rel}","templated":true}]}}