{"id":1275,"date":"2021-09-27T10:03:30","date_gmt":"2021-09-27T13:03:30","guid":{"rendered":"https:\/\/ceam.cdtc.unb.br\/index.php\/historias-cruzadas\/hcpg126-equipe-2\/"},"modified":"2021-09-27T10:18:34","modified_gmt":"2021-09-27T13:18:34","slug":"hcpg127-equipe","status":"publish","type":"page","link":"https:\/\/memoria.ceam.unb.br\/index.php\/historias-cruzadas\/hcpg127-equipe\/","title":{"rendered":"hcpg127-equipe"},"content":{"rendered":"\n<div class=\"wp-block-image\"><figure class=\"aligncenter size-large\"><img loading=\"lazy\" decoding=\"async\" width=\"1024\" height=\"27\" src=\"https:\/\/ceam.cdtc.unb.br\/wp-content\/uploads\/2021\/09\/cabecalho02_historias_cruzadas-1024x27.jpg\" alt=\"\" class=\"wp-image-554\"\/><\/figure><\/div>\n\n\n\n<p><\/p>\n\n\n<style id=\"kt-blocks_5b6886-49\">#kt-adv-heading_5b6886-49, #kt-adv-heading_5b6886-49 .wp-block-kadence-advancedheading, .wp-block-kadence-advancedheading.kt-adv-heading_5b6886-49[data-kb-block=\"kb-adv-heading_5b6886-49\"], .kadence-advanced-heading-wrapper .kt-adv-heading_5b6886-49[data-kb-block=\"kb-adv-heading_5b6886-49\"]{color:#167abe;}<\/style>\n<h5 class=\"kt-adv-heading_5b6886-49 wp-block-kadence-advancedheading\" data-kb-block=\"kb-adv-heading_5b6886-49\">Equipe do Projeto<\/h5>\n\n\n\n<div class=\"wp-block-kadence-spacer aligncenter kt-block-spacer-_315a61-ec\"><div class=\"kt-block-spacer kt-block-spacer-halign-center\" style=\"height:60px\"><\/div><\/div>\n\n\n\n<p><\/p>\n\n\n\n<div class=\"wp-block-media-text alignwide is-stacked-on-mobile\" style=\"grid-template-columns:20% auto\"><figure class=\"wp-block-media-text__media\"><img loading=\"lazy\" decoding=\"async\" width=\"300\" height=\"394\" src=\"https:\/\/ceam.cdtc.unb.br\/wp-content\/uploads\/2021\/09\/VivianeResende.png\" alt=\"\" class=\"wp-image-1247 size-full\"\/><\/figure><div class=\"wp-block-media-text__content\">\n<p class=\"has-large-font-size\"><strong>Viviane de Melo Resende<\/strong><\/p>\n\n\n\n<p style=\"font-size:11px\">A ideia inicial do projeto \u201cHist\u00f3rias Cruzadas: a universidade e a cidade\u201d veio de s\u00fabito durante a reuni\u00e3o em que, na Sala de Atos da Reitoria, apresentou-se o Edital UnB nos 60 anos de Bras\u00edlia. Ali escutando rascunhei a primeira ideia, que depois apresentei \u00e0 Leides com o apelo de \u201cvenha comigo\u201d. Por sorte ela aceitou, e se tornou a alma do projeto. A ideia inicial foi reformulada, ampliada, refinada. Outras pessoas se uniram a n\u00f3s formando a equipe que agora apresenta os frutos do trabalho. Sou grata.<\/p>\n\n\n\n<p style=\"font-size:11px\"><\/p>\n<\/div><\/div>\n\n\n\n<div class=\"wp-block-kadence-spacer aligncenter kt-block-spacer-_5ba342-93\"><div class=\"kt-block-spacer kt-block-spacer-halign-center\" style=\"height:60px\"><\/div><\/div>\n\n\n\n<div class=\"wp-block-media-text alignwide has-media-on-the-right is-stacked-on-mobile\" style=\"grid-template-columns:auto 20%\"><figure class=\"wp-block-media-text__media\"><img loading=\"lazy\" decoding=\"async\" width=\"300\" height=\"242\" src=\"https:\/\/ceam.cdtc.unb.br\/wp-content\/uploads\/2021\/09\/YaraMartinelli.png\" alt=\"\" class=\"wp-image-1248 size-full\"\/><\/figure><div class=\"wp-block-media-text__content\">\n<p class=\"has-large-font-size\"><strong>Yara Resende Marangoni Martinelli<\/strong><\/p>\n\n\n\n<p style=\"font-size:11px\">Participar de uma oficina de Escrita Criativa com Ana Vieira sempre \u00e9 \u00fanico. J\u00e1 tinha tido essa oportunidade uma vez antes, e quando fiquei sabendo do Projeto Hist\u00f3rias Cruzadas, guiado por uma equipe maravilhosa, com um prop\u00f3sito de grande import\u00e2ncia e direcionado pela escrita criativa de Ana, nem pensei duas vezes! E, pra variar, foi lindo. A capacidade de Ana de canalizar e direcionar, com leveza, a criatividade de todas que participam de suas din\u00e2micas e brincadeiras, \u00e9 sem d\u00favida, uma experi\u00eancia m\u00e1gica. Dicas e t\u00e9cnicas compartilhadas ao longo das corre\u00e7\u00f5es coletivas, para mim resultaram em muitas catarses sobre a maneira de escrever e pensar a escrita. No final, os resultados se manifestam em uma diversidade de estilos, prozas&#8230; e criam-se sempre produ\u00e7\u00f5es inesperadas, fortes e lindas! \u00c9 como m\u00e1gica mesmo. Fico muito feliz, grata e honrada por ter feito parte.<\/p>\n<\/div><\/div>\n\n\n\n<div class=\"wp-block-kadence-spacer aligncenter kt-block-spacer-_72481e-36\"><div class=\"kt-block-spacer kt-block-spacer-halign-center\" style=\"height:25px\"><hr class=\"kt-divider\" style=\"border-top-color:#eee;border-top-width:1px;width:80%;border-top-style:solid\"\/><\/div><\/div>\n\n\n\n<div class=\"wp-block-kadence-spacer aligncenter kt-block-spacer-_dfb72e-42\"><div class=\"kt-block-spacer kt-block-spacer-halign-center\" style=\"height:60px\"><hr class=\"kt-divider\" style=\"border-top-color:#eee;border-top-width:1px;width:80%;border-top-style:solid\"\/><\/div><\/div>\n\n\n\n<p><\/p>\n\n\n\n<div class=\"wp-block-columns is-layout-flex wp-container-core-columns-is-layout-9d6595d7 wp-block-columns-is-layout-flex\">\n<div class=\"wp-block-column is-layout-flow wp-block-column-is-layout-flow\" style=\"--col-width:25%;flex-basis:25%\"><style id=\"kt-blocks_879afe-f1\">.kt-svg-icons_879afe-f1 .kt-svg-item-0:hover .kt-svg-icon {color:#0F8B8D!important;}<\/style>\n<div class=\"wp-block-kadence-icon kt-svg-icons kt-svg-icons_879afe-f1 alignnone\" style=\"text-align:center\"><div class=\"kt-svg-style-default kt-svg-icon-wrap kt-svg-item-0\"><a href=\"https:\/\/ceam.cdtc.unb.br\/index.php\/historias-cruzadas\/hcpg126-equipe\/\" class=\"kt-svg-icon-link\"><div style=\"display:inline-flex;justify-content:center;align-items:center;color:#444444\" class=\"kt-svg-icon kt-svg-icon-fe_arrowLeftCircle\"><svg style=\"display:inline-block;vertical-align:middle\" viewbox=\"0 0 24 24\" height=\"50\" width=\"50\" fill=\"none\" stroke=\"currentColor\" xmlns=\"http:\/\/www.w3.org\/2000\/svg\" stroke-width=\"2\" stroke-linecap=\"round\" stroke-linejoin=\"round\"><title>P\u00e1gina anterior<\/title><circle cx=\"12\" cy=\"12\" r=\"10\"><\/circle><polyline points=\"12 8 8 12 12 16\"><\/polyline><line x1=\"16\" y1=\"12\" x2=\"8\" y2=\"12\"><\/line><\/svg><\/div><\/a><\/div><\/div>\n<\/div>\n\n\n\n<div class=\"wp-block-column is-layout-flow wp-block-column-is-layout-flow\" style=\"--col-width:50%;flex-basis:50%\"><\/div>\n\n\n\n<div class=\"wp-block-column is-layout-flow wp-block-column-is-layout-flow\" style=\"--col-width:25%;flex-basis:25%\"><style id=\"kt-blocks_5d7592-92\">.kt-svg-icons_5d7592-92 .kt-svg-item-0:hover .kt-svg-icon {color:#0F8B8D!important;}<\/style>\n<div class=\"wp-block-kadence-icon kt-svg-icons kt-svg-icons_5d7592-92 alignnone\" style=\"text-align:center\"><div class=\"kt-svg-style-default kt-svg-icon-wrap kt-svg-item-0\"><a href=\"https:\/\/ceam.cdtc.unb.br\/index.php\/historias-cruzadas\/hcpg128-ilustra5\/\" class=\"kt-svg-icon-link\"><div style=\"display:inline-flex;justify-content:center;align-items:center;color:#444444\" class=\"kt-svg-icon kt-svg-icon-fe_arrowRightCircle\"><svg style=\"display:inline-block;vertical-align:middle\" viewbox=\"0 0 24 24\" height=\"50\" width=\"50\" fill=\"none\" stroke=\"currentColor\" xmlns=\"http:\/\/www.w3.org\/2000\/svg\" stroke-width=\"2\" stroke-linecap=\"round\" stroke-linejoin=\"round\" aria-hidden=\"true\"><circle cx=\"12\" cy=\"12\" r=\"10\"><\/circle><polyline points=\"12 16 16 12 12 8\"><\/polyline><line x1=\"8\" y1=\"12\" x2=\"16\" y2=\"12\"><\/line><\/svg><\/div><\/a><\/div><\/div>\n<\/div>\n<\/div>\n\n\n\n<p><\/p>\n","protected":false},"excerpt":{"rendered":"<p>Equipe do Projeto Viviane de Melo \u2026 <\/p>\n","protected":false},"author":2,"featured_media":0,"parent":77,"menu_order":0,"comment_status":"closed","ping_status":"closed","template":"","meta":{"footnotes":""},"class_list":["post-1275","page","type-page","status-publish","hentry"],"_links":{"self":[{"href":"https:\/\/memoria.ceam.unb.br\/index.php\/wp-json\/wp\/v2\/pages\/1275","targetHints":{"allow":["GET"]}}],"collection":[{"href":"https:\/\/memoria.ceam.unb.br\/index.php\/wp-json\/wp\/v2\/pages"}],"about":[{"href":"https:\/\/memoria.ceam.unb.br\/index.php\/wp-json\/wp\/v2\/types\/page"}],"author":[{"embeddable":true,"href":"https:\/\/memoria.ceam.unb.br\/index.php\/wp-json\/wp\/v2\/users\/2"}],"replies":[{"embeddable":true,"href":"https:\/\/memoria.ceam.unb.br\/index.php\/wp-json\/wp\/v2\/comments?post=1275"}],"version-history":[{"count":3,"href":"https:\/\/memoria.ceam.unb.br\/index.php\/wp-json\/wp\/v2\/pages\/1275\/revisions"}],"predecessor-version":[{"id":1294,"href":"https:\/\/memoria.ceam.unb.br\/index.php\/wp-json\/wp\/v2\/pages\/1275\/revisions\/1294"}],"up":[{"embeddable":true,"href":"https:\/\/memoria.ceam.unb.br\/index.php\/wp-json\/wp\/v2\/pages\/77"}],"wp:attachment":[{"href":"https:\/\/memoria.ceam.unb.br\/index.php\/wp-json\/wp\/v2\/media?parent=1275"}],"curies":[{"name":"wp","href":"https:\/\/api.w.org\/{rel}","templated":true}]}}