{"id":1325,"date":"2021-09-29T14:48:48","date_gmt":"2021-09-29T17:48:48","guid":{"rendered":"https:\/\/ceam.cdtc.unb.br\/?page_id=1325"},"modified":"2022-02-25T14:10:13","modified_gmt":"2022-02-25T17:10:13","slug":"producao-nucleos-tematicos-2","status":"publish","type":"page","link":"https:\/\/memoria.ceam.unb.br\/index.php\/producao\/producao-nucleos-tematicos-2\/","title":{"rendered":"Produ\u00e7\u00e3o &#8211; N\u00facleos Tem\u00e1ticos"},"content":{"rendered":"\n<h5 class=\"kt-adv-heading_ff70a1-ad wp-block-kadence-advancedheading has-accent-2-color has-text-color\" data-kb-block=\"kb-adv-heading_ff70a1-ad\">Produ\u00e7\u00e3o &#8211; N\u00daCLEOS TEM\u00c1TICOS<\/h5>\n\n\n\n<div class=\"wp-block-kadence-spacer aligncenter kt-block-spacer-_52783f-0a\"><div class=\"kt-block-spacer kt-block-spacer-halign-center\" style=\"height:25px\"><\/div><\/div>\n\n\n\n<div class=\"wp-block-columns is-layout-flex wp-container-core-columns-is-layout-9d6595d7 wp-block-columns-is-layout-flex\">\n<div class=\"wp-block-column is-layout-flow wp-block-column-is-layout-flow\" style=\"--col-width:200px;flex-basis:200px\">\n<ul class=\"wp-block-list\">\n<li><\/li>\n\n\n\n<li><strong><a href=\"https:\/\/memoria.ceam.unb.br\/index.php\/producao\/publicacoes_ceam\/\">Publica\u00e7\u00f5es CEAM<\/a><\/strong><\/li>\n\n\n\n<li><a href=\"https:\/\/ceam.cdtc.unb.br\/index.php\/producao\/producao-nucleos-tematicos-2\/\" data-type=\"page\" data-id=\"1325\"><strong>N\u00facleos Tem\u00e1ticos<\/strong><\/a><\/li>\n\n\n\n<li><strong><a href=\"https:\/\/ceam.cdtc.unb.br\/index.php\/producao\/producao-pos-graduacao\/\" data-type=\"page\" data-id=\"2227\">Programas de P\u00f3s-Gradua\u00e7\u00e3o<\/a><\/strong><\/li>\n\n\n\n<li><strong>DESTACADOS PELOS N\u00daCLEOS <\/strong><\/li>\n\n\n\n<li><strong><a href=\"https:\/\/memoria.ceam.unb.br\/index.php\/producao\/producao-cursos\/\">Cursos<\/a><\/strong><\/li>\n\n\n\n<li><strong><a href=\"https:\/\/ceam.cdtc.unb.br\/index.php\/producao\/producao-eventos-2\/\" data-type=\"page\" data-id=\"2151\">Eventos<\/a><\/strong><\/li>\n\n\n\n<li><strong><a href=\"https:\/\/ceam.cdtc.unb.br\/index.php\/producao\/producao-projetos-de-extensao\/\" data-type=\"page\">Projetos de Extens\u00e3o<\/a><\/strong><\/li>\n\n\n\n<li><strong><a href=\"https:\/\/ceam.cdtc.unb.br\/index.php\/producao\/producao-projetos-de-pesquisa\/\" data-type=\"page\">Projetos de Pesquisa<\/a><\/strong><\/li>\n\n\n\n<li><a href=\"https:\/\/memoria.ceam.unb.br\/index.php\/producao\/producao-publicacoes-nucleos-ppgs\/\" data-type=\"page\" data-id=\"3282\"><strong>Publica\u00e7\u00f5es N\u00facleos<\/strong><\/a><\/li>\n<\/ul>\n<\/div>\n\n\n\n<div class=\"wp-block-column is-layout-flow wp-block-column-is-layout-flow\" style=\"--col-width:66.66%;flex-basis:66.66%\">\n<div class=\"wp-block-group\"><div class=\"wp-block-group__inner-container is-layout-flow wp-block-group-is-layout-flow\"><style id=\"kt-blocks_68fe50-64\">.kb-posts-id-_68fe50-64 .entry.loop-entry .entry-header .entry-title{font-size:16px;}<\/style><div class=\"wp-block-kadence-posts kb-posts kb-posts-id-_68fe50-64 content-wrap grid-cols kb-posts-style-unboxed grid-sm-col-3 grid-lg-col-3 item-image-style-above\"><article class=\"entry content-bg loop-entry kb-post-no-image post-3247 post type-post status-publish format-standard hentry category-nucleos category-sem-categoria tag-nt-004\">\n\t\t<div class=\"entry-content-wrap\">\n\t\t<header class=\"entry-header\">\n\t<h5 class=\"entry-title\"><a href=\"https:\/\/memoria.ceam.unb.br\/index.php\/2022\/02\/24\/necla\/\" rel=\"bookmark\">NECLA<\/a><\/h5>\t<div class=\"entry-meta entry-meta-divider-dot\">\n\t\t<\/div><!-- .entry-meta -->\n\t<\/header><!-- .entry-header -->\n\t<div class=\"entry-summary\">\n\t\t<p>Nome: N\u00facleo de Estudos Caribenhos e \u2026 <\/p>\n\t<\/div><!-- .entry-summary -->\n\t<footer class=\"entry-footer\">\n\t<\/footer><!-- .entry-footer -->\t<\/div>\n<\/article>\n<article class=\"entry content-bg loop-entry kb-post-no-image post-1401 post type-post status-publish format-standard hentry category-nucleos category-sem-categoria tag-nt-001\">\n\t\t<div class=\"entry-content-wrap\">\n\t\t<header class=\"entry-header\">\n\t<h5 class=\"entry-title\"><a href=\"https:\/\/memoria.ceam.unb.br\/index.php\/2021\/10\/01\/nelis-nt-001\/\" rel=\"bookmark\">NELiS<\/a><\/h5>\t<div class=\"entry-meta entry-meta-divider-dot\">\n\t\t<\/div><!-- .entry-meta -->\n\t<\/header><!-- .entry-header -->\n\t<div class=\"entry-summary\">\n\t\t<p>Nome: N\u00facleo de Estudos de Linguagem \u2026 <\/p>\n\t<\/div><!-- .entry-summary -->\n\t<footer class=\"entry-footer\">\n\t<\/footer><!-- .entry-footer -->\t<\/div>\n<\/article>\n<article class=\"entry content-bg loop-entry kb-post-no-image post-1326 post type-post status-publish format-standard hentry category-nucleos category-sem-categoria tag-nt-002\">\n\t\t<div class=\"entry-content-wrap\">\n\t\t<header class=\"entry-header\">\n\t<h5 class=\"entry-title\"><a href=\"https:\/\/memoria.ceam.unb.br\/index.php\/2021\/09\/29\/nem-nt-002\/\" rel=\"bookmark\">NEM<\/a><\/h5>\t<div class=\"entry-meta entry-meta-divider-dot\">\n\t\t<\/div><!-- .entry-meta -->\n\t<\/header><!-- .entry-header -->\n\t<div class=\"entry-summary\">\n\t\t<p>Nome: N\u00facleo de Estudos do Mercosul\/NEM \u2026 <\/p>\n\t<\/div><!-- .entry-summary -->\n\t<footer class=\"entry-footer\">\n\t<\/footer><!-- .entry-footer -->\t<\/div>\n<\/article>\n<article class=\"entry content-bg loop-entry kb-post-no-image post-3250 post type-post status-publish format-standard hentry category-nucleos category-sem-categoria tag-nt-005\">\n\t\t<div class=\"entry-content-wrap\">\n\t\t<header class=\"entry-header\">\n\t<h5 class=\"entry-title\"><a href=\"https:\/\/memoria.ceam.unb.br\/index.php\/2022\/02\/24\/nep\/\" rel=\"bookmark\">NEP<\/a><\/h5>\t<div class=\"entry-meta entry-meta-divider-dot\">\n\t\t<\/div><!-- .entry-meta -->\n\t<\/header><!-- .entry-header -->\n\t<div class=\"entry-summary\">\n\t\t<p>Nome: N\u00facleo de Estudos para Paz \u2026 <\/p>\n\t<\/div><!-- .entry-summary -->\n\t<footer class=\"entry-footer\">\n\t<\/footer><!-- .entry-footer -->\t<\/div>\n<\/article>\n<article class=\"entry content-bg loop-entry kb-post-no-image post-3231 post type-post status-publish format-standard hentry category-nucleos category-sem-categoria tag-nt-006\">\n\t\t<div class=\"entry-content-wrap\">\n\t\t<header class=\"entry-header\">\n\t<h5 class=\"entry-title\"><a href=\"https:\/\/memoria.ceam.unb.br\/index.php\/2022\/02\/24\/nescuba\/\" rel=\"bookmark\">NESCUBA<\/a><\/h5>\t<div class=\"entry-meta entry-meta-divider-dot\">\n\t\t<\/div><!-- .entry-meta -->\n\t<\/header><!-- .entry-header -->\n\t<div class=\"entry-summary\">\n\t\t<p>Nome: N\u00facleo de Estudos Cubanos ID: \u2026 <\/p>\n\t<\/div><!-- .entry-summary -->\n\t<footer class=\"entry-footer\">\n\t<\/footer><!-- .entry-footer -->\t<\/div>\n<\/article>\n<article class=\"entry content-bg loop-entry kb-post-no-image post-2372 post type-post status-publish format-standard hentry category-nucleos category-sem-categoria tag-nt-003\">\n\t\t<div class=\"entry-content-wrap\">\n\t\t<header class=\"entry-header\">\n\t<h5 class=\"entry-title\"><a href=\"https:\/\/memoria.ceam.unb.br\/index.php\/2022\/01\/11\/nesprom-nt-003\/\" rel=\"bookmark\">NESPROM<\/a><\/h5>\t<div class=\"entry-meta entry-meta-divider-dot\">\n\t\t<\/div><!-- .entry-meta -->\n\t<\/header><!-- .entry-header -->\n\t<div class=\"entry-summary\">\n\t\t<p>Nome: N\u00facleo de Estudos em Educa\u00e7\u00e3o \u2026 <\/p>\n\t<\/div><!-- .entry-summary -->\n\t<footer class=\"entry-footer\">\n\t<\/footer><!-- .entry-footer -->\t<\/div>\n<\/article>\n<article class=\"entry content-bg loop-entry kb-post-no-image post-3241 post type-post status-publish format-standard hentry category-nucleos category-sem-categoria tag-nt-007\">\n\t\t<div class=\"entry-content-wrap\">\n\t\t<header class=\"entry-header\">\n\t<h5 class=\"entry-title\"><a href=\"https:\/\/memoria.ceam.unb.br\/index.php\/2022\/02\/24\/neur\/\" rel=\"bookmark\">NEUR<\/a><\/h5>\t<div class=\"entry-meta entry-meta-divider-dot\">\n\t\t<\/div><!-- .entry-meta -->\n\t<\/header><!-- .entry-header -->\n\t<div class=\"entry-summary\">\n\t\t<p>Nome: N\u00facleo de Estudos Urbanos Regionais \u2026 <\/p>\n\t<\/div><!-- .entry-summary -->\n\t<footer class=\"entry-footer\">\n\t<\/footer><!-- .entry-footer -->\t<\/div>\n<\/article>\n<\/div><\/div><\/div>\n<\/div>\n<\/div>\n","protected":false},"excerpt":{"rendered":"<p>Produ\u00e7\u00e3o &#8211; N\u00daCLEOS TEM\u00c1TICOS<\/p>\n","protected":false},"author":2,"featured_media":0,"parent":122,"menu_order":0,"comment_status":"closed","ping_status":"closed","template":"","meta":{"footnotes":""},"class_list":["post-1325","page","type-page","status-publish","hentry"],"_links":{"self":[{"href":"https:\/\/memoria.ceam.unb.br\/index.php\/wp-json\/wp\/v2\/pages\/1325","targetHints":{"allow":["GET"]}}],"collection":[{"href":"https:\/\/memoria.ceam.unb.br\/index.php\/wp-json\/wp\/v2\/pages"}],"about":[{"href":"https:\/\/memoria.ceam.unb.br\/index.php\/wp-json\/wp\/v2\/types\/page"}],"author":[{"embeddable":true,"href":"https:\/\/memoria.ceam.unb.br\/index.php\/wp-json\/wp\/v2\/users\/2"}],"replies":[{"embeddable":true,"href":"https:\/\/memoria.ceam.unb.br\/index.php\/wp-json\/wp\/v2\/comments?post=1325"}],"version-history":[{"count":38,"href":"https:\/\/memoria.ceam.unb.br\/index.php\/wp-json\/wp\/v2\/pages\/1325\/revisions"}],"predecessor-version":[{"id":3259,"href":"https:\/\/memoria.ceam.unb.br\/index.php\/wp-json\/wp\/v2\/pages\/1325\/revisions\/3259"}],"up":[{"embeddable":true,"href":"https:\/\/memoria.ceam.unb.br\/index.php\/wp-json\/wp\/v2\/pages\/122"}],"wp:attachment":[{"href":"https:\/\/memoria.ceam.unb.br\/index.php\/wp-json\/wp\/v2\/media?parent=1325"}],"curies":[{"name":"wp","href":"https:\/\/api.w.org\/{rel}","templated":true}]}}