{"id":1530,"date":"2021-10-04T15:47:02","date_gmt":"2021-10-04T18:47:02","guid":{"rendered":"https:\/\/ceam.cdtc.unb.br\/index.php\/memoria-3\/"},"modified":"2022-02-25T14:20:51","modified_gmt":"2022-02-25T17:20:51","slug":"memoria-impressos-cartazes-2","status":"publish","type":"page","link":"https:\/\/memoria.ceam.unb.br\/index.php\/memoria_ceam\/memoria-impressos-cartazes-2\/","title":{"rendered":"Mem\u00f3ria &#8211; Impressos &#8211; Publica\u00e7\u00f5es"},"content":{"rendered":"\n<h5 class=\"kt-adv-heading_93eb20-60 wp-block-kadence-advancedheading has-accent-2-color has-text-color\" data-kb-block=\"kb-adv-heading_93eb20-60\">MEM\u00d3RIA DO CEAM &#8211; IMPRESSOS PUBLICA\u00c7\u00d5ES<\/h5>\n\n\n\n<div class=\"wp-block-kadence-spacer aligncenter kt-block-spacer-_3d53ad-e0\"><div class=\"kt-block-spacer kt-block-spacer-halign-center\" style=\"height:25px\"><\/div><\/div>\n\n\n\n<p>Aqui reproduzimos as imagens de capa de algumas das in\u00fameras publica\u00e7\u00f5es produzidas pelo CEAM desde sua cria\u00e7\u00e3o. Destaque para o primeiro n\u00famero da Revista do CEAM (2000) e para um dos primeiros relat\u00f3rios de atividades produzido por este Centro (1988). <\/p>\n\n\n\n<div class=\"wp-block-kadence-spacer aligncenter kt-block-spacer-_a37bdb-ec\"><div class=\"kt-block-spacer kt-block-spacer-halign-center\" style=\"height:25px\"><\/div><\/div>\n\n\n\n<div class=\"wp-block-columns is-layout-flex wp-container-core-columns-is-layout-9d6595d7 wp-block-columns-is-layout-flex\">\n<div class=\"wp-block-column is-layout-flow wp-block-column-is-layout-flow\" style=\"--col-width:200px;flex-basis:200px\">\n<p class=\"has-small-font-size\"> <\/p>\n\n\n\n<ul id=\"block-781df1fc-e8a9-49cd-b102-3a0fd04bbcd1\" class=\"is-style-tw-border-inner wp-block-list\" style=\"font-size:13px\"><li><\/li><li><strong><a href=\"https:\/\/memoria.ceam.unb.br\/index.php\/memoria_ceam\/memoria-documentos-historicos\/\">Documentos hist\u00f3ricos<\/a><\/strong><\/li><li><strong><a href=\"https:\/\/memoria.ceam.unb.br\/index.php\/memoria_ceam\/memoria-fotos-historicas\/\">Fotos hist\u00f3ricas<\/a><\/strong><\/li><li><strong>MEM\u00d3RIA &#8211; IMPRESSOS<\/strong><ul><li><strong><a href=\"https:\/\/memoria.ceam.unb.br\/index.php\/memoria_ceam\/memoria-impressos-cartazes\/\">Cartazes e posters<\/a><\/strong><\/li><li><strong><a href=\"https:\/\/memoria.ceam.unb.br\/index.php\/memoria_ceam\/memoria-impressos-cartazes-2\/\">Publica\u00e7\u00f5es<\/a> <\/strong><\/li><\/ul><\/li><li><strong>MEM\u00d3RIA &#8211; PROJETO<\/strong><ul><li><strong><a href=\"https:\/\/memoria.ceam.unb.br\/index.php\/memoria_ceam\/memoria-fotos-projeto-documentario\/\">Fotos Projeto Mem\u00f3ria<\/a><\/strong><\/li><li><strong><a href=\"https:\/\/memoria.ceam.unb.br\/index.php\/memoria_ceam\/memoria-documentario\/\">V\u00eddeo document\u00e1rio<\/a><\/strong><\/li><\/ul><\/li><li><a href=\"https:\/\/ceam.cdtc.unb.br\/index.php\/memoria_ceam\/memoria-profs-emeritos-ceam\/\"><strong>Em\u00e9ritos CEAM<\/strong><\/a><\/li><li><a href=\"https:\/\/ceam.cdtc.unb.br\/index.php\/memoria_ceam\/memoria-seminario-35-anos-ceam\/\"><strong>Semin\u00e1rio 35 anos CEAM<\/strong><\/a><\/li><li><\/li><\/ul>\n\n\n\n<div class=\"wp-block-kadence-spacer aligncenter kt-block-spacer-_f202ab-a6\"><div class=\"kt-block-spacer kt-block-spacer-halign-center\" style=\"height:60px\"><hr class=\"kt-divider\" style=\"border-top-color:#eee;border-top-width:1px;width:80%;border-top-style:solid\"\/><\/div><\/div>\n<\/div>\n\n\n\n<div class=\"wp-block-column is-layout-flow wp-block-column-is-layout-flow\"><\/div>\n\n\n\n<div class=\"wp-block-column is-layout-flow wp-block-column-is-layout-flow\" style=\"--col-width:66.66%;flex-basis:66.66%\"><style id=\"kt-blocks_cc25e0-d5\">.wp-block-kadence-advancedgallery.kb-gallery-wrap-id-_cc25e0-d5 {overflow: visible;}.wp-block-kadence-advancedgallery ul.kb-gallery-id-_cc25e0-d5 {margin: -15px;}.kb-gallery-id-_cc25e0-d5 .kadence-blocks-gallery-item {padding:15px;}.kb-gallery-type-carousel.kb-gallery-id-_cc25e0-d5 .kt-blocks-carousel .kt-blocks-carousel-init {margin: 0 -15px;}.kb-gallery-type-carousel.kb-gallery-id-_cc25e0-d5 .kt-blocks-carousel .kt-blocks-carousel-init .kb-slide-item, .kb-gallery-type-fluidcarousel.kb-gallery-id-_cc25e0-d5 .kt-blocks-carousel .kt-blocks-carousel-init .kb-slide-item, .kb-gallery-type-carousel .kt-blocks-carousel-init:not(.slick-initialized) .kb-slide-item {padding: 4px 15px;}.kb-gallery-type-fluidcarousel.kb-gallery-id-_cc25e0-d5 .kt-blocks-carousel .kt-blocks-carousel-init.kb-carousel-mode-align-left .kb-slide-item {padding: 4px 30px 4px 0;}.kb-gallery-type-carousel.kb-gallery-id-_cc25e0-d5 .kt-blocks-carousel .kt-blocks-carousel-init .slick-prev {left:15px;}.kb-gallery-type-carousel.kb-gallery-id-_cc25e0-d5 .kt-blocks-carousel .kt-blocks-carousel-init .slick-next {right:15px;}.kb-gallery-id-_cc25e0-d5 .kadence-blocks-gallery-item .kb-gal-image-radius {border-radius: 5px 5px 5px 5px;}.wp-block-kadence-advancedgallery.kb-gallery-wrap-id-_cc25e0-d5 {overflow:visible;}.kb-gallery-id-_cc25e0-d5 .kadence-blocks-gallery-item .kb-gal-image-radius {box-shadow:4px 2px 14px 0px rgba(0, 0, 0, 0.2);}.kb-gallery-id-_cc25e0-d5 .kadence-blocks-gallery-item:hover .kb-gal-image-radius {box-shadow:4px 2px 14px 0px rgba(0,0,0,0.2);}.kb-gallery-id-_cc25e0-d5 .kadence-blocks-gallery-item .kadence-blocks-gallery-item-inner .kadence-blocks-gallery-item__caption {color:#fafafa;background:linear-gradient( 0deg, rgba(0, 0, 0, 0.5) 0, rgba(0, 0, 0, 0) 100% );}.kb-gallery-caption-style-cover-hover.kb-gallery-id-_cc25e0-d5 .kadence-blocks-gallery-item .kadence-blocks-gallery-item-inner .kadence-blocks-gallery-item__caption, .kb-gallery-caption-style-below.kb-gallery-id-_cc25e0-d5 .kadence-blocks-gallery-item .kadence-blocks-gallery-item-inner .kadence-blocks-gallery-item__caption {background:rgba(0, 0, 0, 0.5);}<\/style>\n<div class=\"wp-block-kadence-advancedgallery kb-gallery-wrap-id-_cc25e0-d5\"><ul class=\"kb-gallery-ul kb-gallery-type-grid kb-mobile-force-hover kb-gallery-id-_cc25e0-d5 kb-gallery-caption-style-bottom-hover kb-gallery-filter-none kb-gallery-magnific-init\" data-item-selector=\".kadence-blocks-gallery-item\" data-image-filter=\"none\" data-lightbox-caption=\"true\" data-columns-xxl=\"3\" data-columns-xl=\"3\" data-columns-lg=\"3\" data-columns-md=\"2\" data-columns-sm=\"1\" data-columns-xs=\"1\"><li class=\"kadence-blocks-gallery-item\"><div class=\"kadence-blocks-gallery-item-inner\"><figure class=\"kb-gallery-figure kb-gallery-item-has-link kadence-blocks-gallery-item-has-caption kb-has-image-ratio-port34\"><a href=\"https:\/\/ceam.cdtc.unb.br\/wp-content\/uploads\/2021\/10\/revistaCeam_ano1_num1.jpg\" class=\"kb-gallery-item-link\"><div class=\"kb-gal-image-radius\"><div class=\"kb-gallery-image-contain kadence-blocks-gallery-intrinsic kb-gallery-image-ratio-port34\"><img loading=\"lazy\" decoding=\"async\" src=\"https:\/\/ceam.cdtc.unb.br\/wp-content\/uploads\/2021\/10\/revistaCeam_ano1_num1-221x300.jpg\" width=\"221\" height=\"300\" alt=\"\" data-full-image=\"https:\/\/ceam.cdtc.unb.br\/wp-content\/uploads\/2021\/10\/revistaCeam_ano1_num1.jpg\" data-light-image=\"https:\/\/ceam.cdtc.unb.br\/wp-content\/uploads\/2021\/10\/revistaCeam_ano1_num1.jpg\" data-id=\"1584\" data-link=\"https:\/\/ceam.cdtc.unb.br\/revistaceam_ano1_num1\/\" class=\"wp-image-1584undefined\"\/><\/div><div class=\"kadence-blocks-gallery-item__caption\">Revista do Ceam V.1 N.1 &#8211; 2000<\/div><\/div><\/a><\/figure><\/div><\/li><li class=\"kadence-blocks-gallery-item\"><div class=\"kadence-blocks-gallery-item-inner\"><figure class=\"kb-gallery-figure kb-gallery-item-has-link kadence-blocks-gallery-item-has-caption kb-has-image-ratio-port34\"><a href=\"https:\/\/ceam.cdtc.unb.br\/wp-content\/uploads\/2021\/10\/revista_do_ceam_capa_V3n1_2015.jpg\" class=\"kb-gallery-item-link\"><div class=\"kb-gal-image-radius\"><div class=\"kb-gallery-image-contain kadence-blocks-gallery-intrinsic kb-gallery-image-ratio-port34\"><img loading=\"lazy\" decoding=\"async\" src=\"https:\/\/ceam.cdtc.unb.br\/wp-content\/uploads\/2021\/10\/revista_do_ceam_capa_V3n1_2015-300x205.jpg\" width=\"300\" height=\"205\" alt=\"\" data-full-image=\"https:\/\/ceam.cdtc.unb.br\/wp-content\/uploads\/2021\/10\/revista_do_ceam_capa_V3n1_2015.jpg\" data-light-image=\"https:\/\/ceam.cdtc.unb.br\/wp-content\/uploads\/2021\/10\/revista_do_ceam_capa_V3n1_2015.jpg\" data-id=\"1583\" data-link=\"https:\/\/ceam.cdtc.unb.br\/revista_do_ceam_capa_v3n1_2015\/\" class=\"wp-image-1583undefined\"\/><\/div><div class=\"kadence-blocks-gallery-item__caption\">revista_do_ceam_capa_V3n1_2015<\/div><\/div><\/a><\/figure><\/div><\/li><li class=\"kadence-blocks-gallery-item\"><div class=\"kadence-blocks-gallery-item-inner\"><figure class=\"kb-gallery-figure kb-gallery-item-has-link kadence-blocks-gallery-item-has-caption kb-has-image-ratio-port34\"><a href=\"https:\/\/ceam.cdtc.unb.br\/wp-content\/uploads\/2021\/10\/relat_atividades1988.jpg\" class=\"kb-gallery-item-link\"><div class=\"kb-gal-image-radius\"><div class=\"kb-gallery-image-contain kadence-blocks-gallery-intrinsic kb-gallery-image-ratio-port34\"><img loading=\"lazy\" decoding=\"async\" src=\"https:\/\/ceam.cdtc.unb.br\/wp-content\/uploads\/2021\/10\/relat_atividades1988-236x300.jpg\" width=\"236\" height=\"300\" alt=\"\" data-full-image=\"https:\/\/ceam.cdtc.unb.br\/wp-content\/uploads\/2021\/10\/relat_atividades1988.jpg\" data-light-image=\"https:\/\/ceam.cdtc.unb.br\/wp-content\/uploads\/2021\/10\/relat_atividades1988.jpg\" data-id=\"1581\" data-link=\"https:\/\/ceam.cdtc.unb.br\/relat_atividades1988\/\" class=\"wp-image-1581undefined\"\/><\/div><div class=\"kadence-blocks-gallery-item__caption\">Relat\u00f3rio de Atividades CEAM 1988<\/div><\/div><\/a><\/figure><\/div><\/li><li class=\"kadence-blocks-gallery-item\"><div class=\"kadence-blocks-gallery-item-inner\"><figure class=\"kb-gallery-figure kb-gallery-item-has-link kadence-blocks-gallery-item-has-caption kb-has-image-ratio-port34\"><a href=\"https:\/\/ceam.cdtc.unb.br\/wp-content\/uploads\/2021\/10\/revista_CM_NP3.jpg\" class=\"kb-gallery-item-link\"><div class=\"kb-gal-image-radius\"><div class=\"kb-gallery-image-contain kadence-blocks-gallery-intrinsic kb-gallery-image-ratio-port34\"><img loading=\"lazy\" decoding=\"async\" src=\"https:\/\/ceam.cdtc.unb.br\/wp-content\/uploads\/2021\/10\/revista_CM_NP3-232x300.jpg\" width=\"232\" height=\"300\" alt=\"\" data-full-image=\"https:\/\/ceam.cdtc.unb.br\/wp-content\/uploads\/2021\/10\/revista_CM_NP3.jpg\" data-light-image=\"https:\/\/ceam.cdtc.unb.br\/wp-content\/uploads\/2021\/10\/revista_CM_NP3.jpg\" data-id=\"1582\" data-link=\"https:\/\/ceam.cdtc.unb.br\/revista_cm_np3\/\" class=\"wp-image-1582undefined\"\/><\/div><div class=\"kadence-blocks-gallery-item__caption\">revista_CM_NP3<\/div><\/div><\/a><\/figure><\/div><\/li><li class=\"kadence-blocks-gallery-item\"><div class=\"kadence-blocks-gallery-item-inner\"><figure class=\"kb-gallery-figure kb-gallery-item-has-link kadence-blocks-gallery-item-has-caption kb-has-image-ratio-port34\"><a href=\"https:\/\/ceam.cdtc.unb.br\/wp-content\/uploads\/2021\/10\/publicacoes.jpg\" class=\"kb-gallery-item-link\"><div class=\"kb-gal-image-radius\"><div class=\"kb-gallery-image-contain kadence-blocks-gallery-intrinsic kb-gallery-image-ratio-port34\"><img loading=\"lazy\" decoding=\"async\" src=\"https:\/\/ceam.cdtc.unb.br\/wp-content\/uploads\/2021\/10\/publicacoes-220x300.jpg\" width=\"220\" height=\"300\" alt=\"\" data-full-image=\"https:\/\/ceam.cdtc.unb.br\/wp-content\/uploads\/2021\/10\/publicacoes.jpg\" data-light-image=\"https:\/\/ceam.cdtc.unb.br\/wp-content\/uploads\/2021\/10\/publicacoes.jpg\" data-id=\"1563\" data-link=\"https:\/\/ceam.cdtc.unb.br\/publicacoes-2\/\" class=\"wp-image-1563undefined\"\/><\/div><div class=\"kadence-blocks-gallery-item__caption\">Poster Publica\u00e7\u00f5es CEAM &#8211; V\u00e1rias<\/div><\/div><\/a><\/figure><\/div><\/li><li class=\"kadence-blocks-gallery-item\"><div class=\"kadence-blocks-gallery-item-inner\"><figure class=\"kb-gallery-figure kb-gallery-item-has-link kadence-blocks-gallery-item-has-caption kb-has-image-ratio-port34\"><a href=\"https:\/\/ceam.cdtc.unb.br\/wp-content\/uploads\/2021\/10\/cadernosCeam.jpg\" class=\"kb-gallery-item-link\"><div class=\"kb-gal-image-radius\"><div class=\"kb-gallery-image-contain kadence-blocks-gallery-intrinsic kb-gallery-image-ratio-port34\"><img loading=\"lazy\" decoding=\"async\" src=\"https:\/\/ceam.cdtc.unb.br\/wp-content\/uploads\/2021\/10\/cadernosCeam-272x300.jpg\" width=\"272\" height=\"300\" alt=\"\" data-full-image=\"https:\/\/ceam.cdtc.unb.br\/wp-content\/uploads\/2021\/10\/cadernosCeam.jpg\" data-light-image=\"https:\/\/ceam.cdtc.unb.br\/wp-content\/uploads\/2021\/10\/cadernosCeam.jpg\" data-id=\"1570\" data-link=\"https:\/\/ceam.cdtc.unb.br\/cadernosceam\/\" class=\"wp-image-1570undefined\"\/><\/div><div class=\"kadence-blocks-gallery-item__caption\">Cadernos do CEAM<\/div><\/div><\/a><\/figure><\/div><\/li><li class=\"kadence-blocks-gallery-item\"><div class=\"kadence-blocks-gallery-item-inner\"><figure class=\"kb-gallery-figure kb-gallery-item-has-link kadence-blocks-gallery-item-has-caption kb-has-image-ratio-port34\"><a href=\"https:\/\/ceam.cdtc.unb.br\/wp-content\/uploads\/2021\/10\/cadernos_linguagem_e_sociedade_Nelis.jpg\" class=\"kb-gallery-item-link\"><div class=\"kb-gal-image-radius\"><div class=\"kb-gallery-image-contain kadence-blocks-gallery-intrinsic kb-gallery-image-ratio-port34\"><img loading=\"lazy\" decoding=\"async\" src=\"https:\/\/ceam.cdtc.unb.br\/wp-content\/uploads\/2021\/10\/cadernos_linguagem_e_sociedade_Nelis-300x296.jpg\" width=\"300\" height=\"296\" alt=\"\" data-full-image=\"https:\/\/ceam.cdtc.unb.br\/wp-content\/uploads\/2021\/10\/cadernos_linguagem_e_sociedade_Nelis.jpg\" data-light-image=\"https:\/\/ceam.cdtc.unb.br\/wp-content\/uploads\/2021\/10\/cadernos_linguagem_e_sociedade_Nelis.jpg\" data-id=\"1569\" data-link=\"https:\/\/ceam.cdtc.unb.br\/cadernos_linguagem_e_sociedade_nelis\/\" class=\"wp-image-1569undefined\"\/><\/div><div class=\"kadence-blocks-gallery-item__caption\">Cadernos Sociedade e Linguagem &#8211; NELiS<\/div><\/div><\/a><\/figure><\/div><\/li><li class=\"kadence-blocks-gallery-item\"><div class=\"kadence-blocks-gallery-item-inner\"><figure class=\"kb-gallery-figure kb-gallery-item-has-link kadence-blocks-gallery-item-has-caption kb-has-image-ratio-port34\"><a href=\"https:\/\/ceam.cdtc.unb.br\/wp-content\/uploads\/2021\/10\/Ceam_noticias_n14_2014.jpg\" class=\"kb-gallery-item-link\"><div class=\"kb-gal-image-radius\"><div class=\"kb-gallery-image-contain kadence-blocks-gallery-intrinsic kb-gallery-image-ratio-port34\"><img loading=\"lazy\" decoding=\"async\" src=\"https:\/\/ceam.cdtc.unb.br\/wp-content\/uploads\/2021\/10\/Ceam_noticias_n14_2014-211x300.jpg\" width=\"211\" height=\"300\" alt=\"\" data-full-image=\"https:\/\/ceam.cdtc.unb.br\/wp-content\/uploads\/2021\/10\/Ceam_noticias_n14_2014.jpg\" data-light-image=\"https:\/\/ceam.cdtc.unb.br\/wp-content\/uploads\/2021\/10\/Ceam_noticias_n14_2014.jpg\" data-id=\"1487\" data-link=\"https:\/\/ceam.cdtc.unb.br\/ceam_noticias_n14_2014\/\" class=\"wp-image-1487undefined\"\/><\/div><div class=\"kadence-blocks-gallery-item__caption\">Ceam_not\u00edcias_n14_2014<\/div><\/div><\/a><\/figure><\/div><\/li><li class=\"kadence-blocks-gallery-item\"><div class=\"kadence-blocks-gallery-item-inner\"><figure class=\"kb-gallery-figure kb-gallery-item-has-link kadence-blocks-gallery-item-has-caption kb-has-image-ratio-port34\"><a href=\"https:\/\/ceam.cdtc.unb.br\/wp-content\/uploads\/2021\/10\/ceam_noticias_n6_2013.jpg\" class=\"kb-gallery-item-link\"><div class=\"kb-gal-image-radius\"><div class=\"kb-gallery-image-contain kadence-blocks-gallery-intrinsic kb-gallery-image-ratio-port34\"><img loading=\"lazy\" decoding=\"async\" src=\"https:\/\/ceam.cdtc.unb.br\/wp-content\/uploads\/2021\/10\/ceam_noticias_n6_2013-212x300.jpg\" width=\"212\" height=\"300\" alt=\"\" data-full-image=\"https:\/\/ceam.cdtc.unb.br\/wp-content\/uploads\/2021\/10\/ceam_noticias_n6_2013.jpg\" data-light-image=\"https:\/\/ceam.cdtc.unb.br\/wp-content\/uploads\/2021\/10\/ceam_noticias_n6_2013.jpg\" data-id=\"1485\" data-link=\"https:\/\/ceam.cdtc.unb.br\/ceam_noticias_n6_2013\/\" class=\"wp-image-1485undefined\"\/><\/div><div class=\"kadence-blocks-gallery-item__caption\">ceam_noticias_n6_2013_pg1<\/div><\/div><\/a><\/figure><\/div><\/li><li class=\"kadence-blocks-gallery-item\"><div class=\"kadence-blocks-gallery-item-inner\"><figure class=\"kb-gallery-figure kb-gallery-item-has-link kadence-blocks-gallery-item-has-caption kb-has-image-ratio-port34\"><a href=\"https:\/\/ceam.cdtc.unb.br\/wp-content\/uploads\/2021\/10\/Ceam_noticias_n6_pg2.jpg\" class=\"kb-gallery-item-link\"><div class=\"kb-gal-image-radius\"><div class=\"kb-gallery-image-contain kadence-blocks-gallery-intrinsic kb-gallery-image-ratio-port34\"><img loading=\"lazy\" decoding=\"async\" src=\"https:\/\/ceam.cdtc.unb.br\/wp-content\/uploads\/2021\/10\/Ceam_noticias_n6_pg2-211x300.jpg\" width=\"211\" height=\"300\" alt=\"\" data-full-image=\"https:\/\/ceam.cdtc.unb.br\/wp-content\/uploads\/2021\/10\/Ceam_noticias_n6_pg2.jpg\" data-light-image=\"https:\/\/ceam.cdtc.unb.br\/wp-content\/uploads\/2021\/10\/Ceam_noticias_n6_pg2.jpg\" data-id=\"1486\" data-link=\"https:\/\/ceam.cdtc.unb.br\/ceam_noticias_n6_pg2\/\" class=\"wp-image-1486undefined\"\/><\/div><div class=\"kadence-blocks-gallery-item__caption\">ceam_noticias_n6_2013_pg2<\/div><\/div><\/a><\/figure><\/div><\/li><li class=\"kadence-blocks-gallery-item\"><div class=\"kadence-blocks-gallery-item-inner\"><figure class=\"kb-gallery-figure kb-gallery-item-has-link kadence-blocks-gallery-item-has-caption kb-has-image-ratio-port34\"><a href=\"https:\/\/ceam.cdtc.unb.br\/wp-content\/uploads\/2022\/02\/o-direito-achado-na-rua-V1-1993.jpg\" class=\"kb-gallery-item-link\"><div class=\"kb-gal-image-radius\"><div class=\"kb-gallery-image-contain kadence-blocks-gallery-intrinsic kb-gallery-image-ratio-port34\"><img loading=\"lazy\" decoding=\"async\" src=\"https:\/\/ceam.cdtc.unb.br\/wp-content\/uploads\/2022\/02\/o-direito-achado-na-rua-V1-1993-232x300.jpg\" width=\"232\" height=\"300\" alt=\"\" data-full-image=\"https:\/\/ceam.cdtc.unb.br\/wp-content\/uploads\/2022\/02\/o-direito-achado-na-rua-V1-1993.jpg\" data-light-image=\"https:\/\/ceam.cdtc.unb.br\/wp-content\/uploads\/2022\/02\/o-direito-achado-na-rua-V1-1993.jpg\" data-id=\"2831\" data-link=\"https:\/\/ceam.cdtc.unb.br\/o-direito-achado-na-rua-v1-1993\/\" class=\"wp-image-2831undefined\"\/><\/div><div class=\"kadence-blocks-gallery-item__caption\">O Direito Achado na Rua &#8211; NEP 1993<\/div><\/div><\/a><\/figure><\/div><\/li><\/ul><\/div>\n<\/div>\n<\/div>\n","protected":false},"excerpt":{"rendered":"<p>MEM\u00d3RIA DO CEAM &#8211; IMPRESSOS PUBLICA\u00c7\u00d5ES \u2026 <\/p>\n","protected":false},"author":2,"featured_media":0,"parent":100,"menu_order":0,"comment_status":"closed","ping_status":"closed","template":"","meta":{"footnotes":""},"class_list":["post-1530","page","type-page","status-publish","hentry"],"_links":{"self":[{"href":"https:\/\/memoria.ceam.unb.br\/index.php\/wp-json\/wp\/v2\/pages\/1530","targetHints":{"allow":["GET"]}}],"collection":[{"href":"https:\/\/memoria.ceam.unb.br\/index.php\/wp-json\/wp\/v2\/pages"}],"about":[{"href":"https:\/\/memoria.ceam.unb.br\/index.php\/wp-json\/wp\/v2\/types\/page"}],"author":[{"embeddable":true,"href":"https:\/\/memoria.ceam.unb.br\/index.php\/wp-json\/wp\/v2\/users\/2"}],"replies":[{"embeddable":true,"href":"https:\/\/memoria.ceam.unb.br\/index.php\/wp-json\/wp\/v2\/comments?post=1530"}],"version-history":[{"count":58,"href":"https:\/\/memoria.ceam.unb.br\/index.php\/wp-json\/wp\/v2\/pages\/1530\/revisions"}],"predecessor-version":[{"id":3268,"href":"https:\/\/memoria.ceam.unb.br\/index.php\/wp-json\/wp\/v2\/pages\/1530\/revisions\/3268"}],"up":[{"embeddable":true,"href":"https:\/\/memoria.ceam.unb.br\/index.php\/wp-json\/wp\/v2\/pages\/100"}],"wp:attachment":[{"href":"https:\/\/memoria.ceam.unb.br\/index.php\/wp-json\/wp\/v2\/media?parent=1530"}],"curies":[{"name":"wp","href":"https:\/\/api.w.org\/{rel}","templated":true}]}}