{"id":1688,"date":"2021-10-05T11:09:36","date_gmt":"2021-10-05T14:09:36","guid":{"rendered":"https:\/\/ceam.cdtc.unb.br\/index.php\/memoria\/memoria-documentos-historicos-2\/"},"modified":"2022-02-25T14:19:05","modified_gmt":"2022-02-25T17:19:05","slug":"memoria-fotos-historicas","status":"publish","type":"page","link":"https:\/\/memoria.ceam.unb.br\/index.php\/memoria_ceam\/memoria-fotos-historicas\/","title":{"rendered":"Mem\u00f3ria &#8211; Fotos Hist\u00f3ricas"},"content":{"rendered":"\n<h5 class=\"kt-adv-heading_14c291-fb wp-block-kadence-advancedheading has-accent-2-color has-text-color\" data-kb-block=\"kb-adv-heading_14c291-fb\">MEM\u00d3RIA DO CEAM &#8211; FOTOS HIST\u00d3RICOS<\/h5>\n\n\n\n<div class=\"wp-block-kadence-spacer aligncenter kt-block-spacer-_f40653-27\"><div class=\"kt-block-spacer kt-block-spacer-halign-center\" style=\"height:25px\"><\/div><\/div>\n\n\n\n<p>As fotos recuperadas foram localizadas prioritariamente no Sistema AtoM da UnB, e testemunham tanto a constru\u00e7\u00e3o e inaugura\u00e7\u00e3o do pr\u00e9dio do CEAM, no Pavilh\u00e3o Multiuso I,  assim como a atua\u00e7\u00e3o de personagens trabalhando na formata\u00e7\u00e3o deste Centro. Manifesta\u00e7\u00f5es de servidores e e visitas de autoridades encontram-se  tamb\u00e9m registradas. <\/p>\n\n\n\n<div class=\"wp-block-kadence-spacer aligncenter kt-block-spacer-_7561e2-85\"><div class=\"kt-block-spacer kt-block-spacer-halign-center\" style=\"height:25px\"><\/div><\/div>\n\n\n\n<div class=\"wp-block-columns is-layout-flex wp-container-core-columns-is-layout-9d6595d7 wp-block-columns-is-layout-flex\">\n<div class=\"wp-block-column is-layout-flow wp-block-column-is-layout-flow\" style=\"--col-width:200px;flex-basis:200px\">\n<ul id=\"block-781df1fc-e8a9-49cd-b102-3a0fd04bbcd1\" class=\"is-style-tw-border-inner wp-block-list\" style=\"font-size:11px\"><li><\/li><\/ul>\n\n\n\n<ul id=\"block-781df1fc-e8a9-49cd-b102-3a0fd04bbcd1\" class=\"is-style-tw-border-inner wp-block-list\" style=\"font-size:13px\"><li><\/li><li><strong><a href=\"https:\/\/memoria.ceam.unb.br\/index.php\/memoria_ceam\/memoria-documentos-historicos\/\">Documentos hist\u00f3ricos<\/a><\/strong><\/li><li><strong><a href=\"https:\/\/memoria.ceam.unb.br\/index.php\/memoria_ceam\/memoria-fotos-historicas\/\">Fotos hist\u00f3ricas<\/a><\/strong><\/li><li><strong>MEM\u00d3RIA &#8211; IMPRESSOS<\/strong><ul><li><strong><a href=\"https:\/\/memoria.ceam.unb.br\/index.php\/memoria_ceam\/memoria-impressos-cartazes\/\">Cartazes e posters<\/a><\/strong><\/li><li><strong><a href=\"https:\/\/memoria.ceam.unb.br\/index.php\/memoria_ceam\/memoria-impressos-cartazes-2\/\">Publica\u00e7\u00f5es<\/a> <\/strong><\/li><\/ul><\/li><li><strong>MEM\u00d3RIA &#8211; PROJETO<\/strong><ul><li><strong><a href=\"https:\/\/memoria.ceam.unb.br\/index.php\/memoria_ceam\/memoria-fotos-projeto-documentario\/\">Fotos Projeto Mem\u00f3ria<\/a><\/strong><\/li><li><strong><a href=\"https:\/\/memoria.ceam.unb.br\/index.php\/memoria_ceam\/memoria-documentario\/\">V\u00eddeo document\u00e1rio<\/a><\/strong><\/li><\/ul><\/li><li><a href=\"https:\/\/ceam.cdtc.unb.br\/index.php\/memoria_ceam\/memoria-profs-emeritos-ceam\/\"><strong>Em\u00e9ritos CEAM<\/strong><\/a><\/li><li><a href=\"https:\/\/ceam.cdtc.unb.br\/index.php\/memoria_ceam\/memoria-seminario-35-anos-ceam\/\"><strong>Semin\u00e1rio 35 anos CEAM<\/strong><\/a><\/li><li><\/li><\/ul>\n\n\n\n<div class=\"wp-block-kadence-spacer aligncenter kt-block-spacer-_04c556-fc\"><div class=\"kt-block-spacer kt-block-spacer-halign-center\" style=\"height:60px\"><hr class=\"kt-divider\" style=\"border-top-color:#eee;border-top-width:1px;width:80%;border-top-style:solid\"\/><\/div><\/div>\n<\/div>\n\n\n\n<div class=\"wp-block-column is-layout-flow wp-block-column-is-layout-flow\"><\/div>\n\n\n\n<div class=\"wp-block-column is-layout-flow wp-block-column-is-layout-flow\" style=\"--col-width:66.66%;flex-basis:66.66%\"><style id=\"kt-blocks_1a3c9f-8e\">.wp-block-kadence-advancedgallery ul.kb-gallery-id-_1a3c9f-8e {margin: -10px;}.kb-gallery-id-_1a3c9f-8e .kadence-blocks-gallery-item {padding:10px;}.kb-gallery-type-carousel.kb-gallery-id-_1a3c9f-8e .kt-blocks-carousel .kt-blocks-carousel-init {margin: 0 -10px;}.kb-gallery-type-carousel.kb-gallery-id-_1a3c9f-8e .kt-blocks-carousel .kt-blocks-carousel-init .kb-slide-item, .kb-gallery-type-fluidcarousel.kb-gallery-id-_1a3c9f-8e .kt-blocks-carousel .kt-blocks-carousel-init .kb-slide-item, .kb-gallery-type-carousel .kt-blocks-carousel-init:not(.slick-initialized) .kb-slide-item {padding: 4px 10px;}.kb-gallery-type-fluidcarousel.kb-gallery-id-_1a3c9f-8e .kt-blocks-carousel .kt-blocks-carousel-init.kb-carousel-mode-align-left .kb-slide-item {padding: 4px 20px 4px 0;}.kb-gallery-type-carousel.kb-gallery-id-_1a3c9f-8e .kt-blocks-carousel .kt-blocks-carousel-init .slick-prev {left:10px;}.kb-gallery-type-carousel.kb-gallery-id-_1a3c9f-8e .kt-blocks-carousel .kt-blocks-carousel-init .slick-next {right:10px;}.kb-gallery-id-_1a3c9f-8e .kadence-blocks-gallery-item .kb-gal-image-radius {border-radius: 5px 5px 5px 5px;}<\/style>\n<div class=\"wp-block-kadence-advancedgallery kb-gallery-wrap-id-_1a3c9f-8e\"><div class=\"kb-gallery-ul kb-gallery-type-slider kb-gallery-id-_1a3c9f-8e kb-gallery-caption-style-bottom-hover kb-gallery-filter-none kb-gallery-magnific-init\" data-image-filter=\"none\" data-lightbox-caption=\"true\"><div class=\"kt-blocks-carousel kt-carousel-container-dotstyle-dark\"><div class=\"kt-blocks-carousel-init kb-blocks-slider kt-carousel-arrowstyle-whiteondark kt-carousel-dotstyle-dark\" data-slider-anim-speed=\"400\" data-slider-type=\"slider\" data-slider-scroll=\"1\" data-slider-arrows=\"true\" data-slider-dots=\"true\" data-slider-hover-pause=\"false\" data-slider-auto=\"false\" data-slider-speed=\"7000\"><div class=\"kb-slide-item kb-gallery-slide-item\"><div class=\"kadence-blocks-gallery-item\"><div class=\"kadence-blocks-gallery-item-inner\"><figure class=\"kb-gallery-figure kb-gallery-item-has-link kadence-blocks-gallery-item-has-caption kb-has-image-ratio-land32\"><a href=\"https:\/\/ceam.cdtc.unb.br\/wp-content\/uploads\/2021\/10\/00983_141.jpg\" class=\"kb-gallery-item-link\"><div class=\"kb-gal-image-radius\"><div class=\"kb-gallery-image-contain kadence-blocks-gallery-intrinsic kb-gallery-image-ratio-land32\"><img loading=\"lazy\" decoding=\"async\" src=\"https:\/\/ceam.cdtc.unb.br\/wp-content\/uploads\/2021\/10\/00983_141.jpg\" width=\"1000\" height=\"599\" alt=\"ifh-005\" data-full-image=\"https:\/\/ceam.cdtc.unb.br\/wp-content\/uploads\/2021\/10\/00983_141.jpg\" data-light-image=\"https:\/\/ceam.cdtc.unb.br\/wp-content\/uploads\/2021\/10\/00983_141.jpg\" data-id=\"1671\" data-link=\"https:\/\/ceam.cdtc.unb.br\/00983_141\/\" class=\"wp-image-1671 skip-lazy\"\/><\/div><div class=\"kadence-blocks-gallery-item__caption\">AtoM\/UnB:  ifh-005 \u2013 Constru\u00e7\u00e3o PMU 2 &#8211; estrutura met\u00e1lica \/ 1989<\/div><\/div><\/a><\/figure><\/div><\/div><\/div><div class=\"kb-slide-item kb-gallery-slide-item\"><div class=\"kadence-blocks-gallery-item\"><div class=\"kadence-blocks-gallery-item-inner\"><figure class=\"kb-gallery-figure kb-gallery-item-has-link kadence-blocks-gallery-item-has-caption kb-has-image-ratio-land32\"><a href=\"https:\/\/ceam.cdtc.unb.br\/wp-content\/uploads\/2021\/10\/00984_141.jpg\" class=\"kb-gallery-item-link\"><div class=\"kb-gal-image-radius\"><div class=\"kb-gallery-image-contain kadence-blocks-gallery-intrinsic kb-gallery-image-ratio-land32\"><img loading=\"lazy\" decoding=\"async\" src=\"https:\/\/ceam.cdtc.unb.br\/wp-content\/uploads\/2021\/10\/00984_141.jpg\" width=\"1000\" height=\"433\" alt=\"ifh-006\" data-full-image=\"https:\/\/ceam.cdtc.unb.br\/wp-content\/uploads\/2021\/10\/00984_141.jpg\" data-light-image=\"https:\/\/ceam.cdtc.unb.br\/wp-content\/uploads\/2021\/10\/00984_141.jpg\" data-id=\"1672\" data-link=\"https:\/\/ceam.cdtc.unb.br\/00984_141\/\" class=\"wp-image-1672 skip-lazy\"\/><\/div><div class=\"kadence-blocks-gallery-item__caption\">AtoM\/UnB: ifh-006 &#8211; Constru\u00e7\u00e3o do Pr\u00e9dio Multiuso II. Vista externa em perspectiva \/ 1989 (Creation)<\/div><\/div><\/a><\/figure><\/div><\/div><\/div><div class=\"kb-slide-item kb-gallery-slide-item\"><div class=\"kadence-blocks-gallery-item\"><div class=\"kadence-blocks-gallery-item-inner\"><figure class=\"kb-gallery-figure kb-gallery-item-has-link kadence-blocks-gallery-item-has-caption kb-has-image-ratio-land32\"><a href=\"https:\/\/ceam.cdtc.unb.br\/wp-content\/uploads\/2021\/10\/00989_02_141.jpg\" class=\"kb-gallery-item-link\"><div class=\"kb-gal-image-radius\"><div class=\"kb-gallery-image-contain kadence-blocks-gallery-intrinsic kb-gallery-image-ratio-land32\"><img loading=\"lazy\" decoding=\"async\" src=\"https:\/\/ceam.cdtc.unb.br\/wp-content\/uploads\/2021\/10\/00989_02_141.jpg\" width=\"1000\" height=\"663\" alt=\"ifh-007\" data-full-image=\"https:\/\/ceam.cdtc.unb.br\/wp-content\/uploads\/2021\/10\/00989_02_141.jpg\" data-light-image=\"https:\/\/ceam.cdtc.unb.br\/wp-content\/uploads\/2021\/10\/00989_02_141.jpg\" data-id=\"1673\" data-link=\"https:\/\/ceam.cdtc.unb.br\/00989_02_141\/\" class=\"wp-image-1673 skip-lazy\"\/><\/div><div class=\"kadence-blocks-gallery-item__caption\">AtoM\/UnB: 00989_02_141.jpg \u2013 Constru\u00e7\u00e3o PMU I \/ 1987<\/div><\/div><\/a><\/figure><\/div><\/div><\/div><div class=\"kb-slide-item kb-gallery-slide-item\"><div class=\"kadence-blocks-gallery-item\"><div class=\"kadence-blocks-gallery-item-inner\"><figure class=\"kb-gallery-figure kb-gallery-item-has-link kadence-blocks-gallery-item-has-caption kb-has-image-ratio-land32\"><a href=\"https:\/\/ceam.cdtc.unb.br\/wp-content\/uploads\/2021\/10\/00983_03_141.jpg\" class=\"kb-gallery-item-link\"><div class=\"kb-gal-image-radius\"><div class=\"kb-gallery-image-contain kadence-blocks-gallery-intrinsic kb-gallery-image-ratio-land32\"><img loading=\"lazy\" decoding=\"async\" src=\"https:\/\/ceam.cdtc.unb.br\/wp-content\/uploads\/2021\/10\/00983_03_141.jpg\" width=\"1000\" height=\"763\" alt=\"ifh-004\" data-full-image=\"https:\/\/ceam.cdtc.unb.br\/wp-content\/uploads\/2021\/10\/00983_03_141.jpg\" data-light-image=\"https:\/\/ceam.cdtc.unb.br\/wp-content\/uploads\/2021\/10\/00983_03_141.jpg\" data-id=\"1670\" data-link=\"https:\/\/ceam.cdtc.unb.br\/00983_03_141\/\" class=\"wp-image-1670 skip-lazy\"\/><\/div><div class=\"kadence-blocks-gallery-item__caption\">AtoM\/UnB: ifh-004 &#8211; Constru\u00e7\u00e3o do Pr\u00e9dio Multiuso I. Vista bloco A a partir do bloco B \/ 1988 (Creation)<\/div><\/div><\/a><\/figure><\/div><\/div><\/div><div class=\"kb-slide-item kb-gallery-slide-item\"><div class=\"kadence-blocks-gallery-item\"><div class=\"kadence-blocks-gallery-item-inner\"><figure class=\"kb-gallery-figure kb-gallery-item-has-link kadence-blocks-gallery-item-has-caption kb-has-image-ratio-land32\"><a href=\"https:\/\/ceam.cdtc.unb.br\/wp-content\/uploads\/2021\/10\/00983_01.jpg\" class=\"kb-gallery-item-link\"><div class=\"kb-gal-image-radius\"><div class=\"kb-gallery-image-contain kadence-blocks-gallery-intrinsic kb-gallery-image-ratio-land32\"><img loading=\"lazy\" decoding=\"async\" src=\"https:\/\/ceam.cdtc.unb.br\/wp-content\/uploads\/2021\/10\/00983_01.jpg\" width=\"1000\" height=\"685\" alt=\"ifh-003\" data-full-image=\"https:\/\/ceam.cdtc.unb.br\/wp-content\/uploads\/2021\/10\/00983_01.jpg\" data-light-image=\"https:\/\/ceam.cdtc.unb.br\/wp-content\/uploads\/2021\/10\/00983_01.jpg\" data-id=\"1669\" data-link=\"https:\/\/ceam.cdtc.unb.br\/00983_01\/\" class=\"wp-image-1669 skip-lazy\"\/><\/div><div class=\"kadence-blocks-gallery-item__caption\">AtoM\/UnB:  ifh-003 &#8211; Constru\u00e7\u00e3o do Pr\u00e9dio Multiuso I. Vista interna \/ 1988 (Creation)<\/div><\/div><\/a><\/figure><\/div><\/div><\/div><div class=\"kb-slide-item kb-gallery-slide-item\"><div class=\"kadence-blocks-gallery-item\"><div class=\"kadence-blocks-gallery-item-inner\"><figure class=\"kb-gallery-figure kb-gallery-item-has-link kadence-blocks-gallery-item-has-caption kb-has-image-ratio-land32\"><a href=\"https:\/\/ceam.cdtc.unb.br\/wp-content\/uploads\/2021\/10\/00945_01_141.jpg\" class=\"kb-gallery-item-link\"><div class=\"kb-gal-image-radius\"><div class=\"kb-gallery-image-contain kadence-blocks-gallery-intrinsic kb-gallery-image-ratio-land32\"><img loading=\"lazy\" decoding=\"async\" src=\"https:\/\/ceam.cdtc.unb.br\/wp-content\/uploads\/2021\/10\/00945_01_141.jpg\" width=\"1000\" height=\"669\" alt=\"ifh-002\" data-full-image=\"https:\/\/ceam.cdtc.unb.br\/wp-content\/uploads\/2021\/10\/00945_01_141.jpg\" data-light-image=\"https:\/\/ceam.cdtc.unb.br\/wp-content\/uploads\/2021\/10\/00945_01_141.jpg\" data-id=\"1668\" data-link=\"https:\/\/ceam.cdtc.unb.br\/00945_01_141\/\" class=\"wp-image-1668 skip-lazy\"\/><\/div><div class=\"kadence-blocks-gallery-item__caption\">AtoM\/UnB:  ifh-002  &#8211; Inaugura\u00e7\u00e3o do Pr\u00e9dio do Multiuso I. Cristovam Buarque (Reitor); Professor Nielsen de Paula Pires (Rel &#8211; Diretor do CEM); Professor M\u00e1rio Bonono (IDA &#8211; \u00f3culos, na lateral); Professor Neio \/ 1988<\/div><\/div><\/a><\/figure><\/div><\/div><\/div><div class=\"kb-slide-item kb-gallery-slide-item\"><div class=\"kadence-blocks-gallery-item\"><div class=\"kadence-blocks-gallery-item-inner\"><figure class=\"kb-gallery-figure kb-gallery-item-has-link kadence-blocks-gallery-item-has-caption kb-has-image-ratio-land32\"><a href=\"https:\/\/ceam.cdtc.unb.br\/wp-content\/uploads\/2021\/10\/01144_141.jpg\" class=\"kb-gallery-item-link\"><div class=\"kb-gal-image-radius\"><div class=\"kb-gallery-image-contain kadence-blocks-gallery-intrinsic kb-gallery-image-ratio-land32\"><img loading=\"lazy\" decoding=\"async\" src=\"https:\/\/ceam.cdtc.unb.br\/wp-content\/uploads\/2021\/10\/01144_141.jpg\" width=\"1000\" height=\"673\" alt=\"ifh-013\" data-full-image=\"https:\/\/ceam.cdtc.unb.br\/wp-content\/uploads\/2021\/10\/01144_141.jpg\" data-light-image=\"https:\/\/ceam.cdtc.unb.br\/wp-content\/uploads\/2021\/10\/01144_141.jpg\" data-id=\"1679\" data-link=\"https:\/\/ceam.cdtc.unb.br\/01144_141\/\" class=\"wp-image-1679 skip-lazy\"\/><\/div><div class=\"kadence-blocks-gallery-item__caption\">AtoM\/UnB: ifh-013 &#8211; Reuni\u00e3o do CEAM com Juan Carlos Pugliese &#8211; Reitor da Universidade de Buenos Aires \/ 1987<\/div><\/div><\/a><\/figure><\/div><\/div><\/div><div class=\"kb-slide-item kb-gallery-slide-item\"><div class=\"kadence-blocks-gallery-item\"><div class=\"kadence-blocks-gallery-item-inner\"><figure class=\"kb-gallery-figure kb-gallery-item-has-link kadence-blocks-gallery-item-has-caption kb-has-image-ratio-land32\"><a href=\"https:\/\/ceam.cdtc.unb.br\/wp-content\/uploads\/2021\/10\/01140_141.jpg\" class=\"kb-gallery-item-link\"><div class=\"kb-gal-image-radius\"><div class=\"kb-gallery-image-contain kadence-blocks-gallery-intrinsic kb-gallery-image-ratio-land32\"><img loading=\"lazy\" decoding=\"async\" src=\"https:\/\/ceam.cdtc.unb.br\/wp-content\/uploads\/2021\/10\/01140_141.jpg\" width=\"1000\" height=\"671\" alt=\"ifh-012\" data-full-image=\"https:\/\/ceam.cdtc.unb.br\/wp-content\/uploads\/2021\/10\/01140_141.jpg\" data-light-image=\"https:\/\/ceam.cdtc.unb.br\/wp-content\/uploads\/2021\/10\/01140_141.jpg\" data-id=\"1678\" data-link=\"https:\/\/ceam.cdtc.unb.br\/01140_141\/\" class=\"wp-image-1678 skip-lazy\"\/><\/div><div class=\"kadence-blocks-gallery-item__caption\">AtoM\/UnB: ifh-012 &#8211; 2\u00aa Semana Internacional de Cientistas pela Paz. Cinco homens compondo uma mesa. Cristovam Buarque;  Darcy Ribeiro. \/ 1987<\/div><\/div><\/a><\/figure><\/div><\/div><\/div><div class=\"kb-slide-item kb-gallery-slide-item\"><div class=\"kadence-blocks-gallery-item\"><div class=\"kadence-blocks-gallery-item-inner\"><figure class=\"kb-gallery-figure kb-gallery-item-has-link kadence-blocks-gallery-item-has-caption kb-has-image-ratio-land32\"><a href=\"https:\/\/ceam.cdtc.unb.br\/wp-content\/uploads\/2021\/10\/01134_141.jpg\" class=\"kb-gallery-item-link\"><div class=\"kb-gal-image-radius\"><div class=\"kb-gallery-image-contain kadence-blocks-gallery-intrinsic kb-gallery-image-ratio-land32\"><img loading=\"lazy\" decoding=\"async\" src=\"https:\/\/ceam.cdtc.unb.br\/wp-content\/uploads\/2021\/10\/01134_141.jpg\" width=\"1000\" height=\"710\" alt=\"ifh-011\" data-full-image=\"https:\/\/ceam.cdtc.unb.br\/wp-content\/uploads\/2021\/10\/01134_141.jpg\" data-light-image=\"https:\/\/ceam.cdtc.unb.br\/wp-content\/uploads\/2021\/10\/01134_141.jpg\" data-id=\"1677\" data-link=\"https:\/\/ceam.cdtc.unb.br\/01134_141\/\" class=\"wp-image-1677 skip-lazy\"\/><\/div><div class=\"kadence-blocks-gallery-item__caption\">AtoM\/UnB: ifh-011 \u2013 Viol\u00eancia em Debate. Aldo Paviani; Jos\u00e9 Geraldo; Lia Zanotta \/ 1988<\/div><\/div><\/a><\/figure><\/div><\/div><\/div><div class=\"kb-slide-item kb-gallery-slide-item\"><div class=\"kadence-blocks-gallery-item\"><div class=\"kadence-blocks-gallery-item-inner\"><figure class=\"kb-gallery-figure kb-gallery-item-has-link kadence-blocks-gallery-item-has-caption kb-has-image-ratio-land32\"><a href=\"https:\/\/ceam.cdtc.unb.br\/wp-content\/uploads\/2021\/10\/01051_01_141.jpg\" class=\"kb-gallery-item-link\"><div class=\"kb-gal-image-radius\"><div class=\"kb-gallery-image-contain kadence-blocks-gallery-intrinsic kb-gallery-image-ratio-land32\"><img loading=\"lazy\" decoding=\"async\" src=\"https:\/\/ceam.cdtc.unb.br\/wp-content\/uploads\/2021\/10\/01051_01_141.jpg\" width=\"1000\" height=\"654\" alt=\"ifh-008\" data-full-image=\"https:\/\/ceam.cdtc.unb.br\/wp-content\/uploads\/2021\/10\/01051_01_141.jpg\" data-light-image=\"https:\/\/ceam.cdtc.unb.br\/wp-content\/uploads\/2021\/10\/01051_01_141.jpg\" data-id=\"1674\" data-link=\"https:\/\/ceam.cdtc.unb.br\/01051_01_141\/\" class=\"wp-image-1674 skip-lazy\"\/><\/div><div class=\"kadence-blocks-gallery-item__caption\">AtoM\/UnB: ifh-008  &#8211; Lan\u00e7amento do N\u00facleo de Estudos Caribenhos e Latino-Americanos (NECLA). Jorge Antunes (plateia &#8211; 2\u00ba fila); Cristovam Buarque (\u00faltima fila \u2013 Reitor). \/ 1986<\/div><\/div><\/a><\/figure><\/div><\/div><\/div><div class=\"kb-slide-item kb-gallery-slide-item\"><div class=\"kadence-blocks-gallery-item\"><div class=\"kadence-blocks-gallery-item-inner\"><figure class=\"kb-gallery-figure kb-gallery-item-has-link kadence-blocks-gallery-item-has-caption kb-has-image-ratio-land32\"><a href=\"https:\/\/ceam.cdtc.unb.br\/wp-content\/uploads\/2021\/10\/00815_141.jpg\" class=\"kb-gallery-item-link\"><div class=\"kb-gal-image-radius\"><div class=\"kb-gallery-image-contain kadence-blocks-gallery-intrinsic kb-gallery-image-ratio-land32\"><img loading=\"lazy\" decoding=\"async\" src=\"https:\/\/ceam.cdtc.unb.br\/wp-content\/uploads\/2021\/10\/00815_141-853x1024.jpg\" width=\"853\" height=\"1024\" alt=\"ifh-001\" data-full-image=\"https:\/\/ceam.cdtc.unb.br\/wp-content\/uploads\/2021\/10\/00815_141.jpg\" data-light-image=\"https:\/\/ceam.cdtc.unb.br\/wp-content\/uploads\/2021\/10\/00815_141.jpg\" data-id=\"1667\" data-link=\"https:\/\/ceam.cdtc.unb.br\/00815_141\/\" class=\"wp-image-1667 skip-lazy\"\/><\/div><div class=\"kadence-blocks-gallery-item__caption\">AtoM\/UnB: ifh-001 &#8211; N\u00facleo de Estudos da Amaz\u00f4nia (NEAz) &#8211; visita do seringueiro Jaime da Silva \/ 1987<\/div><\/div><\/a><\/figure><\/div><\/div><\/div><div class=\"kb-slide-item kb-gallery-slide-item\"><div class=\"kadence-blocks-gallery-item\"><div class=\"kadence-blocks-gallery-item-inner\"><figure class=\"kb-gallery-figure kb-gallery-item-has-link kadence-blocks-gallery-item-has-caption kb-has-image-ratio-land32\"><a href=\"https:\/\/ceam.cdtc.unb.br\/wp-content\/uploads\/2021\/10\/01190_141.jpg\" class=\"kb-gallery-item-link\"><div class=\"kb-gal-image-radius\"><div class=\"kb-gallery-image-contain kadence-blocks-gallery-intrinsic kb-gallery-image-ratio-land32\"><img loading=\"lazy\" decoding=\"async\" src=\"https:\/\/ceam.cdtc.unb.br\/wp-content\/uploads\/2021\/10\/01190_141.jpg\" width=\"1000\" height=\"639\" alt=\"ifh-014\" data-full-image=\"https:\/\/ceam.cdtc.unb.br\/wp-content\/uploads\/2021\/10\/01190_141.jpg\" data-light-image=\"https:\/\/ceam.cdtc.unb.br\/wp-content\/uploads\/2021\/10\/01190_141.jpg\" data-id=\"1680\" data-link=\"https:\/\/ceam.cdtc.unb.br\/01190_141\/\" class=\"wp-image-1680 skip-lazy\"\/><\/div><div class=\"kadence-blocks-gallery-item__caption\">AtoM\/UnB: ifh-014  &#8211; Professor Timothy Mulholland. PMU 1 \/ 1988<\/div><\/div><\/a><\/figure><\/div><\/div><\/div><div class=\"kb-slide-item kb-gallery-slide-item\"><div class=\"kadence-blocks-gallery-item\"><div class=\"kadence-blocks-gallery-item-inner\"><figure class=\"kb-gallery-figure kb-gallery-item-has-link kadence-blocks-gallery-item-has-caption kb-has-image-ratio-land32\"><a href=\"https:\/\/ceam.cdtc.unb.br\/wp-content\/uploads\/2021\/10\/01122_05_141.jpg\" class=\"kb-gallery-item-link\"><div class=\"kb-gal-image-radius\"><div class=\"kb-gallery-image-contain kadence-blocks-gallery-intrinsic kb-gallery-image-ratio-land32\"><img loading=\"lazy\" decoding=\"async\" src=\"https:\/\/ceam.cdtc.unb.br\/wp-content\/uploads\/2021\/10\/01122_05_141.jpg\" width=\"1000\" height=\"667\" alt=\"ifh-010\" data-full-image=\"https:\/\/ceam.cdtc.unb.br\/wp-content\/uploads\/2021\/10\/01122_05_141.jpg\" data-light-image=\"https:\/\/ceam.cdtc.unb.br\/wp-content\/uploads\/2021\/10\/01122_05_141.jpg\" data-id=\"1676\" data-link=\"https:\/\/ceam.cdtc.unb.br\/01122_05_141\/\" class=\"wp-image-1676 skip-lazy\"\/><\/div><div class=\"kadence-blocks-gallery-item__caption\">AtoM\/UnB: ifh-010 \u2013 Greve SINTFUB, PMU 1 \/ 1995<\/div><\/div><\/a><\/figure><\/div><\/div><\/div><div class=\"kb-slide-item kb-gallery-slide-item\"><div class=\"kadence-blocks-gallery-item\"><div class=\"kadence-blocks-gallery-item-inner\"><figure class=\"kb-gallery-figure kb-gallery-item-has-link kadence-blocks-gallery-item-has-caption kb-has-image-ratio-land32\"><a href=\"https:\/\/ceam.cdtc.unb.br\/wp-content\/uploads\/2021\/10\/01122_04_141.jpg\" class=\"kb-gallery-item-link\"><div class=\"kb-gal-image-radius\"><div class=\"kb-gallery-image-contain kadence-blocks-gallery-intrinsic kb-gallery-image-ratio-land32\"><img loading=\"lazy\" decoding=\"async\" src=\"https:\/\/ceam.cdtc.unb.br\/wp-content\/uploads\/2021\/10\/01122_04_141.jpg\" width=\"1000\" height=\"627\" alt=\"ifh-009\" data-full-image=\"https:\/\/ceam.cdtc.unb.br\/wp-content\/uploads\/2021\/10\/01122_04_141.jpg\" data-light-image=\"https:\/\/ceam.cdtc.unb.br\/wp-content\/uploads\/2021\/10\/01122_04_141.jpg\" data-id=\"1675\" data-link=\"https:\/\/ceam.cdtc.unb.br\/01122_04_141\/\" class=\"wp-image-1675 skip-lazy\"\/><\/div><div class=\"kadence-blocks-gallery-item__caption\">AtoM\/UnB: ifh-009 \u2013 Assembl\u00e9ia SINTFUB, Pra\u00e7a Chico Mendes, PMU1 \/ 1994<\/div><\/div><\/a><\/figure><\/div><\/div><\/div><\/div><\/div><\/div><\/div>\n<\/div>\n<\/div>\n","protected":false},"excerpt":{"rendered":"<p>MEM\u00d3RIA DO CEAM &#8211; FOTOS HIST\u00d3RICOS \u2026 <\/p>\n","protected":false},"author":2,"featured_media":0,"parent":100,"menu_order":0,"comment_status":"closed","ping_status":"closed","template":"","meta":{"footnotes":""},"class_list":["post-1688","page","type-page","status-publish","hentry"],"_links":{"self":[{"href":"https:\/\/memoria.ceam.unb.br\/index.php\/wp-json\/wp\/v2\/pages\/1688","targetHints":{"allow":["GET"]}}],"collection":[{"href":"https:\/\/memoria.ceam.unb.br\/index.php\/wp-json\/wp\/v2\/pages"}],"about":[{"href":"https:\/\/memoria.ceam.unb.br\/index.php\/wp-json\/wp\/v2\/types\/page"}],"author":[{"embeddable":true,"href":"https:\/\/memoria.ceam.unb.br\/index.php\/wp-json\/wp\/v2\/users\/2"}],"replies":[{"embeddable":true,"href":"https:\/\/memoria.ceam.unb.br\/index.php\/wp-json\/wp\/v2\/comments?post=1688"}],"version-history":[{"count":30,"href":"https:\/\/memoria.ceam.unb.br\/index.php\/wp-json\/wp\/v2\/pages\/1688\/revisions"}],"predecessor-version":[{"id":3265,"href":"https:\/\/memoria.ceam.unb.br\/index.php\/wp-json\/wp\/v2\/pages\/1688\/revisions\/3265"}],"up":[{"embeddable":true,"href":"https:\/\/memoria.ceam.unb.br\/index.php\/wp-json\/wp\/v2\/pages\/100"}],"wp:attachment":[{"href":"https:\/\/memoria.ceam.unb.br\/index.php\/wp-json\/wp\/v2\/media?parent=1688"}],"curies":[{"name":"wp","href":"https:\/\/api.w.org\/{rel}","templated":true}]}}