{"id":2,"date":"2021-06-28T23:09:27","date_gmt":"2021-06-29T02:09:27","guid":{"rendered":"http:\/\/10.10.40.35\/?page_id=2"},"modified":"2022-02-24T17:58:06","modified_gmt":"2022-02-24T20:58:06","slug":"pagina-exemplo","status":"publish","type":"page","link":"https:\/\/memoria.ceam.unb.br\/","title":{"rendered":"In\u00edcio"},"content":{"rendered":"\n<h5 class=\"kt-adv-heading_3f0c9a-07 wp-block-kadence-advancedheading has-accent-2-color has-text-color\" data-kb-block=\"kb-adv-heading_3f0c9a-07\">APRESENTA\u00c7\u00c3O<\/h5>\n\n\n\n<div class=\"wp-block-kadence-spacer aligncenter kt-block-spacer-_aadd0e-66\"><div class=\"kt-block-spacer kt-block-spacer-halign-center\" style=\"height:25px\"><\/div><\/div>\n\n\n\n<div class=\"wp-block-columns is-layout-flex wp-container-core-columns-is-layout-9d6595d7 wp-block-columns-is-layout-flex\">\n<div class=\"wp-block-column is-layout-flow wp-block-column-is-layout-flow\">\n<p>O Reposit\u00f3rio de Mem\u00f3ria do  Centro de Estudos Avan\u00e7ados Multidisciplinares\/CEAM da Universidade de Bras\u00edlia \u00e9 um espa\u00e7o virtual que pretende alocar e disponibilizar conte\u00fado resultante da produ\u00e7\u00e3o t\u00e9cnico-cient\u00edfico deste Centro, viabilizando o acesso p\u00fablico a consulta e pesquisa. <\/p>\n\n\n\n<p>Em 2021 o CEAM completou 35 anos, e neste espa\u00e7o digital reverencia-se o belo trabalho de toda equipe que vem esculpindo essa hist\u00f3ria desde 1986. Busca-se dar reconhecimento e visibilidade a autoras(es), pesquisadoras(es), professoras(es) e todes envolvides nos processos construtivos que hoje formam o conjunto da Mem\u00f3ria Viva a ser preservado.<\/p>\n\n\n\n<p><\/p>\n<\/div>\n\n\n\n<div class=\"wp-block-column is-layout-flow wp-block-column-is-layout-flow\">\n<p> Os caminhos do passado nos trouxeram a esse presente conhecido, e daqui levaremos ao futuro. Assim sendo, este reposit\u00f3rio ter\u00e1 um perfil din\u00e2mico, ser\u00e1 atualizado e dar\u00e1 continuidade aos trabalhos, pesquisas e demais experimenta\u00e7\u00f5es moldados nas arestas deste Centro, nas salas de seus N\u00facleos Tem\u00e1ticos e dos Programas de P\u00f3s-Gradua\u00e7\u00e3o componentes. <\/p>\n\n\n\n<p><\/p>\n\n\n\n<p class=\"has-small-font-size\"> <em>&#8220;A mem\u00f3ria tem a fun\u00e7\u00e3o de produ\u00e7\u00e3o ou percep\u00e7\u00e3o de sentimentos de pertencimento a passados comuns, o que, por sua vez, constitui-se em um aspecto imprescind\u00edvel ao estabelecimento de identidades calcadas em experi\u00eancias compartilhadas, n\u00e3o somente no campo hist\u00f3rico ou material, como tamb\u00e9m e, sobretudo, no campo simb\u00f3lico.&#8221; <strong>Maurice Halbwachs<\/strong><\/em><\/p>\n<\/div>\n<\/div>\n\n\n\n<p><\/p>\n\n\n\n<p><\/p>\n","protected":false},"excerpt":{"rendered":"<p>APRESENTA\u00c7\u00c3O O Reposit\u00f3rio de Mem\u00f3ria do \u2026 <\/p>\n","protected":false},"author":1,"featured_media":1993,"parent":0,"menu_order":0,"comment_status":"closed","ping_status":"open","template":"","meta":{"footnotes":""},"class_list":["post-2","page","type-page","status-publish","has-post-thumbnail","hentry"],"_links":{"self":[{"href":"https:\/\/memoria.ceam.unb.br\/index.php\/wp-json\/wp\/v2\/pages\/2","targetHints":{"allow":["GET"]}}],"collection":[{"href":"https:\/\/memoria.ceam.unb.br\/index.php\/wp-json\/wp\/v2\/pages"}],"about":[{"href":"https:\/\/memoria.ceam.unb.br\/index.php\/wp-json\/wp\/v2\/types\/page"}],"author":[{"embeddable":true,"href":"https:\/\/memoria.ceam.unb.br\/index.php\/wp-json\/wp\/v2\/users\/1"}],"replies":[{"embeddable":true,"href":"https:\/\/memoria.ceam.unb.br\/index.php\/wp-json\/wp\/v2\/comments?post=2"}],"version-history":[{"count":28,"href":"https:\/\/memoria.ceam.unb.br\/index.php\/wp-json\/wp\/v2\/pages\/2\/revisions"}],"predecessor-version":[{"id":3204,"href":"https:\/\/memoria.ceam.unb.br\/index.php\/wp-json\/wp\/v2\/pages\/2\/revisions\/3204"}],"wp:featuredmedia":[{"embeddable":true,"href":"https:\/\/memoria.ceam.unb.br\/index.php\/wp-json\/wp\/v2\/media\/1993"}],"wp:attachment":[{"href":"https:\/\/memoria.ceam.unb.br\/index.php\/wp-json\/wp\/v2\/media?parent=2"}],"curies":[{"name":"wp","href":"https:\/\/api.w.org\/{rel}","templated":true}]}}