{"id":2067,"date":"2021-10-11T11:29:40","date_gmt":"2021-10-11T14:29:40","guid":{"rendered":"https:\/\/ceam.cdtc.unb.br\/index.php\/memoria_ceam\/memoria-fotos-projeto-memoria\/"},"modified":"2022-02-15T10:33:39","modified_gmt":"2022-02-15T13:33:39","slug":"memoria-documentario","status":"publish","type":"page","link":"https:\/\/memoria.ceam.unb.br\/index.php\/memoria_ceam\/memoria-documentario\/","title":{"rendered":"Mem\u00f3ria &#8211; Document\u00e1rio Projeto Mem\u00f3ria"},"content":{"rendered":"\n<h5 class=\"kt-adv-heading_52473b-06 wp-block-kadence-advancedheading has-accent-2-color has-text-color\" data-kb-block=\"kb-adv-heading_52473b-06\">MEM\u00d3RIA DO CEAM &#8211; DOCUMENT\u00c1RIO MEM\u00d3RIA DO CEAM<\/h5>\n\n\n\n<div class=\"wp-block-kadence-spacer aligncenter kt-block-spacer-_b706d7-0d\"><div class=\"kt-block-spacer kt-block-spacer-halign-center\" style=\"height:25px\"><\/div><\/div>\n\n\n\n<p>O Document\u00e1rio Mem\u00f3ria do Ceam\/UnB est\u00e1 dispon\u00edvel no Canal Ceam do Youtube, assim como vers\u00f5es legendadas em ingl\u00eas e espanhol e colet\u00e2nea de outros v\u00eddeos relacionados \u00e0 grava\u00e7\u00e3o, lan\u00e7amento e divulga\u00e7\u00e3o desse Trabalho.<\/p>\n\n\n\n<p>Para acessar a playlist de v\u00eddeos realcionados ao Document\u00e1rio Mem\u00f3ria do Ceam (Youtube): <a rel=\"noreferrer noopener\" href=\"https:\/\/www.youtube.com\/playlist?list=PLNgZ_EJbH-2eV-JPbZ_kyL9UIj3ypPrIN\" data-type=\"URL\" data-id=\"https:\/\/www.youtube.com\/playlist?list=PLNgZ_EJbH-2eV-JPbZ_kyL9UIj3ypPrIN\" target=\"_blank\">CLIQUE AQUI<\/a><\/p>\n\n\n\n<div class=\"wp-block-kadence-spacer aligncenter kt-block-spacer-_6d2cc6-d6\"><div class=\"kt-block-spacer kt-block-spacer-halign-center\" style=\"height:25px\"><\/div><\/div>\n\n\n\n<p><\/p>\n\n\n\n<div class=\"wp-block-columns is-layout-flex wp-container-core-columns-is-layout-9d6595d7 wp-block-columns-is-layout-flex\">\n<div class=\"wp-block-column is-layout-flow wp-block-column-is-layout-flow\" style=\"--col-width:200px;flex-basis:200px\">\n<ul id=\"block-781df1fc-e8a9-49cd-b102-3a0fd04bbcd1\" class=\"is-style-tw-border-inner wp-block-list\" style=\"font-size:13px\"><li><\/li><li><strong><a href=\"https:\/\/memoria.ceam.unb.br\/index.php\/memoria_ceam\/memoria-documentos-historicos\/\">Documentos hist\u00f3ricos<\/a><\/strong><\/li><li><strong><a href=\"https:\/\/memoria.ceam.unb.br\/index.php\/memoria_ceam\/memoria-fotos-historicas\/\">Fotos hist\u00f3ricas<\/a><\/strong><\/li><li><strong>MEM\u00d3RIA &#8211; IMPRESSOS<\/strong><ul><li><strong><a href=\"https:\/\/memoria.ceam.unb.br\/index.php\/memoria_ceam\/memoria-impressos-cartazes\/\">Cartazes e posters<\/a><\/strong><\/li><li><strong><a href=\"https:\/\/memoria.ceam.unb.br\/index.php\/memoria_ceam\/memoria-impressos-cartazes-2\/\">Publica\u00e7\u00f5es<\/a> <\/strong><\/li><\/ul><\/li><li><strong>MEM\u00d3RIA &#8211; PROJETO<\/strong><ul><li><strong><a href=\"https:\/\/memoria.ceam.unb.br\/index.php\/memoria_ceam\/memoria-fotos-projeto-documentario\/\">Fotos Projeto Mem\u00f3ria<\/a><\/strong><\/li><li><strong><a href=\"https:\/\/memoria.ceam.unb.br\/index.php\/memoria_ceam\/memoria-documentario\/\">V\u00eddeo document\u00e1rio<\/a><\/strong><\/li><\/ul><\/li><li><a href=\"https:\/\/ceam.cdtc.unb.br\/index.php\/memoria_ceam\/memoria-profs-emeritos-ceam\/\"><strong>Em\u00e9ritos CEAM<\/strong><\/a><\/li><li><a href=\"https:\/\/ceam.cdtc.unb.br\/index.php\/memoria_ceam\/memoria-seminario-35-anos-ceam\/\"><strong>Semin\u00e1rio 35 anos CEAM<\/strong><\/a><\/li><li><\/li><\/ul>\n\n\n\n<div class=\"wp-block-kadence-spacer aligncenter kt-block-spacer-_5fa8f4-ef\"><div class=\"kt-block-spacer kt-block-spacer-halign-center\" style=\"height:60px\"><hr class=\"kt-divider\" style=\"border-top-color:#eee;border-top-width:1px;width:80%;border-top-style:solid\"\/><\/div><\/div>\n<\/div>\n\n\n\n<div class=\"wp-block-column is-layout-flow wp-block-column-is-layout-flow\"><\/div>\n\n\n\n<div class=\"wp-block-column is-layout-flow wp-block-column-is-layout-flow\" style=\"--col-width:66.66%;flex-basis:66.66%\">\n<figure class=\"wp-block-embed is-type-video is-provider-youtube wp-block-embed-youtube wp-embed-aspect-16-9 wp-has-aspect-ratio\"><div class=\"wp-block-embed__wrapper\">\n<iframe loading=\"lazy\" title=\"Document\u00e1rio Mem\u00f3ria Ceam\" width=\"1032\" height=\"581\" src=\"https:\/\/www.youtube.com\/embed\/x5EfMw-NvHU?feature=oembed\" frameborder=\"0\" allow=\"accelerometer; autoplay; clipboard-write; encrypted-media; gyroscope; picture-in-picture\" allowfullscreen><\/iframe>\n<\/div><\/figure>\n<\/div>\n<\/div>\n","protected":false},"excerpt":{"rendered":"<p>MEM\u00d3RIA DO CEAM &#8211; DOCUMENT\u00c1RIO MEM\u00d3RIA \u2026 <\/p>\n","protected":false},"author":2,"featured_media":0,"parent":100,"menu_order":0,"comment_status":"closed","ping_status":"closed","template":"","meta":{"footnotes":""},"class_list":["post-2067","page","type-page","status-publish","hentry"],"_links":{"self":[{"href":"https:\/\/memoria.ceam.unb.br\/index.php\/wp-json\/wp\/v2\/pages\/2067","targetHints":{"allow":["GET"]}}],"collection":[{"href":"https:\/\/memoria.ceam.unb.br\/index.php\/wp-json\/wp\/v2\/pages"}],"about":[{"href":"https:\/\/memoria.ceam.unb.br\/index.php\/wp-json\/wp\/v2\/types\/page"}],"author":[{"embeddable":true,"href":"https:\/\/memoria.ceam.unb.br\/index.php\/wp-json\/wp\/v2\/users\/2"}],"replies":[{"embeddable":true,"href":"https:\/\/memoria.ceam.unb.br\/index.php\/wp-json\/wp\/v2\/comments?post=2067"}],"version-history":[{"count":10,"href":"https:\/\/memoria.ceam.unb.br\/index.php\/wp-json\/wp\/v2\/pages\/2067\/revisions"}],"predecessor-version":[{"id":2960,"href":"https:\/\/memoria.ceam.unb.br\/index.php\/wp-json\/wp\/v2\/pages\/2067\/revisions\/2960"}],"up":[{"embeddable":true,"href":"https:\/\/memoria.ceam.unb.br\/index.php\/wp-json\/wp\/v2\/pages\/100"}],"wp:attachment":[{"href":"https:\/\/memoria.ceam.unb.br\/index.php\/wp-json\/wp\/v2\/media?parent=2067"}],"curies":[{"name":"wp","href":"https:\/\/api.w.org\/{rel}","templated":true}]}}