{"id":2202,"date":"2021-10-13T15:26:47","date_gmt":"2021-10-13T18:26:47","guid":{"rendered":"https:\/\/ceam.cdtc.unb.br\/index.php\/producao\/eventos\/"},"modified":"2022-02-25T14:12:55","modified_gmt":"2022-02-25T17:12:55","slug":"producao-projetos-de-pesquisa","status":"publish","type":"page","link":"https:\/\/memoria.ceam.unb.br\/index.php\/producao\/producao-projetos-de-pesquisa\/","title":{"rendered":"Produ\u00e7\u00e3o &#8211; Projetos de Pesquisa"},"content":{"rendered":"\n<h5 class=\"kt-adv-heading_ff70a1-ad wp-block-kadence-advancedheading has-accent-2-color has-text-color\" data-kb-block=\"kb-adv-heading_ff70a1-ad\">Produ\u00e7\u00e3o &#8211; PROJETOS DE PESQUISA<\/h5>\n\n\n\n<div class=\"wp-block-kadence-spacer aligncenter kt-block-spacer-_52783f-0a\"><div class=\"kt-block-spacer kt-block-spacer-halign-center\" style=\"height:25px\"><\/div><\/div>\n\n\n\n<div class=\"wp-block-columns is-layout-flex wp-container-core-columns-is-layout-9d6595d7 wp-block-columns-is-layout-flex\">\n<div class=\"wp-block-column is-layout-flow wp-block-column-is-layout-flow\" style=\"--col-width:218px;flex-basis:218px\">\n<ul class=\"wp-block-list\">\n<li><\/li>\n\n\n\n<li><strong><a href=\"https:\/\/memoria.ceam.unb.br\/index.php\/producao\/publicacoes_ceam\/\">Publica\u00e7\u00f5es CEAM<\/a><\/strong><\/li>\n\n\n\n<li><a href=\"https:\/\/ceam.cdtc.unb.br\/index.php\/producao\/producao-nucleos-tematicos-2\/\" data-type=\"page\" data-id=\"1325\"><strong>N\u00facleos Tem\u00e1ticos<\/strong><\/a><\/li>\n\n\n\n<li><strong><a href=\"https:\/\/ceam.cdtc.unb.br\/index.php\/producao\/producao-pos-graduacao\/\" data-type=\"page\" data-id=\"2227\">Programas de P\u00f3s-Gradua\u00e7\u00e3o<\/a><\/strong><\/li>\n\n\n\n<li><strong>DESTACADOS PELOS N\u00daCLEOS <\/strong><\/li>\n\n\n\n<li><strong><a href=\"https:\/\/memoria.ceam.unb.br\/index.php\/producao\/producao-cursos\/\">Cursos<\/a><\/strong><\/li>\n\n\n\n<li><strong><a href=\"https:\/\/ceam.cdtc.unb.br\/index.php\/producao\/producao-eventos-2\/\" data-type=\"page\" data-id=\"2151\">Eventos<\/a><\/strong><\/li>\n\n\n\n<li><strong><a href=\"https:\/\/ceam.cdtc.unb.br\/index.php\/producao\/producao-projetos-de-extensao\/\" data-type=\"page\">Projetos de Extens\u00e3o<\/a><\/strong><\/li>\n\n\n\n<li><strong><a href=\"https:\/\/ceam.cdtc.unb.br\/index.php\/producao\/producao-projetos-de-pesquisa\/\" data-type=\"page\">Projetos de Pesquisa<\/a><\/strong><\/li>\n\n\n\n<li><a href=\"https:\/\/memoria.ceam.unb.br\/index.php\/producao\/producao-publicacoes-nucleos-ppgs\/\" data-type=\"page\" data-id=\"3282\"><strong>Publica\u00e7\u00f5es N\u00facleos<\/strong><\/a><\/li>\n<\/ul>\n<\/div>\n\n\n\n<div class=\"wp-block-column is-layout-flow wp-block-column-is-layout-flow\" style=\"--col-width:80%;flex-basis:80%\">\n<div class=\"wp-block-group\"><div class=\"wp-block-group__inner-container is-layout-flow wp-block-group-is-layout-flow\">\n<p>Projetos de Pesquisa indicados por N\u00facleos ou PPGs por aspectos relevantes da hist\u00f3ria de sua produ\u00e7\u00e3o.<\/p>\n\n\n\n<div class=\"wp-block-kadence-spacer aligncenter kt-block-spacer-_99890b-dd\"><div class=\"kt-block-spacer kt-block-spacer-halign-center\" style=\"height:60px\"><hr class=\"kt-divider\" style=\"border-top-color:#eee;border-top-width:1px;width:80%;border-top-style:solid\"\/><\/div><\/div>\n\n\n<style id=\"kt-blocks_552534-6b\">.kb-posts-id-_552534-6b .entry.loop-entry .entry-header .entry-title{font-size:15px;}<\/style><div class=\"wp-block-kadence-posts kb-posts kb-posts-id-_552534-6b content-wrap grid-cols kb-posts-style-unboxed grid-sm-col-3 grid-lg-col-3 item-image-style-above\"><article class=\"entry content-bg loop-entry kb-post-no-image post-2213 post type-post status-publish format-standard hentry category-projetos_pesquisa category-sem-categoria tag-nelis tag-nt-001 tag-pesquisa tag-pq-003\">\n\t\t<div class=\"entry-content-wrap\">\n\t\t<header class=\"entry-header\">\n\t<h5 class=\"entry-title\"><a href=\"https:\/\/memoria.ceam.unb.br\/index.php\/2021\/10\/13\/pq-003-analise-interdiscursiva-de-politicas-publicas-nelis\/\" rel=\"bookmark\">An\u00e1lise Interdiscursiva de Pol\u00edticas P\u00fablicas &#8211; nelis<\/a><\/h5>\t<div class=\"entry-meta entry-meta-divider-dot\">\n\t\t<\/div><!-- .entry-meta -->\n\t<\/header><!-- .entry-header -->\n<footer class=\"entry-footer\">\n\t\t\t<div class=\"entry-actions\">\n\t\t\t<p class=\"more-link-wrap\">\n\t\t\t\t<a href=\"https:\/\/memoria.ceam.unb.br\/index.php\/2021\/10\/13\/pq-003-analise-interdiscursiva-de-politicas-publicas-nelis\/\" class=\"post-more-link\">\n\t\t\t\t\tMais<span class=\"screen-reader-text\"> An\u00e1lise Interdiscursiva de Pol\u00edticas P\u00fablicas &#8211; nelis<\/span><span class=\"kadence-svg-iconset svg-baseline\"><svg aria-hidden=\"true\" class=\"kadence-svg-icon kadence-arrow-right-alt-svg\" fill=\"currentColor\" version=\"1.1\" xmlns=\"http:\/\/www.w3.org\/2000\/svg\" width=\"27\" height=\"28\" viewBox=\"0 0 27 28\"><title>Continue<\/title><path d=\"M27 13.953c0 0.141-0.063 0.281-0.156 0.375l-6 5.531c-0.156 0.141-0.359 0.172-0.547 0.094-0.172-0.078-0.297-0.25-0.297-0.453v-3.5h-19.5c-0.281 0-0.5-0.219-0.5-0.5v-3c0-0.281 0.219-0.5 0.5-0.5h19.5v-3.5c0-0.203 0.109-0.375 0.297-0.453s0.391-0.047 0.547 0.078l6 5.469c0.094 0.094 0.156 0.219 0.156 0.359v0z\"><\/path>\n\t\t\t<\/svg><\/span>\t\t\t\t<\/a>\n\t\t\t<\/p>\n\t\t<\/div><!-- .entry-actions -->\n\t\t<\/footer><!-- .entry-footer -->\t<\/div>\n<\/article>\n<article class=\"entry content-bg loop-entry kb-post-no-image post-1917 post type-post status-publish format-standard hentry category-projetos_pesquisa category-sem-categoria tag-nelis tag-nt-001 tag-pesquisa tag-pq-001\">\n\t\t<div class=\"entry-content-wrap\">\n\t\t<header class=\"entry-header\">\n\t<h5 class=\"entry-title\"><a href=\"https:\/\/memoria.ceam.unb.br\/index.php\/2021\/10\/05\/pq-001-covid-19-em-discurso-representacao-da-populacao-em-situacao-de-rua-em-tempos-de-pandemia-nelis\/\" rel=\"bookmark\">COVID-19 em discurso: representa\u00e7\u00e3o da popula\u00e7\u00e3o em situa\u00e7\u00e3o de rua em tempos de pandemia &#8211; nelis<\/a><\/h5>\t<div class=\"entry-meta entry-meta-divider-dot\">\n\t\t<\/div><!-- .entry-meta -->\n\t<\/header><!-- .entry-header -->\n<footer class=\"entry-footer\">\n\t\t\t<div class=\"entry-actions\">\n\t\t\t<p class=\"more-link-wrap\">\n\t\t\t\t<a href=\"https:\/\/memoria.ceam.unb.br\/index.php\/2021\/10\/05\/pq-001-covid-19-em-discurso-representacao-da-populacao-em-situacao-de-rua-em-tempos-de-pandemia-nelis\/\" class=\"post-more-link\">\n\t\t\t\t\tMais<span class=\"screen-reader-text\"> COVID-19 em discurso: representa\u00e7\u00e3o da popula\u00e7\u00e3o em situa\u00e7\u00e3o de rua em tempos de pandemia &#8211; nelis<\/span><span class=\"kadence-svg-iconset svg-baseline\"><svg aria-hidden=\"true\" class=\"kadence-svg-icon kadence-arrow-right-alt-svg\" fill=\"currentColor\" version=\"1.1\" xmlns=\"http:\/\/www.w3.org\/2000\/svg\" width=\"27\" height=\"28\" viewBox=\"0 0 27 28\"><title>Continue<\/title><path d=\"M27 13.953c0 0.141-0.063 0.281-0.156 0.375l-6 5.531c-0.156 0.141-0.359 0.172-0.547 0.094-0.172-0.078-0.297-0.25-0.297-0.453v-3.5h-19.5c-0.281 0-0.5-0.219-0.5-0.5v-3c0-0.281 0.219-0.5 0.5-0.5h19.5v-3.5c0-0.203 0.109-0.375 0.297-0.453s0.391-0.047 0.547 0.078l6 5.469c0.094 0.094 0.156 0.219 0.156 0.359v0z\"><\/path>\n\t\t\t<\/svg><\/span>\t\t\t\t<\/a>\n\t\t\t<\/p>\n\t\t<\/div><!-- .entry-actions -->\n\t\t<\/footer><!-- .entry-footer -->\t<\/div>\n<\/article>\n<article class=\"entry content-bg loop-entry kb-post-no-image post-2556 post type-post status-publish format-standard hentry category-projetos_pesquisa category-sem-categoria tag-nesprom tag-nt-003 tag-pesquisa tag-pq-005\">\n\t\t<div class=\"entry-content-wrap\">\n\t\t<header class=\"entry-header\">\n\t<h5 class=\"entry-title\"><a href=\"https:\/\/memoria.ceam.unb.br\/index.php\/2022\/01\/18\/pq-005-desenvolvimento-de-tecnologias-para-a-atencao-domiciliar-no-sistema-unico-de-saude-subsidios-a-gestao-do-cuidado\/\" rel=\"bookmark\">Desenvolvimento de tecnologias para a Aten\u00e7\u00e3o Domiciliar no Sistema \u00danico de Sa\u00fade: subs\u00eddios \u00e0 gest\u00e3o do cuidado &#8211; nesprom<\/a><\/h5>\t<div class=\"entry-meta entry-meta-divider-dot\">\n\t\t<\/div><!-- .entry-meta -->\n\t<\/header><!-- .entry-header -->\n<footer class=\"entry-footer\">\n\t\t\t<div class=\"entry-actions\">\n\t\t\t<p class=\"more-link-wrap\">\n\t\t\t\t<a href=\"https:\/\/memoria.ceam.unb.br\/index.php\/2022\/01\/18\/pq-005-desenvolvimento-de-tecnologias-para-a-atencao-domiciliar-no-sistema-unico-de-saude-subsidios-a-gestao-do-cuidado\/\" class=\"post-more-link\">\n\t\t\t\t\tMais<span class=\"screen-reader-text\"> Desenvolvimento de tecnologias para a Aten\u00e7\u00e3o Domiciliar no Sistema \u00danico de Sa\u00fade: subs\u00eddios \u00e0 gest\u00e3o do cuidado &#8211; nesprom<\/span><span class=\"kadence-svg-iconset svg-baseline\"><svg aria-hidden=\"true\" class=\"kadence-svg-icon kadence-arrow-right-alt-svg\" fill=\"currentColor\" version=\"1.1\" xmlns=\"http:\/\/www.w3.org\/2000\/svg\" width=\"27\" height=\"28\" viewBox=\"0 0 27 28\"><title>Continue<\/title><path d=\"M27 13.953c0 0.141-0.063 0.281-0.156 0.375l-6 5.531c-0.156 0.141-0.359 0.172-0.547 0.094-0.172-0.078-0.297-0.25-0.297-0.453v-3.5h-19.5c-0.281 0-0.5-0.219-0.5-0.5v-3c0-0.281 0.219-0.5 0.5-0.5h19.5v-3.5c0-0.203 0.109-0.375 0.297-0.453s0.391-0.047 0.547 0.078l6 5.469c0.094 0.094 0.156 0.219 0.156 0.359v0z\"><\/path>\n\t\t\t<\/svg><\/span>\t\t\t\t<\/a>\n\t\t\t<\/p>\n\t\t<\/div><!-- .entry-actions -->\n\t\t<\/footer><!-- .entry-footer -->\t<\/div>\n<\/article>\n<article class=\"entry content-bg loop-entry kb-post-no-image post-2208 post type-post status-publish format-standard hentry category-projetos_pesquisa category-sem-categoria tag-nelis tag-nt-001 tag-pesquisa tag-pq-002\">\n\t\t<div class=\"entry-content-wrap\">\n\t\t<header class=\"entry-header\">\n\t<h5 class=\"entry-title\"><a href=\"https:\/\/memoria.ceam.unb.br\/index.php\/2021\/10\/13\/pq-002-entre-a-justica-e-os-direitos-humanos-o-encontro-da-situacao-de-rua-com-a-lei-e-com-a-midia-o-caso-rafael-braga-vieira-em-diferentes-generos-discursivos-nelis\/\" rel=\"bookmark\">Entre a justi\u00e7a e os direitos humanos, o encontro da situa\u00e7\u00e3o de rua com a lei e com a m\u00eddia: o caso Rafael Braga Vieira em diferentes g\u00eaneros discursivos &#8211; nelis<\/a><\/h5>\t<div class=\"entry-meta entry-meta-divider-dot\">\n\t\t<\/div><!-- .entry-meta -->\n\t<\/header><!-- .entry-header -->\n<footer class=\"entry-footer\">\n\t\t\t<div class=\"entry-actions\">\n\t\t\t<p class=\"more-link-wrap\">\n\t\t\t\t<a href=\"https:\/\/memoria.ceam.unb.br\/index.php\/2021\/10\/13\/pq-002-entre-a-justica-e-os-direitos-humanos-o-encontro-da-situacao-de-rua-com-a-lei-e-com-a-midia-o-caso-rafael-braga-vieira-em-diferentes-generos-discursivos-nelis\/\" class=\"post-more-link\">\n\t\t\t\t\tMais<span class=\"screen-reader-text\"> Entre a justi\u00e7a e os direitos humanos, o encontro da situa\u00e7\u00e3o de rua com a lei e com a m\u00eddia: o caso Rafael Braga Vieira em diferentes g\u00eaneros discursivos &#8211; nelis<\/span><span class=\"kadence-svg-iconset svg-baseline\"><svg aria-hidden=\"true\" class=\"kadence-svg-icon kadence-arrow-right-alt-svg\" fill=\"currentColor\" version=\"1.1\" xmlns=\"http:\/\/www.w3.org\/2000\/svg\" width=\"27\" height=\"28\" viewBox=\"0 0 27 28\"><title>Continue<\/title><path d=\"M27 13.953c0 0.141-0.063 0.281-0.156 0.375l-6 5.531c-0.156 0.141-0.359 0.172-0.547 0.094-0.172-0.078-0.297-0.25-0.297-0.453v-3.5h-19.5c-0.281 0-0.5-0.219-0.5-0.5v-3c0-0.281 0.219-0.5 0.5-0.5h19.5v-3.5c0-0.203 0.109-0.375 0.297-0.453s0.391-0.047 0.547 0.078l6 5.469c0.094 0.094 0.156 0.219 0.156 0.359v0z\"><\/path>\n\t\t\t<\/svg><\/span>\t\t\t\t<\/a>\n\t\t\t<\/p>\n\t\t<\/div><!-- .entry-actions -->\n\t\t<\/footer><!-- .entry-footer -->\t<\/div>\n<\/article>\n<article class=\"entry content-bg loop-entry kb-post-no-image post-2559 post type-post status-publish format-standard hentry category-projetos_pesquisa category-sem-categoria tag-nesprom tag-nt-003 tag-pesquisa tag-pq-006\">\n\t\t<div class=\"entry-content-wrap\">\n\t\t<header class=\"entry-header\">\n\t<h5 class=\"entry-title\"><a href=\"https:\/\/memoria.ceam.unb.br\/index.php\/2022\/01\/18\/pq-006-limites-e-possibilidades-do-programa-de-internacao-domiciliar-desocupar-leitos-hospitalares-ocupados-por-portadores-de-doencas-cronico-degenerativas-na-comunidade-do-paranoa-df-nesprom\/\" rel=\"bookmark\">Limites e possibilidades do programa de interna\u00e7\u00e3o domiciliar desocupar leitos hospitalares ocupados por portadores de doen\u00e7as cr\u00f4nico degenerativas na comunidade do Parano\u00e1 DF &#8211; nesprom<\/a><\/h5>\t<div class=\"entry-meta entry-meta-divider-dot\">\n\t\t<\/div><!-- .entry-meta -->\n\t<\/header><!-- .entry-header -->\n<footer class=\"entry-footer\">\n\t\t\t<div class=\"entry-actions\">\n\t\t\t<p class=\"more-link-wrap\">\n\t\t\t\t<a href=\"https:\/\/memoria.ceam.unb.br\/index.php\/2022\/01\/18\/pq-006-limites-e-possibilidades-do-programa-de-internacao-domiciliar-desocupar-leitos-hospitalares-ocupados-por-portadores-de-doencas-cronico-degenerativas-na-comunidade-do-paranoa-df-nesprom\/\" class=\"post-more-link\">\n\t\t\t\t\tMais<span class=\"screen-reader-text\"> Limites e possibilidades do programa de interna\u00e7\u00e3o domiciliar desocupar leitos hospitalares ocupados por portadores de doen\u00e7as cr\u00f4nico degenerativas na comunidade do Parano\u00e1 DF &#8211; nesprom<\/span><span class=\"kadence-svg-iconset svg-baseline\"><svg aria-hidden=\"true\" class=\"kadence-svg-icon kadence-arrow-right-alt-svg\" fill=\"currentColor\" version=\"1.1\" xmlns=\"http:\/\/www.w3.org\/2000\/svg\" width=\"27\" height=\"28\" viewBox=\"0 0 27 28\"><title>Continue<\/title><path d=\"M27 13.953c0 0.141-0.063 0.281-0.156 0.375l-6 5.531c-0.156 0.141-0.359 0.172-0.547 0.094-0.172-0.078-0.297-0.25-0.297-0.453v-3.5h-19.5c-0.281 0-0.5-0.219-0.5-0.5v-3c0-0.281 0.219-0.5 0.5-0.5h19.5v-3.5c0-0.203 0.109-0.375 0.297-0.453s0.391-0.047 0.547 0.078l6 5.469c0.094 0.094 0.156 0.219 0.156 0.359v0z\"><\/path>\n\t\t\t<\/svg><\/span>\t\t\t\t<\/a>\n\t\t\t<\/p>\n\t\t<\/div><!-- .entry-actions -->\n\t\t<\/footer><!-- .entry-footer -->\t<\/div>\n<\/article>\n<article class=\"entry content-bg loop-entry kb-post-no-image post-2563 post type-post status-publish format-standard hentry category-projetos_pesquisa category-sem-categoria tag-nem tag-nt-002 tag-pesquisa tag-pq-007\">\n\t\t<div class=\"entry-content-wrap\">\n\t\t<header class=\"entry-header\">\n\t<h5 class=\"entry-title\"><a href=\"https:\/\/memoria.ceam.unb.br\/index.php\/2022\/01\/18\/pq-007-mercosul-politico-e-comunitario-aspectos-do-aprofundamento-da-integracao-nem\/\" rel=\"bookmark\">Mercosul Pol\u00edtico e Comunit\u00e1rio &#8211; aspectos do aprofundamento da integra\u00e7\u00e3o &#8211; NEM<\/a><\/h5>\t<div class=\"entry-meta entry-meta-divider-dot\">\n\t\t<\/div><!-- .entry-meta -->\n\t<\/header><!-- .entry-header -->\n<footer class=\"entry-footer\">\n\t\t\t<div class=\"entry-actions\">\n\t\t\t<p class=\"more-link-wrap\">\n\t\t\t\t<a href=\"https:\/\/memoria.ceam.unb.br\/index.php\/2022\/01\/18\/pq-007-mercosul-politico-e-comunitario-aspectos-do-aprofundamento-da-integracao-nem\/\" class=\"post-more-link\">\n\t\t\t\t\tMais<span class=\"screen-reader-text\"> Mercosul Pol\u00edtico e Comunit\u00e1rio &#8211; aspectos do aprofundamento da integra\u00e7\u00e3o &#8211; NEM<\/span><span class=\"kadence-svg-iconset svg-baseline\"><svg aria-hidden=\"true\" class=\"kadence-svg-icon kadence-arrow-right-alt-svg\" fill=\"currentColor\" version=\"1.1\" xmlns=\"http:\/\/www.w3.org\/2000\/svg\" width=\"27\" height=\"28\" viewBox=\"0 0 27 28\"><title>Continue<\/title><path d=\"M27 13.953c0 0.141-0.063 0.281-0.156 0.375l-6 5.531c-0.156 0.141-0.359 0.172-0.547 0.094-0.172-0.078-0.297-0.25-0.297-0.453v-3.5h-19.5c-0.281 0-0.5-0.219-0.5-0.5v-3c0-0.281 0.219-0.5 0.5-0.5h19.5v-3.5c0-0.203 0.109-0.375 0.297-0.453s0.391-0.047 0.547 0.078l6 5.469c0.094 0.094 0.156 0.219 0.156 0.359v0z\"><\/path>\n\t\t\t<\/svg><\/span>\t\t\t\t<\/a>\n\t\t\t<\/p>\n\t\t<\/div><!-- .entry-actions -->\n\t\t<\/footer><!-- .entry-footer -->\t<\/div>\n<\/article>\n<article class=\"entry content-bg loop-entry kb-post-no-image post-2552 post type-post status-publish format-standard hentry category-projetos_pesquisa category-sem-categoria tag-nesprom tag-nt-003 tag-pesquisa tag-pq-004\">\n\t\t<div class=\"entry-content-wrap\">\n\t\t<header class=\"entry-header\">\n\t<h5 class=\"entry-title\"><a href=\"https:\/\/memoria.ceam.unb.br\/index.php\/2022\/01\/18\/pq-004-mulhercidadania-desenvolvimento-de-tecnologia-ludico-educativa-no-enfrentamento-da-violencia-contra-a-mulher-jogo-violetas-e-vidas-violetas-nesprom\/\" rel=\"bookmark\">Mulher &#038; Cidadania: desenvolvimento de tecnologia l\u00fadico-educativa no enfrentamento da viol\u00eancia contra a mulher (Jogo Violetas e Vidas Violetas) &#8211; nesprom<\/a><\/h5>\t<div class=\"entry-meta entry-meta-divider-dot\">\n\t\t<\/div><!-- .entry-meta -->\n\t<\/header><!-- .entry-header -->\n<footer class=\"entry-footer\">\n\t\t\t<div class=\"entry-actions\">\n\t\t\t<p class=\"more-link-wrap\">\n\t\t\t\t<a href=\"https:\/\/memoria.ceam.unb.br\/index.php\/2022\/01\/18\/pq-004-mulhercidadania-desenvolvimento-de-tecnologia-ludico-educativa-no-enfrentamento-da-violencia-contra-a-mulher-jogo-violetas-e-vidas-violetas-nesprom\/\" class=\"post-more-link\">\n\t\t\t\t\tMais<span class=\"screen-reader-text\"> Mulher &#038; Cidadania: desenvolvimento de tecnologia l\u00fadico-educativa no enfrentamento da viol\u00eancia contra a mulher (Jogo Violetas e Vidas Violetas) &#8211; nesprom<\/span><span class=\"kadence-svg-iconset svg-baseline\"><svg aria-hidden=\"true\" class=\"kadence-svg-icon kadence-arrow-right-alt-svg\" fill=\"currentColor\" version=\"1.1\" xmlns=\"http:\/\/www.w3.org\/2000\/svg\" width=\"27\" height=\"28\" viewBox=\"0 0 27 28\"><title>Continue<\/title><path d=\"M27 13.953c0 0.141-0.063 0.281-0.156 0.375l-6 5.531c-0.156 0.141-0.359 0.172-0.547 0.094-0.172-0.078-0.297-0.25-0.297-0.453v-3.5h-19.5c-0.281 0-0.5-0.219-0.5-0.5v-3c0-0.281 0.219-0.5 0.5-0.5h19.5v-3.5c0-0.203 0.109-0.375 0.297-0.453s0.391-0.047 0.547 0.078l6 5.469c0.094 0.094 0.156 0.219 0.156 0.359v0z\"><\/path>\n\t\t\t<\/svg><\/span>\t\t\t\t<\/a>\n\t\t\t<\/p>\n\t\t<\/div><!-- .entry-actions -->\n\t\t<\/footer><!-- .entry-footer -->\t<\/div>\n<\/article>\n<\/div><\/div><\/div>\n<\/div>\n<\/div>\n","protected":false},"excerpt":{"rendered":"<p>Produ\u00e7\u00e3o &#8211; PROJETOS DE PESQUISA Projetos \u2026 <\/p>\n","protected":false},"author":2,"featured_media":0,"parent":122,"menu_order":0,"comment_status":"closed","ping_status":"closed","template":"","meta":{"footnotes":""},"class_list":["post-2202","page","type-page","status-publish","hentry"],"_links":{"self":[{"href":"https:\/\/memoria.ceam.unb.br\/index.php\/wp-json\/wp\/v2\/pages\/2202","targetHints":{"allow":["GET"]}}],"collection":[{"href":"https:\/\/memoria.ceam.unb.br\/index.php\/wp-json\/wp\/v2\/pages"}],"about":[{"href":"https:\/\/memoria.ceam.unb.br\/index.php\/wp-json\/wp\/v2\/types\/page"}],"author":[{"embeddable":true,"href":"https:\/\/memoria.ceam.unb.br\/index.php\/wp-json\/wp\/v2\/users\/2"}],"replies":[{"embeddable":true,"href":"https:\/\/memoria.ceam.unb.br\/index.php\/wp-json\/wp\/v2\/comments?post=2202"}],"version-history":[{"count":15,"href":"https:\/\/memoria.ceam.unb.br\/index.php\/wp-json\/wp\/v2\/pages\/2202\/revisions"}],"predecessor-version":[{"id":3262,"href":"https:\/\/memoria.ceam.unb.br\/index.php\/wp-json\/wp\/v2\/pages\/2202\/revisions\/3262"}],"up":[{"embeddable":true,"href":"https:\/\/memoria.ceam.unb.br\/index.php\/wp-json\/wp\/v2\/pages\/122"}],"wp:attachment":[{"href":"https:\/\/memoria.ceam.unb.br\/index.php\/wp-json\/wp\/v2\/media?parent=2202"}],"curies":[{"name":"wp","href":"https:\/\/api.w.org\/{rel}","templated":true}]}}