{"id":2221,"date":"2021-10-13T16:10:02","date_gmt":"2021-10-13T19:10:02","guid":{"rendered":"https:\/\/ceam.cdtc.unb.br\/index.php\/producao\/projetos-de-pesquisa-2\/"},"modified":"2022-02-25T14:11:01","modified_gmt":"2022-02-25T17:11:01","slug":"producao-projetos-de-extensao","status":"publish","type":"page","link":"https:\/\/memoria.ceam.unb.br\/index.php\/producao\/producao-projetos-de-extensao\/","title":{"rendered":"Produ\u00e7\u00e3o &#8211; Projetos de Extens\u00e3o"},"content":{"rendered":"\n<h5 class=\"kt-adv-heading_ff70a1-ad wp-block-kadence-advancedheading has-accent-2-color has-text-color\" data-kb-block=\"kb-adv-heading_ff70a1-ad\">Produ\u00e7\u00e3o &#8211; PROJETOS DE EXTENS\u00c3O<\/h5>\n\n\n\n<div class=\"wp-block-kadence-spacer aligncenter kt-block-spacer-_52783f-0a\"><div class=\"kt-block-spacer kt-block-spacer-halign-center\" style=\"height:25px\"><\/div><\/div>\n\n\n\n<div class=\"wp-block-columns is-layout-flex wp-container-core-columns-is-layout-9d6595d7 wp-block-columns-is-layout-flex\">\n<div class=\"wp-block-column is-layout-flow wp-block-column-is-layout-flow\" style=\"--col-width:218px;flex-basis:218px\">\n<ul class=\"wp-block-list\">\n<li><\/li>\n\n\n\n<li><strong><a href=\"https:\/\/memoria.ceam.unb.br\/index.php\/producao\/publicacoes_ceam\/\">Publica\u00e7\u00f5es CEAM<\/a><\/strong><\/li>\n\n\n\n<li><a href=\"https:\/\/ceam.cdtc.unb.br\/index.php\/producao\/producao-nucleos-tematicos-2\/\" data-type=\"page\" data-id=\"1325\"><strong>N\u00facleos Tem\u00e1ticos<\/strong><\/a><\/li>\n\n\n\n<li><strong><a href=\"https:\/\/ceam.cdtc.unb.br\/index.php\/producao\/producao-pos-graduacao\/\" data-type=\"page\" data-id=\"2227\">Programas de P\u00f3s-Gradua\u00e7\u00e3o<\/a><\/strong><\/li>\n\n\n\n<li><strong>DESTACADOS PELOS N\u00daCLEOS <\/strong><\/li>\n\n\n\n<li><strong><a href=\"https:\/\/memoria.ceam.unb.br\/index.php\/producao\/producao-cursos\/\">Cursos<\/a><\/strong><\/li>\n\n\n\n<li><strong><a href=\"https:\/\/ceam.cdtc.unb.br\/index.php\/producao\/producao-eventos-2\/\" data-type=\"page\" data-id=\"2151\">Eventos<\/a><\/strong><\/li>\n\n\n\n<li><strong><a href=\"https:\/\/ceam.cdtc.unb.br\/index.php\/producao\/producao-projetos-de-extensao\/\" data-type=\"page\">Projetos de Extens\u00e3o<\/a><\/strong><\/li>\n\n\n\n<li><strong><a href=\"https:\/\/ceam.cdtc.unb.br\/index.php\/producao\/producao-projetos-de-pesquisa\/\" data-type=\"page\">Projetos de Pesquisa<\/a><\/strong><\/li>\n\n\n\n<li><a href=\"https:\/\/memoria.ceam.unb.br\/index.php\/producao\/producao-publicacoes-nucleos-ppgs\/\" data-type=\"page\" data-id=\"3282\"><strong>Publica\u00e7\u00f5es N\u00facleos<\/strong><\/a><\/li>\n<\/ul>\n<\/div>\n\n\n\n<div class=\"wp-block-column is-layout-flow wp-block-column-is-layout-flow\" style=\"--col-width:80%;flex-basis:80%\">\n<div class=\"wp-block-group\"><div class=\"wp-block-group__inner-container is-layout-flow wp-block-group-is-layout-flow\">\n<p>Projetos de Extens\u00e3o indicados por N\u00facleos ou PPGs por aspectos relevantes da hist\u00f3ria de sua produ\u00e7\u00e3o.<\/p>\n\n\n\n<div class=\"wp-block-kadence-spacer aligncenter kt-block-spacer-_99890b-dd\"><div class=\"kt-block-spacer kt-block-spacer-halign-center\" style=\"height:60px\"><hr class=\"kt-divider\" style=\"border-top-color:#eee;border-top-width:1px;width:80%;border-top-style:solid\"\/><\/div><\/div>\n\n\n<style id=\"kt-blocks_552534-6b\">.kb-posts-id-_552534-6b .entry.loop-entry .entry-header .entry-title{font-size:16px;}<\/style><div class=\"wp-block-kadence-posts kb-posts kb-posts-id-_552534-6b content-wrap grid-cols kb-posts-style-unboxed grid-sm-col-3 grid-lg-col-3 item-image-style-above\"><article class=\"entry content-bg loop-entry kb-post-no-image post-2748 post type-post status-publish format-standard hentry category-projetos_extensao category-sem-categoria tag-ex-002-2 tag-extensao tag-nesprom tag-nt-003\">\n\t\t<div class=\"entry-content-wrap\">\n\t\t<header class=\"entry-header\">\n\t<h5 class=\"entry-title\"><a href=\"https:\/\/memoria.ceam.unb.br\/index.php\/2022\/02\/04\/ex-002-adolescencia-e-familia-estrategia-para-educacao-e-promocao-da-saude-nesprom\/\" rel=\"bookmark\">Adolesc\u00eancia e fam\u00edlia: estrat\u00e9gia para educa\u00e7\u00e3o e promo\u00e7\u00e3o da sa\u00fade-nesprom<\/a><\/h5>\t<div class=\"entry-meta entry-meta-divider-dot\">\n\t\t<\/div><!-- .entry-meta -->\n\t<\/header><!-- .entry-header -->\n<footer class=\"entry-footer\">\n\t\t\t<div class=\"entry-actions\">\n\t\t\t<p class=\"more-link-wrap\">\n\t\t\t\t<a href=\"https:\/\/memoria.ceam.unb.br\/index.php\/2022\/02\/04\/ex-002-adolescencia-e-familia-estrategia-para-educacao-e-promocao-da-saude-nesprom\/\" class=\"post-more-link\">\n\t\t\t\t\tMais<span class=\"screen-reader-text\"> Adolesc\u00eancia e fam\u00edlia: estrat\u00e9gia para educa\u00e7\u00e3o e promo\u00e7\u00e3o da sa\u00fade-nesprom<\/span><span class=\"kadence-svg-iconset svg-baseline\"><svg aria-hidden=\"true\" class=\"kadence-svg-icon kadence-arrow-right-alt-svg\" fill=\"currentColor\" version=\"1.1\" xmlns=\"http:\/\/www.w3.org\/2000\/svg\" width=\"27\" height=\"28\" viewBox=\"0 0 27 28\"><title>Continue<\/title><path d=\"M27 13.953c0 0.141-0.063 0.281-0.156 0.375l-6 5.531c-0.156 0.141-0.359 0.172-0.547 0.094-0.172-0.078-0.297-0.25-0.297-0.453v-3.5h-19.5c-0.281 0-0.5-0.219-0.5-0.5v-3c0-0.281 0.219-0.5 0.5-0.5h19.5v-3.5c0-0.203 0.109-0.375 0.297-0.453s0.391-0.047 0.547 0.078l6 5.469c0.094 0.094 0.156 0.219 0.156 0.359v0z\"><\/path>\n\t\t\t<\/svg><\/span>\t\t\t\t<\/a>\n\t\t\t<\/p>\n\t\t<\/div><!-- .entry-actions -->\n\t\t<\/footer><!-- .entry-footer -->\t<\/div>\n<\/article>\n<article class=\"entry content-bg loop-entry kb-post-no-image post-1935 post type-post status-publish format-standard hentry category-projetos_extensao category-sem-categoria tag-ex-001 tag-extensao tag-nelis tag-nt-001\">\n\t\t<div class=\"entry-content-wrap\">\n\t\t<header class=\"entry-header\">\n\t<h5 class=\"entry-title\"><a href=\"https:\/\/memoria.ceam.unb.br\/index.php\/2021\/10\/05\/ex-001-politica-de-corpo-e-discursividades-categorias-transdisciplinares-nelis\/\" rel=\"bookmark\">Pol\u00edtica de Corpo e Discursividades: categorias transdisciplinares &#8211; nelis<\/a><\/h5>\t<div class=\"entry-meta entry-meta-divider-dot\">\n\t\t<\/div><!-- .entry-meta -->\n\t<\/header><!-- .entry-header -->\n<footer class=\"entry-footer\">\n\t\t\t<div class=\"entry-actions\">\n\t\t\t<p class=\"more-link-wrap\">\n\t\t\t\t<a href=\"https:\/\/memoria.ceam.unb.br\/index.php\/2021\/10\/05\/ex-001-politica-de-corpo-e-discursividades-categorias-transdisciplinares-nelis\/\" class=\"post-more-link\">\n\t\t\t\t\tMais<span class=\"screen-reader-text\"> Pol\u00edtica de Corpo e Discursividades: categorias transdisciplinares &#8211; nelis<\/span><span class=\"kadence-svg-iconset svg-baseline\"><svg aria-hidden=\"true\" class=\"kadence-svg-icon kadence-arrow-right-alt-svg\" fill=\"currentColor\" version=\"1.1\" xmlns=\"http:\/\/www.w3.org\/2000\/svg\" width=\"27\" height=\"28\" viewBox=\"0 0 27 28\"><title>Continue<\/title><path d=\"M27 13.953c0 0.141-0.063 0.281-0.156 0.375l-6 5.531c-0.156 0.141-0.359 0.172-0.547 0.094-0.172-0.078-0.297-0.25-0.297-0.453v-3.5h-19.5c-0.281 0-0.5-0.219-0.5-0.5v-3c0-0.281 0.219-0.5 0.5-0.5h19.5v-3.5c0-0.203 0.109-0.375 0.297-0.453s0.391-0.047 0.547 0.078l6 5.469c0.094 0.094 0.156 0.219 0.156 0.359v0z\"><\/path>\n\t\t\t<\/svg><\/span>\t\t\t\t<\/a>\n\t\t\t<\/p>\n\t\t<\/div><!-- .entry-actions -->\n\t\t<\/footer><!-- .entry-footer -->\t<\/div>\n<\/article>\n<article class=\"entry content-bg loop-entry kb-post-no-image post-2751 post type-post status-publish format-standard hentry category-projetos_extensao category-sem-categoria tag-ex-003 tag-extensao tag-nesprom tag-nt-003\">\n\t\t<div class=\"entry-content-wrap\">\n\t\t<header class=\"entry-header\">\n\t<h5 class=\"entry-title\"><a href=\"https:\/\/memoria.ceam.unb.br\/index.php\/2022\/02\/04\/ex-003-proacessus-unb-promocao-do-acesso-a-saude-no-sus\/\" rel=\"bookmark\">ProAcesSUS-UnB -Promo\u00e7\u00e3o do Acesso \u00e0 Sa\u00fade no SUS<\/a><\/h5>\t<div class=\"entry-meta entry-meta-divider-dot\">\n\t\t<\/div><!-- .entry-meta -->\n\t<\/header><!-- .entry-header -->\n<footer class=\"entry-footer\">\n\t\t\t<div class=\"entry-actions\">\n\t\t\t<p class=\"more-link-wrap\">\n\t\t\t\t<a href=\"https:\/\/memoria.ceam.unb.br\/index.php\/2022\/02\/04\/ex-003-proacessus-unb-promocao-do-acesso-a-saude-no-sus\/\" class=\"post-more-link\">\n\t\t\t\t\tMais<span class=\"screen-reader-text\"> ProAcesSUS-UnB -Promo\u00e7\u00e3o do Acesso \u00e0 Sa\u00fade no SUS<\/span><span class=\"kadence-svg-iconset svg-baseline\"><svg aria-hidden=\"true\" class=\"kadence-svg-icon kadence-arrow-right-alt-svg\" fill=\"currentColor\" version=\"1.1\" xmlns=\"http:\/\/www.w3.org\/2000\/svg\" width=\"27\" height=\"28\" viewBox=\"0 0 27 28\"><title>Continue<\/title><path d=\"M27 13.953c0 0.141-0.063 0.281-0.156 0.375l-6 5.531c-0.156 0.141-0.359 0.172-0.547 0.094-0.172-0.078-0.297-0.25-0.297-0.453v-3.5h-19.5c-0.281 0-0.5-0.219-0.5-0.5v-3c0-0.281 0.219-0.5 0.5-0.5h19.5v-3.5c0-0.203 0.109-0.375 0.297-0.453s0.391-0.047 0.547 0.078l6 5.469c0.094 0.094 0.156 0.219 0.156 0.359v0z\"><\/path>\n\t\t\t<\/svg><\/span>\t\t\t\t<\/a>\n\t\t\t<\/p>\n\t\t<\/div><!-- .entry-actions -->\n\t\t<\/footer><!-- .entry-footer -->\t<\/div>\n<\/article>\n<\/div><\/div><\/div>\n<\/div>\n<\/div>\n","protected":false},"excerpt":{"rendered":"<p>Produ\u00e7\u00e3o &#8211; PROJETOS DE EXTENS\u00c3O Projetos \u2026 <\/p>\n","protected":false},"author":2,"featured_media":0,"parent":122,"menu_order":0,"comment_status":"closed","ping_status":"closed","template":"","meta":{"footnotes":""},"class_list":["post-2221","page","type-page","status-publish","hentry"],"_links":{"self":[{"href":"https:\/\/memoria.ceam.unb.br\/index.php\/wp-json\/wp\/v2\/pages\/2221","targetHints":{"allow":["GET"]}}],"collection":[{"href":"https:\/\/memoria.ceam.unb.br\/index.php\/wp-json\/wp\/v2\/pages"}],"about":[{"href":"https:\/\/memoria.ceam.unb.br\/index.php\/wp-json\/wp\/v2\/types\/page"}],"author":[{"embeddable":true,"href":"https:\/\/memoria.ceam.unb.br\/index.php\/wp-json\/wp\/v2\/users\/2"}],"replies":[{"embeddable":true,"href":"https:\/\/memoria.ceam.unb.br\/index.php\/wp-json\/wp\/v2\/comments?post=2221"}],"version-history":[{"count":15,"href":"https:\/\/memoria.ceam.unb.br\/index.php\/wp-json\/wp\/v2\/pages\/2221\/revisions"}],"predecessor-version":[{"id":3260,"href":"https:\/\/memoria.ceam.unb.br\/index.php\/wp-json\/wp\/v2\/pages\/2221\/revisions\/3260"}],"up":[{"embeddable":true,"href":"https:\/\/memoria.ceam.unb.br\/index.php\/wp-json\/wp\/v2\/pages\/122"}],"wp:attachment":[{"href":"https:\/\/memoria.ceam.unb.br\/index.php\/wp-json\/wp\/v2\/media?parent=2221"}],"curies":[{"name":"wp","href":"https:\/\/api.w.org\/{rel}","templated":true}]}}