{"id":2227,"date":"2021-10-13T16:16:12","date_gmt":"2021-10-13T19:16:12","guid":{"rendered":"https:\/\/ceam.cdtc.unb.br\/index.php\/producao\/eventos\/"},"modified":"2022-02-25T10:20:00","modified_gmt":"2022-02-25T13:20:00","slug":"producao-pos-graduacao","status":"publish","type":"page","link":"https:\/\/memoria.ceam.unb.br\/index.php\/producao\/producao-pos-graduacao\/","title":{"rendered":"Produ\u00e7\u00e3o &#8211; P\u00f3s-Gradua\u00e7\u00e3o"},"content":{"rendered":"\n<h5 class=\"kt-adv-heading_ff70a1-ad wp-block-kadence-advancedheading has-accent-2-color has-text-color\" data-kb-block=\"kb-adv-heading_ff70a1-ad\">Produ\u00e7\u00e3o &#8211; PROGRAMAS DE P\u00d3S-GRADUA\u00c7\u00c3O<\/h5>\n\n\n\n<div class=\"wp-block-kadence-spacer aligncenter kt-block-spacer-_52783f-0a\"><div class=\"kt-block-spacer kt-block-spacer-halign-center\" style=\"height:25px\"><\/div><\/div>\n\n\n\n<div class=\"wp-block-columns is-layout-flex wp-container-core-columns-is-layout-9d6595d7 wp-block-columns-is-layout-flex\">\n<div class=\"wp-block-column is-layout-flow wp-block-column-is-layout-flow\" style=\"--col-width:200px;flex-basis:200px\">\n<ul class=\"wp-block-list\">\n<li><\/li>\n\n\n\n<li><strong><a href=\"https:\/\/memoria.ceam.unb.br\/index.php\/producao\/publicacoes_ceam\/\">Publica\u00e7\u00f5es CEAM<\/a><\/strong><\/li>\n\n\n\n<li><a href=\"https:\/\/ceam.cdtc.unb.br\/index.php\/producao\/producao-nucleos-tematicos-2\/\" data-type=\"page\" data-id=\"1325\"><strong>N\u00facleos Tem\u00e1ticos<\/strong><\/a><\/li>\n\n\n\n<li><strong><a href=\"https:\/\/ceam.cdtc.unb.br\/index.php\/producao\/producao-pos-graduacao\/\" data-type=\"page\" data-id=\"2227\">Programas de P\u00f3s-Gradua\u00e7\u00e3o<\/a><\/strong><\/li>\n\n\n\n<li><strong>DESTACADOS PELOS N\u00daCLEOS <\/strong><\/li>\n\n\n\n<li><strong><a href=\"https:\/\/memoria.ceam.unb.br\/index.php\/producao\/producao-cursos\/\">Cursos<\/a><\/strong><\/li>\n\n\n\n<li><strong><a href=\"https:\/\/ceam.cdtc.unb.br\/index.php\/producao\/producao-eventos-2\/\" data-type=\"page\" data-id=\"2151\">Eventos<\/a><\/strong><\/li>\n\n\n\n<li><strong><a href=\"https:\/\/ceam.cdtc.unb.br\/index.php\/producao\/producao-projetos-de-extensao\/\" data-type=\"page\">Projetos de Extens\u00e3o<\/a><\/strong><\/li>\n\n\n\n<li><strong><a href=\"https:\/\/ceam.cdtc.unb.br\/index.php\/producao\/producao-projetos-de-pesquisa\/\" data-type=\"page\">Projetos de Pesquisa<\/a><\/strong><\/li>\n\n\n\n<li><a href=\"https:\/\/memoria.ceam.unb.br\/index.php\/producao\/producao-publicacoes-nucleos-ppgs\/\" data-type=\"page\" data-id=\"3282\"><strong>Publica\u00e7\u00f5es N\u00facleos<\/strong><\/a><\/li>\n<\/ul>\n<\/div>\n\n\n\n<div class=\"wp-block-column is-layout-flow wp-block-column-is-layout-flow\" style=\"--col-width:66.66%;flex-basis:66.66%\">\n<div class=\"wp-block-group\"><div class=\"wp-block-group__inner-container is-layout-flow wp-block-group-is-layout-flow\">\n<div class=\"wp-block-columns is-layout-flex wp-container-core-columns-is-layout-9d6595d7 wp-block-columns-is-layout-flex\">\n<div class=\"wp-block-column is-layout-flow wp-block-column-is-layout-flow\"><style id=\"kt-blocks_604c9a-db\">.kb-posts-id-_604c9a-db .entry.loop-entry .entry-header .entry-title{font-size:16px;}<\/style><div class=\"wp-block-kadence-posts kb-posts kb-posts-id-_604c9a-db content-wrap grid-cols kb-posts-style-unboxed grid-sm-col-2 grid-lg-col-3 item-image-style-above\"><article class=\"entry content-bg loop-entry kb-post-no-image post-3223 post type-post status-publish format-standard hentry category-ppg category-sem-categoria tag-pg-004\">\n\t\t<div class=\"entry-content-wrap\">\n\t\t<header class=\"entry-header\">\n\t<h5 class=\"entry-title\"><a href=\"https:\/\/memoria.ceam.unb.br\/index.php\/2022\/02\/24\/ceeaz\/\" rel=\"bookmark\">CEEAz<\/a><\/h5>\t<div class=\"entry-meta entry-meta-divider-dot\">\n\t\t<\/div><!-- .entry-meta -->\n\t<\/header><!-- .entry-header -->\n\t<div class=\"entry-summary\">\n\t\t<p>Nome: Curso de P\u00f3s-Gradua\u00e7\u00e3o Latu Sensu \u2026 <\/p>\n\t<\/div><!-- .entry-summary -->\n\t<footer class=\"entry-footer\">\n\t<\/footer><!-- .entry-footer -->\t<\/div>\n<\/article>\n<article class=\"entry content-bg loop-entry kb-post-no-image post-2693 post type-post status-publish format-standard hentry category-ppg category-sem-categoria tag-pg-003\">\n\t\t<div class=\"entry-content-wrap\">\n\t\t<header class=\"entry-header\">\n\t<h5 class=\"entry-title\"><a href=\"https:\/\/memoria.ceam.unb.br\/index.php\/2022\/02\/04\/eppijd\/\" rel=\"bookmark\">EPPIJD<\/a><\/h5>\t<div class=\"entry-meta entry-meta-divider-dot\">\n\t\t<\/div><!-- .entry-meta -->\n\t<\/header><!-- .entry-header -->\n\t<div class=\"entry-summary\">\n\t\t<p>Nome: Curso de Especializa\u00e7\u00e3o em Pol\u00edticas \u2026 <\/p>\n\t<\/div><!-- .entry-summary -->\n\t<footer class=\"entry-footer\">\n\t<\/footer><!-- .entry-footer -->\t<\/div>\n<\/article>\n<article class=\"entry content-bg loop-entry kb-post-no-image post-2244 post type-post status-publish format-standard hentry category-ppg category-sem-categoria tag-pg-001\">\n\t\t<div class=\"entry-content-wrap\">\n\t\t<header class=\"entry-header\">\n\t<h5 class=\"entry-title\"><a href=\"https:\/\/memoria.ceam.unb.br\/index.php\/2021\/10\/13\/ppgdh-pg-001\/\" rel=\"bookmark\">PPGDH<\/a><\/h5>\t<div class=\"entry-meta entry-meta-divider-dot\">\n\t\t<\/div><!-- .entry-meta -->\n\t<\/header><!-- .entry-header -->\n\t<div class=\"entry-summary\">\n\t\t<p>Nome: Programa de P\u00f3s-Gradua\u00e7\u00e3o em Direitos \u2026 <\/p>\n\t<\/div><!-- .entry-summary -->\n\t<footer class=\"entry-footer\">\n\t<\/footer><!-- .entry-footer -->\t<\/div>\n<\/article>\n<article class=\"entry content-bg loop-entry kb-post-no-image post-2249 post type-post status-publish format-standard hentry category-ppg category-sem-categoria tag-pg-002\">\n\t\t<div class=\"entry-content-wrap\">\n\t\t<header class=\"entry-header\">\n\t<h5 class=\"entry-title\"><a href=\"https:\/\/memoria.ceam.unb.br\/index.php\/2021\/10\/13\/ppgdsci-pg-002\/\" rel=\"bookmark\">PPGDSCI<\/a><\/h5>\t<div class=\"entry-meta entry-meta-divider-dot\">\n\t\t<\/div><!-- .entry-meta -->\n\t<\/header><!-- .entry-header -->\n\t<div class=\"entry-summary\">\n\t\t<p>Nome: Programa de P\u00f3s-Gradua\u00e7\u00e3o em Desenvolvimento, \u2026 <\/p>\n\t<\/div><!-- .entry-summary -->\n\t<footer class=\"entry-footer\">\n\t<\/footer><!-- .entry-footer -->\t<\/div>\n<\/article>\n<article class=\"entry content-bg loop-entry kb-post-no-image post-3227 post type-post status-publish format-standard hentry category-ppg category-sem-categoria\">\n\t\t<div class=\"entry-content-wrap\">\n\t\t<header class=\"entry-header\">\n\t<h5 class=\"entry-title\"><a href=\"https:\/\/memoria.ceam.unb.br\/index.php\/2022\/02\/24\/ppgppij\/\" rel=\"bookmark\">PPGPPIJ<\/a><\/h5>\t<div class=\"entry-meta entry-meta-divider-dot\">\n\t\t<\/div><!-- .entry-meta -->\n\t<\/header><!-- .entry-header -->\n\t<div class=\"entry-summary\">\n\t\t<p>Nome: Programa de P\u00f3s-Gradua\u00e7\u00e3o em Pol\u00edticas \u2026 <\/p>\n\t<\/div><!-- .entry-summary -->\n\t<footer class=\"entry-footer\">\n\t<\/footer><!-- .entry-footer -->\t<\/div>\n<\/article>\n<\/div><\/div>\n<\/div>\n<\/div><\/div>\n<\/div>\n<\/div>\n","protected":false},"excerpt":{"rendered":"<p>Produ\u00e7\u00e3o &#8211; PROGRAMAS DE P\u00d3S-GRADUA\u00c7\u00c3O<\/p>\n","protected":false},"author":2,"featured_media":0,"parent":122,"menu_order":0,"comment_status":"closed","ping_status":"closed","template":"","meta":{"footnotes":""},"class_list":["post-2227","page","type-page","status-publish","hentry"],"_links":{"self":[{"href":"https:\/\/memoria.ceam.unb.br\/index.php\/wp-json\/wp\/v2\/pages\/2227","targetHints":{"allow":["GET"]}}],"collection":[{"href":"https:\/\/memoria.ceam.unb.br\/index.php\/wp-json\/wp\/v2\/pages"}],"about":[{"href":"https:\/\/memoria.ceam.unb.br\/index.php\/wp-json\/wp\/v2\/types\/page"}],"author":[{"embeddable":true,"href":"https:\/\/memoria.ceam.unb.br\/index.php\/wp-json\/wp\/v2\/users\/2"}],"replies":[{"embeddable":true,"href":"https:\/\/memoria.ceam.unb.br\/index.php\/wp-json\/wp\/v2\/comments?post=2227"}],"version-history":[{"count":16,"href":"https:\/\/memoria.ceam.unb.br\/index.php\/wp-json\/wp\/v2\/pages\/2227\/revisions"}],"predecessor-version":[{"id":3256,"href":"https:\/\/memoria.ceam.unb.br\/index.php\/wp-json\/wp\/v2\/pages\/2227\/revisions\/3256"}],"up":[{"embeddable":true,"href":"https:\/\/memoria.ceam.unb.br\/index.php\/wp-json\/wp\/v2\/pages\/122"}],"wp:attachment":[{"href":"https:\/\/memoria.ceam.unb.br\/index.php\/wp-json\/wp\/v2\/media?parent=2227"}],"curies":[{"name":"wp","href":"https:\/\/api.w.org\/{rel}","templated":true}]}}