{"id":2662,"date":"2022-02-04T10:21:14","date_gmt":"2022-02-04T13:21:14","guid":{"rendered":"https:\/\/ceam.cdtc.unb.br\/?page_id=2662"},"modified":"2022-02-24T19:15:27","modified_gmt":"2022-02-24T22:15:27","slug":"projeto-historias-cruzadas-a-universidade-e-a-cidade","status":"publish","type":"page","link":"https:\/\/memoria.ceam.unb.br\/index.php\/projeto-historias-cruzadas-a-universidade-e-a-cidade\/","title":{"rendered":"Projeto Hist\u00f3rias Cruzadas: a universidade e a cidade"},"content":{"rendered":"\n<div class=\"wp-block-kadence-spacer aligncenter kt-block-spacer-_e8e20d-c8\"><div class=\"kt-block-spacer kt-block-spacer-halign-center\" style=\"height:60px\"><hr class=\"kt-divider\" style=\"border-top-color:#eee;border-top-width:1px;width:80%;border-top-style:solid\"\/><\/div><\/div>\n\n\n\n<div class=\"wp-block-columns is-layout-flex wp-container-core-columns-is-layout-9d6595d7 wp-block-columns-is-layout-flex\">\n<div class=\"wp-block-column is-layout-flow wp-block-column-is-layout-flow\">\n<p>No contexto da Semana Universit\u00e1ria UnB 2021, foram lan\u00e7ados os produtos resultantes do\u00a0<strong>Projeto Hist\u00f3rias Cruzadas: a cidade e a universidade<\/strong>, desenvolvidos pelo Centro de Estudos Avan\u00e7ados Multidisciplinares &#8211; CEAM\/UnB, sendo um e-book com interface de \u00e1udio com narrativas biogr\u00e1ficas e um document\u00e1rio que relata as viv\u00eancias e experi\u00eancias de personalidades, salvaguardadas as licen\u00e7as po\u00e9ticas, que t\u00eam sua hist\u00f3ria transpassada entre os caminhos da Universidade e da Cidade de Bras\u00edlia.<\/p>\n\n\n\n<p>\u2022 Leia mat\u00e9ria completa produzida pela Secom\/UnB em:&nbsp;<a rel=\"noreferrer noopener\" href=\"https:\/\/noticias.unb.br\/112-extensao-e-comunidade\/4646-projeto-de-extensao-conta-historias-que-entrelacam-brasilia-e-sua-universidade\" target=\"_blank\">https:\/\/noticias.unb.br\/112-extensao-e-comunidade\/4646-projeto-de-extensao-conta-historias-que-entrelacam-brasilia-e-sua-universidade<\/a><\/p>\n<\/div>\n\n\n\n<div class=\"wp-block-column is-layout-flow wp-block-column-is-layout-flow\">\n<p>O projeto elaborado por uma equipe multidisciplinar \u00e9 resultado do Edital 60 anos da UnB e os produtos resultantes est\u00e3o dispon\u00edveis para acesso p\u00fablico e gratuito nos links abaixo:<\/p>\n\n\n\n<p><strong>\u2022 <a href=\"https:\/\/ceam.cdtc.unb.br\/index.php\/historias-cruzadas\/\">e- book<\/a><\/strong><\/p>\n\n\n\n<p><strong>\u2022 <a rel=\"noreferrer noopener\" href=\"https:\/\/youtu.be\/klxi8jmBOX8\" target=\"_blank\">V\u00eddeo document\u00e1rio<\/a><\/strong><\/p>\n\n\n\n<p><strong>\u2022&nbsp;<a rel=\"noreferrer noopener\" href=\"https:\/\/www.youtube.com\/watch?v=DJlGanLgWks&amp;list=PLNgZ_EJbH-2f1rrQPw85y8OsekjCZo5k4&amp;index=1\" data-type=\"URL\" data-id=\"https:\/\/www.youtube.com\/watch?v=DJlGanLgWks&amp;list=PLNgZ_EJbH-2f1rrQPw85y8OsekjCZo5k4&amp;index=1\" target=\"_blank\"><em>Live<\/em> de lan\u00e7amento Semana Universit\u00e1rira 2021<\/a><\/strong><\/p>\n<\/div>\n<\/div>\n\n\n\n<p><\/p>\n\n\n\n<p><\/p>\n\n\n\n<p><\/p>\n\n\n\n<p><\/p>\n","protected":false},"excerpt":{"rendered":"<p>No contexto da Semana Universit\u00e1ria UnB \u2026 <\/p>\n","protected":false},"author":2,"featured_media":2666,"parent":0,"menu_order":0,"comment_status":"closed","ping_status":"closed","template":"","meta":{"footnotes":""},"class_list":["post-2662","page","type-page","status-publish","has-post-thumbnail","hentry"],"_links":{"self":[{"href":"https:\/\/memoria.ceam.unb.br\/index.php\/wp-json\/wp\/v2\/pages\/2662","targetHints":{"allow":["GET"]}}],"collection":[{"href":"https:\/\/memoria.ceam.unb.br\/index.php\/wp-json\/wp\/v2\/pages"}],"about":[{"href":"https:\/\/memoria.ceam.unb.br\/index.php\/wp-json\/wp\/v2\/types\/page"}],"author":[{"embeddable":true,"href":"https:\/\/memoria.ceam.unb.br\/index.php\/wp-json\/wp\/v2\/users\/2"}],"replies":[{"embeddable":true,"href":"https:\/\/memoria.ceam.unb.br\/index.php\/wp-json\/wp\/v2\/comments?post=2662"}],"version-history":[{"count":12,"href":"https:\/\/memoria.ceam.unb.br\/index.php\/wp-json\/wp\/v2\/pages\/2662\/revisions"}],"predecessor-version":[{"id":3220,"href":"https:\/\/memoria.ceam.unb.br\/index.php\/wp-json\/wp\/v2\/pages\/2662\/revisions\/3220"}],"wp:featuredmedia":[{"embeddable":true,"href":"https:\/\/memoria.ceam.unb.br\/index.php\/wp-json\/wp\/v2\/media\/2666"}],"wp:attachment":[{"href":"https:\/\/memoria.ceam.unb.br\/index.php\/wp-json\/wp\/v2\/media?parent=2662"}],"curies":[{"name":"wp","href":"https:\/\/api.w.org\/{rel}","templated":true}]}}