{"id":3141,"date":"2022-02-18T11:45:18","date_gmt":"2022-02-18T14:45:18","guid":{"rendered":"https:\/\/ceam.cdtc.unb.br\/index.php\/memoria_ceam\/memoria-documentario-projeto-memoria\/"},"modified":"2022-02-18T15:35:28","modified_gmt":"2022-02-18T18:35:28","slug":"memoria-profs-emeritos-ceam","status":"publish","type":"page","link":"https:\/\/memoria.ceam.unb.br\/index.php\/memoria_ceam\/memoria-profs-emeritos-ceam\/","title":{"rendered":"Mem\u00f3ria &#8211; Em\u00e9ritos Ceam"},"content":{"rendered":"\n<h5 class=\"kt-adv-heading_52473b-06 wp-block-kadence-advancedheading has-accent-2-color has-text-color\" data-kb-block=\"kb-adv-heading_52473b-06\">MEM\u00d3RIA DO CEAM &#8211; Professoras\/es Em\u00e9ritas\/os do CEAM<\/h5>\n\n\n\n<div class=\"wp-block-kadence-spacer aligncenter kt-block-spacer-_b706d7-0d\"><div class=\"kt-block-spacer kt-block-spacer-halign-center\" style=\"height:25px\"><\/div><\/div>\n\n\n\n<p>O T\u00edtulo de Professora e Professor Em\u00e9rita\/o de uma institui\u00e7\u00e3o universit\u00e1ria \u00e9 conferido a professoras\/es aposentadas\/os que alcan\u00e7aram grande grau de express\u00e3o e destaque em sua produ\u00e7\u00e3o e trajet\u00f3ria acad\u00eamicas. O CEAM orgulha-se de poder contar com quadro docente de alto n\u00edvel e reconhecimento de professoras\/es em exerc\u00edcio e aposentadas\/os, entre as\/os quais tr\u00eas Em\u00e9ritas\/os. <\/p>\n\n\n\n<div class=\"wp-block-kadence-spacer aligncenter kt-block-spacer-_6d2cc6-d6\"><div class=\"kt-block-spacer kt-block-spacer-halign-center\" style=\"height:25px\"><\/div><\/div>\n\n\n\n<p><\/p>\n\n\n\n<div class=\"wp-block-columns is-layout-flex wp-container-core-columns-is-layout-9d6595d7 wp-block-columns-is-layout-flex\">\n<div class=\"wp-block-column is-layout-flow wp-block-column-is-layout-flow\" style=\"--col-width:200px;flex-basis:200px\">\n<ul id=\"block-781df1fc-e8a9-49cd-b102-3a0fd04bbcd1\" class=\"is-style-tw-border-inner wp-block-list\" style=\"font-size:13px\"><li><\/li><li><strong><a href=\"https:\/\/memoria.ceam.unb.br\/index.php\/memoria_ceam\/memoria-documentos-historicos\/\">Documentos hist\u00f3ricos<\/a><\/strong><\/li><li><strong><a href=\"https:\/\/memoria.ceam.unb.br\/index.php\/memoria_ceam\/memoria-fotos-historicas\/\">Fotos hist\u00f3ricas<\/a><\/strong><\/li><li><strong>MEM\u00d3RIA &#8211; IMPRESSOS<\/strong><ul><li><strong><a href=\"https:\/\/memoria.ceam.unb.br\/index.php\/memoria_ceam\/memoria-impressos-cartazes\/\">Cartazes e posters<\/a><\/strong><\/li><li><strong><a href=\"https:\/\/memoria.ceam.unb.br\/index.php\/memoria_ceam\/memoria-impressos-cartazes-2\/\">Publica\u00e7\u00f5es<\/a> <\/strong><\/li><\/ul><\/li><li><strong>MEM\u00d3RIA &#8211; PROJETO<\/strong><ul><li><strong><a href=\"https:\/\/memoria.ceam.unb.br\/index.php\/memoria_ceam\/memoria-fotos-projeto-documentario\/\">Fotos Projeto Mem\u00f3ria<\/a><\/strong><\/li><li><strong><a href=\"https:\/\/memoria.ceam.unb.br\/index.php\/memoria_ceam\/memoria-documentario\/\">V\u00eddeo document\u00e1rio<\/a><\/strong><\/li><\/ul><\/li><li><a href=\"https:\/\/ceam.cdtc.unb.br\/index.php\/memoria_ceam\/memoria-profs-emeritos-ceam\/\"><strong>Em\u00e9ritos CEAM<\/strong><\/a><\/li><li><a href=\"https:\/\/ceam.cdtc.unb.br\/index.php\/memoria_ceam\/memoria-seminario-35-anos-ceam\/\"><strong>Semin\u00e1rio 35 anos CEAM<\/strong><\/a><\/li><li><\/li><\/ul>\n\n\n\n<div class=\"wp-block-kadence-spacer aligncenter kt-block-spacer-_5fa8f4-ef\"><div class=\"kt-block-spacer kt-block-spacer-halign-center\" style=\"height:60px\"><hr class=\"kt-divider\" style=\"border-top-color:#eee;border-top-width:1px;width:80%;border-top-style:solid\"\/><\/div><\/div>\n<\/div>\n\n\n\n<div class=\"wp-block-column is-layout-flow wp-block-column-is-layout-flow\"><\/div>\n\n\n\n<div class=\"wp-block-column is-layout-flow wp-block-column-is-layout-flow\" style=\"--col-width:66.66%;flex-basis:66.66%\">\n<div class=\"wp-block-media-text alignwide is-stacked-on-mobile\" style=\"grid-template-columns:35% auto\"><figure class=\"wp-block-media-text__media\"><img loading=\"lazy\" decoding=\"async\" width=\"443\" height=\"332\" src=\"https:\/\/ceam.cdtc.unb.br\/wp-content\/uploads\/2022\/02\/prof_nielsen.jpg\" alt=\"\" class=\"wp-image-3149 size-full\"\/><\/figure><div class=\"wp-block-media-text__content\">\n<p style=\"font-size:12px\"><strong>Professor Nielsen de Paula Pires &#8211; Co-fundador e ex-diretor do CEAM<\/strong><\/p>\n\n\n\n<p style=\"font-size:12px\">Com reconhecida trajet\u00f3ria internacional e tr\u00eas d\u00e9cadas dedicadas \u00e0 Universidade de Bras\u00edlia, o docente e cientista pol\u00edtico <strong>Nielsen de Paula Pires<\/strong> \u00e9 em\u00e9rito da UnB. A outorga do t\u00edtulo aconteceu em 18\/11\/202, em cerim\u00f4nia que resgatou a trajet\u00f3ria do professor \u2013 um dos fundadores e o primeiro diretor do Ceam\/UnB. T\u00edtulo foi aprovada na 466\u00aa reuni\u00e3o do Conselho Universit\u00e1rio (Consuni), 31\/01\/2020.<\/p>\n<\/div><\/div>\n\n\n\n<p style=\"font-size:12px\">\u2022 <a rel=\"noreferrer noopener\" href=\"https:\/\/noticias.unb.br\/39-homenagem\/4590-cientista-politico-e-cofundador-do-ceam-nielsen-de-paula-pires-e-novo-emerito-da-unb\" target=\"_blank\">Mat\u00e9ria completa UnB Not\u00edcias<\/a> <\/p>\n\n\n\n<p style=\"font-size:12px\">\u2022 <a rel=\"noreferrer noopener\" href=\"https:\/\/www.youtube.com\/watch?v=XGsmGoAFA_M&amp;list=PLNgZ_EJbH-2cfxZ9jLMHeDDVx8R8voogd&amp;index=1&amp;t=36\" target=\"_blank\">Solenidade\u00a0de Outorga de T\u00edtulo de Professor Em\u00e9rito (18\/11\/2020)<\/a> &#8211; Transmiss\u00e3o UnBTV<\/p>\n\n\n\n<div class=\"wp-block-kadence-spacer aligncenter kt-block-spacer-_33dfe4-63\"><div class=\"kt-block-spacer kt-block-spacer-halign-center\" style=\"height:60px\"><hr class=\"kt-divider\" style=\"border-top-color:#eee;border-top-width:1px;width:80%;border-top-style:solid\"\/><\/div><\/div>\n\n\n\n<div class=\"wp-block-media-text alignwide is-stacked-on-mobile\" style=\"grid-template-columns:27% auto\"><figure class=\"wp-block-media-text__media\"><img loading=\"lazy\" decoding=\"async\" width=\"253\" height=\"329\" src=\"https:\/\/ceam.cdtc.unb.br\/wp-content\/uploads\/2022\/02\/prof_mlucia.jpg\" alt=\"\" class=\"wp-image-3150 size-full\"\/><\/figure><div class=\"wp-block-media-text__content\">\n<p style=\"font-size:13px\"><strong>Professora Maria L\u00facia Pinto Leal &#8220;Baiana&#8221; &#8211; Ex-diretora CEAM<\/strong><\/p>\n\n\n\n<p style=\"font-size:13px\">A honraria foi outorgada pela resolu\u00e7\u00e3o do Consuni n\u00ba 17\/2020. Docente aposentada do Departamento de Servi\u00e7o Social (SER), a homenageada, <strong>Professora Maria Lucia Pinto Leal<\/strong> teve atua\u00e7\u00e3o como Diretora no Centro de Estudos Avan\u00e7ados Multidisciplinares (Ceam) e participa\u00e7\u00e3o ativa tanto na vida acad\u00eamica e cient\u00edfica, como tamb\u00e9m na milit\u00e2ncia por uma sociedade mais justa e igualit\u00e1ria.<\/p>\n\n\n\n<p style=\"font-size:12px\"><strong>\u2022 <\/strong><a rel=\"noreferrer noopener\" href=\"https:\/\/noticias.unb.br\/39-homenagem\/4591-maria-lucia-pinto-leal-e-a-mais-nova-professora-emerita-da-unb\" target=\"_blank\">Mat\u00e9ria completa UnB Not\u00edcias<\/a><\/p>\n<\/div><\/div>\n\n\n\n<p style=\"font-size:12px\"><\/p>\n\n\n\n<p style=\"font-size:12px\"><strong>\u2022 <\/strong><a rel=\"noreferrer noopener\" href=\"https:\/\/www.youtube.com\/watch?v=epVmYRrD4C8&amp;list=PLNgZ_EJbH-2cfxZ9jLMHeDDVx8R8voogd&amp;index=2\" target=\"_blank\">Solenidade de Outorga de T\u00edtulo de Professora Em\u00e9rita (17\/11\/2020)<\/a><strong> <\/strong>&#8211; Transmiss\u00e3o UnBTV<\/p>\n\n\n\n<div class=\"wp-block-kadence-spacer aligncenter kt-block-spacer-_009e93-5c\"><div class=\"kt-block-spacer kt-block-spacer-halign-center\" style=\"height:60px\"><hr class=\"kt-divider\" style=\"border-top-color:#eee;border-top-width:1px;width:80%;border-top-style:solid\"\/><\/div><\/div>\n\n\n\n<div class=\"wp-block-media-text alignwide is-stacked-on-mobile\" style=\"grid-template-columns:20% auto\"><figure class=\"wp-block-media-text__media\"><img loading=\"lazy\" decoding=\"async\" width=\"176\" height=\"272\" src=\"https:\/\/ceam.cdtc.unb.br\/wp-content\/uploads\/2022\/02\/profa_dora.jpg\" alt=\"\" class=\"wp-image-3151 size-full\"\/><\/figure><div class=\"wp-block-media-text__content\">\n<p style=\"font-size:12px\"><strong>Professora Maria Auxiliadora C\u00e9sar &#8211; Fundadora do Nescuba\/CEAM<\/strong><\/p>\n\n\n\n<p style=\"font-size:12px\">Em cerim\u00f4nia virtual realizada na \u00faltima sexta-feira (13), a Universidade de Bras\u00edlia outorgou o t\u00edtulo de Professora Em\u00e9rita \u00e0 <strong>Maria Auxiliadora C\u00e9sar<\/strong>, docente aposentada do Departamento de Servi\u00e7o Social (SER\/UnB). Membro fundador do N\u00facleo de Estudos Cubanos (Nescuba\/CEAM). A honraria foi outorgada pela resolu\u00e7\u00e3o do Consuni n\u00ba 16\/2020.Trajet\u00f3ria marcada pelo compromisso com o conhecimento, entendido como forma de transforma\u00e7\u00e3o social, rendeu homenagem \u00e0 docente. <\/p>\n\n\n\n<p style=\"font-size:12px\"><strong>\u2022 <\/strong><a rel=\"noreferrer noopener\" href=\"https:\/\/noticias.unb.br\/39-homenagem\/4582-maria-auxiliadora-cesar-recebe-titulo-de-professora-emerita\" target=\"_blank\">Mat\u00e9ria completa UnB Not\u00edcias<\/a><\/p>\n<\/div><\/div>\n\n\n\n<p style=\"font-size:12px\"><\/p>\n\n\n\n<p style=\"font-size:12px\"><strong>\u2022 <\/strong><a rel=\"noreferrer noopener\" href=\"https:\/\/www.youtube.com\/watch?v=QoNqdGEmevE&amp;list=PLNgZ_EJbH-2cfxZ9jLMHeDDVx8R8voogd&amp;index=3\" target=\"_blank\">Solenidade\u00a0de Outorga de T\u00edtulo de Professora Em\u00e9rita (13\/11\/2020)<\/a> &#8211; Transmiss\u00e3o UnBTV<\/p>\n<\/div>\n<\/div>\n","protected":false},"excerpt":{"rendered":"<p>MEM\u00d3RIA DO CEAM &#8211; Professoras\/es Em\u00e9ritas\/os \u2026 <\/p>\n","protected":false},"author":2,"featured_media":0,"parent":100,"menu_order":0,"comment_status":"closed","ping_status":"closed","template":"","meta":{"footnotes":""},"class_list":["post-3141","page","type-page","status-publish","hentry"],"_links":{"self":[{"href":"https:\/\/memoria.ceam.unb.br\/index.php\/wp-json\/wp\/v2\/pages\/3141","targetHints":{"allow":["GET"]}}],"collection":[{"href":"https:\/\/memoria.ceam.unb.br\/index.php\/wp-json\/wp\/v2\/pages"}],"about":[{"href":"https:\/\/memoria.ceam.unb.br\/index.php\/wp-json\/wp\/v2\/types\/page"}],"author":[{"embeddable":true,"href":"https:\/\/memoria.ceam.unb.br\/index.php\/wp-json\/wp\/v2\/users\/2"}],"replies":[{"embeddable":true,"href":"https:\/\/memoria.ceam.unb.br\/index.php\/wp-json\/wp\/v2\/comments?post=3141"}],"version-history":[{"count":18,"href":"https:\/\/memoria.ceam.unb.br\/index.php\/wp-json\/wp\/v2\/pages\/3141\/revisions"}],"predecessor-version":[{"id":3176,"href":"https:\/\/memoria.ceam.unb.br\/index.php\/wp-json\/wp\/v2\/pages\/3141\/revisions\/3176"}],"up":[{"embeddable":true,"href":"https:\/\/memoria.ceam.unb.br\/index.php\/wp-json\/wp\/v2\/pages\/100"}],"wp:attachment":[{"href":"https:\/\/memoria.ceam.unb.br\/index.php\/wp-json\/wp\/v2\/media?parent=3141"}],"curies":[{"name":"wp","href":"https:\/\/api.w.org\/{rel}","templated":true}]}}