{"id":3282,"date":"2022-05-11T13:05:07","date_gmt":"2022-05-11T16:05:07","guid":{"rendered":"https:\/\/memoria.ceam.unb.br\/index.php\/producao\/producao-eventos-2\/"},"modified":"2022-05-11T13:19:09","modified_gmt":"2022-05-11T16:19:09","slug":"producao-publicacoes-nucleos-ppgs","status":"publish","type":"page","link":"https:\/\/memoria.ceam.unb.br\/index.php\/producao\/producao-publicacoes-nucleos-ppgs\/","title":{"rendered":"Produ\u00e7\u00e3o &#8211; Publica\u00e7\u00f5es N\u00facleos e PPGs"},"content":{"rendered":"\n<h5 class=\"kt-adv-heading_ff70a1-ad wp-block-kadence-advancedheading has-accent-2-color has-text-color\" data-kb-block=\"kb-adv-heading_ff70a1-ad\">Produ\u00e7\u00e3o &#8211; PUBLICA\u00c7\u00d5ES<\/h5>\n\n\n\n<div class=\"wp-block-kadence-spacer aligncenter kt-block-spacer-_52783f-0a\"><div class=\"kt-block-spacer kt-block-spacer-halign-center\" style=\"height:25px\"><\/div><\/div>\n\n\n\n<div class=\"wp-block-columns is-layout-flex wp-container-core-columns-is-layout-9d6595d7 wp-block-columns-is-layout-flex\">\n<div class=\"wp-block-column is-layout-flow wp-block-column-is-layout-flow\" style=\"--col-width:200px;flex-basis:200px\">\n<ul class=\"wp-block-list\">\n<li><\/li>\n\n\n\n<li><strong><a href=\"https:\/\/memoria.ceam.unb.br\/index.php\/producao\/publicacoes_ceam\/\">Publica\u00e7\u00f5es CEAM<\/a><\/strong><\/li>\n\n\n\n<li><a href=\"https:\/\/ceam.cdtc.unb.br\/index.php\/producao\/producao-nucleos-tematicos-2\/\" data-type=\"page\" data-id=\"1325\"><strong>N\u00facleos Tem\u00e1ticos<\/strong><\/a><\/li>\n\n\n\n<li><strong><a href=\"https:\/\/ceam.cdtc.unb.br\/index.php\/producao\/producao-pos-graduacao\/\" data-type=\"page\" data-id=\"2227\">Programas de P\u00f3s-Gradua\u00e7\u00e3o<\/a><\/strong><\/li>\n\n\n\n<li><strong>DESTACADOS PELOS N\u00daCLEOS <\/strong><\/li>\n\n\n\n<li><strong><a href=\"https:\/\/memoria.ceam.unb.br\/index.php\/producao\/producao-cursos\/\">Cursos<\/a><\/strong><\/li>\n\n\n\n<li><strong><a href=\"https:\/\/ceam.cdtc.unb.br\/index.php\/producao\/producao-eventos-2\/\" data-type=\"page\" data-id=\"2151\">Eventos<\/a><\/strong><\/li>\n\n\n\n<li><strong><a href=\"https:\/\/ceam.cdtc.unb.br\/index.php\/producao\/producao-projetos-de-extensao\/\" data-type=\"page\">Projetos de Extens\u00e3o<\/a><\/strong><\/li>\n\n\n\n<li><strong><a href=\"https:\/\/ceam.cdtc.unb.br\/index.php\/producao\/producao-projetos-de-pesquisa\/\" data-type=\"page\">Projetos de Pesquisa<\/a><\/strong><\/li>\n\n\n\n<li><a href=\"https:\/\/memoria.ceam.unb.br\/index.php\/producao\/producao-publicacoes-nucleos-ppgs\/\" data-type=\"page\" data-id=\"3282\"><strong>Publica\u00e7\u00f5es N\u00facleos<\/strong><\/a><\/li>\n<\/ul>\n<\/div>\n\n\n\n<div class=\"wp-block-column is-layout-flow wp-block-column-is-layout-flow\" style=\"--col-width:80%;flex-basis:80%\">\n<p>Publica\u00e7\u00f5es indicadas por N\u00facleos ou PPGs por aspectos relevantes da hist\u00f3ria de sua produ\u00e7\u00e3o.<\/p>\n\n\n\n<div class=\"wp-block-kadence-spacer aligncenter kt-block-spacer-_99890b-dd\"><div class=\"kt-block-spacer kt-block-spacer-halign-center\" style=\"height:60px\"><hr class=\"kt-divider\" style=\"border-top-color:#eee;border-top-width:1px;width:80%;border-top-style:solid\"\/><\/div><\/div>\n\n\n\n<div class=\"wp-block-group\"><div class=\"wp-block-group__inner-container is-layout-flow wp-block-group-is-layout-flow\">\n<div class=\"wp-block-group alignwide\"><div class=\"wp-block-group__inner-container is-layout-flow wp-block-group-is-layout-flow\"><style id=\"kt-blocks_2d44c9-80\">.kb-posts-id-_2d44c9-80 .entry.loop-entry .entry-header .entry-title{font-size:16px;}<\/style><div class=\"wp-block-kadence-posts kb-posts kb-posts-id-_2d44c9-80 content-wrap grid-cols kb-posts-style-unboxed grid-sm-col-3 grid-lg-col-3 item-image-style-above\"><article class=\"entry content-bg loop-entry kb-post-no-image post-3278 post type-post status-publish format-standard hentry category-publicacoes category-sem-categoria tag-nelis tag-nt-001 tag-pb-002 tag-publicacoes tag-viviane-ramalho tag-viviane-resende\">\n\t\t<div class=\"entry-content-wrap\">\n\t\t<header class=\"entry-header\">\n\t<h5 class=\"entry-title\"><a href=\"https:\/\/memoria.ceam.unb.br\/index.php\/2022\/05\/11\/analise-de-discurso-critica-nelis\/\" rel=\"bookmark\">An\u00e1lise de Discurso Cr\u00edtica &#8211; Nelis<\/a><\/h5>\t<div class=\"entry-meta entry-meta-divider-dot\">\n\t\t<\/div><!-- .entry-meta -->\n\t<\/header><!-- .entry-header -->\n<footer class=\"entry-footer\">\n\t\t\t<div class=\"entry-actions\">\n\t\t\t<p class=\"more-link-wrap\">\n\t\t\t\t<a href=\"https:\/\/memoria.ceam.unb.br\/index.php\/2022\/05\/11\/analise-de-discurso-critica-nelis\/\" class=\"post-more-link\">\n\t\t\t\t\tMais<span class=\"screen-reader-text\"> An\u00e1lise de Discurso Cr\u00edtica &#8211; Nelis<\/span><span class=\"kadence-svg-iconset svg-baseline\"><svg aria-hidden=\"true\" class=\"kadence-svg-icon kadence-arrow-right-alt-svg\" fill=\"currentColor\" version=\"1.1\" xmlns=\"http:\/\/www.w3.org\/2000\/svg\" width=\"27\" height=\"28\" viewBox=\"0 0 27 28\"><title>Continue<\/title><path d=\"M27 13.953c0 0.141-0.063 0.281-0.156 0.375l-6 5.531c-0.156 0.141-0.359 0.172-0.547 0.094-0.172-0.078-0.297-0.25-0.297-0.453v-3.5h-19.5c-0.281 0-0.5-0.219-0.5-0.5v-3c0-0.281 0.219-0.5 0.5-0.5h19.5v-3.5c0-0.203 0.109-0.375 0.297-0.453s0.391-0.047 0.547 0.078l6 5.469c0.094 0.094 0.156 0.219 0.156 0.359v0z\"><\/path>\n\t\t\t<\/svg><\/span>\t\t\t\t<\/a>\n\t\t\t<\/p>\n\t\t<\/div><!-- .entry-actions -->\n\t\t<\/footer><!-- .entry-footer -->\t<\/div>\n<\/article>\n<article class=\"entry content-bg loop-entry kb-post-no-image post-3293 post type-post status-publish format-standard hentry category-publicacoes category-sem-categoria tag-izabel-magalhaes tag-nelis tag-nt-001 tag-pb-003 tag-publicacoes\">\n\t\t<div class=\"entry-content-wrap\">\n\t\t<header class=\"entry-header\">\n\t<h5 class=\"entry-title\"><a href=\"https:\/\/memoria.ceam.unb.br\/index.php\/2022\/05\/11\/analise-de-discurso-critica-um-metodo-de-pesquisa-qualitativa-nelis\/\" rel=\"bookmark\">An\u00e1lise de discurso cr\u00edtica: um m\u00e9todo de pesquisa qualitativa-nelis<\/a><\/h5>\t<div class=\"entry-meta entry-meta-divider-dot\">\n\t\t<\/div><!-- .entry-meta -->\n\t<\/header><!-- .entry-header -->\n<footer class=\"entry-footer\">\n\t\t\t<div class=\"entry-actions\">\n\t\t\t<p class=\"more-link-wrap\">\n\t\t\t\t<a href=\"https:\/\/memoria.ceam.unb.br\/index.php\/2022\/05\/11\/analise-de-discurso-critica-um-metodo-de-pesquisa-qualitativa-nelis\/\" class=\"post-more-link\">\n\t\t\t\t\tMais<span class=\"screen-reader-text\"> An\u00e1lise de discurso cr\u00edtica: um m\u00e9todo de pesquisa qualitativa-nelis<\/span><span class=\"kadence-svg-iconset svg-baseline\"><svg aria-hidden=\"true\" class=\"kadence-svg-icon kadence-arrow-right-alt-svg\" fill=\"currentColor\" version=\"1.1\" xmlns=\"http:\/\/www.w3.org\/2000\/svg\" width=\"27\" height=\"28\" viewBox=\"0 0 27 28\"><title>Continue<\/title><path d=\"M27 13.953c0 0.141-0.063 0.281-0.156 0.375l-6 5.531c-0.156 0.141-0.359 0.172-0.547 0.094-0.172-0.078-0.297-0.25-0.297-0.453v-3.5h-19.5c-0.281 0-0.5-0.219-0.5-0.5v-3c0-0.281 0.219-0.5 0.5-0.5h19.5v-3.5c0-0.203 0.109-0.375 0.297-0.453s0.391-0.047 0.547 0.078l6 5.469c0.094 0.094 0.156 0.219 0.156 0.359v0z\"><\/path>\n\t\t\t<\/svg><\/span>\t\t\t\t<\/a>\n\t\t\t<\/p>\n\t\t<\/div><!-- .entry-actions -->\n\t\t<\/footer><!-- .entry-footer -->\t<\/div>\n<\/article>\n<article class=\"entry content-bg loop-entry kb-post-no-image post-3311 post type-post status-publish format-standard hentry category-publicacoes category-sem-categoria tag-andrea-de-oliveira-goncalves tag-joao-abreu-de-faria-bilhim tag-nesprom tag-nt-003 tag-pb-006 tag-publicacoes\">\n\t\t<div class=\"entry-content-wrap\">\n\t\t<header class=\"entry-header\">\n\t<h5 class=\"entry-title\"><a href=\"https:\/\/memoria.ceam.unb.br\/index.php\/2022\/05\/11\/casos-de-ensino-em-administracao-publica-nesprom\/\" rel=\"bookmark\">Casos de Ensino em Administra\u00e7\u00e3o P\u00fablica: Brasil e Portugal 1\u00aa ed. &#8211; Nesprom<\/a><\/h5>\t<div class=\"entry-meta entry-meta-divider-dot\">\n\t\t<\/div><!-- .entry-meta -->\n\t<\/header><!-- .entry-header -->\n<footer class=\"entry-footer\">\n\t\t\t<div class=\"entry-actions\">\n\t\t\t<p class=\"more-link-wrap\">\n\t\t\t\t<a href=\"https:\/\/memoria.ceam.unb.br\/index.php\/2022\/05\/11\/casos-de-ensino-em-administracao-publica-nesprom\/\" class=\"post-more-link\">\n\t\t\t\t\tMais<span class=\"screen-reader-text\"> Casos de Ensino em Administra\u00e7\u00e3o P\u00fablica: Brasil e Portugal 1\u00aa ed. &#8211; Nesprom<\/span><span class=\"kadence-svg-iconset svg-baseline\"><svg aria-hidden=\"true\" class=\"kadence-svg-icon kadence-arrow-right-alt-svg\" fill=\"currentColor\" version=\"1.1\" xmlns=\"http:\/\/www.w3.org\/2000\/svg\" width=\"27\" height=\"28\" viewBox=\"0 0 27 28\"><title>Continue<\/title><path d=\"M27 13.953c0 0.141-0.063 0.281-0.156 0.375l-6 5.531c-0.156 0.141-0.359 0.172-0.547 0.094-0.172-0.078-0.297-0.25-0.297-0.453v-3.5h-19.5c-0.281 0-0.5-0.219-0.5-0.5v-3c0-0.281 0.219-0.5 0.5-0.5h19.5v-3.5c0-0.203 0.109-0.375 0.297-0.453s0.391-0.047 0.547 0.078l6 5.469c0.094 0.094 0.156 0.219 0.156 0.359v0z\"><\/path>\n\t\t\t<\/svg><\/span>\t\t\t\t<\/a>\n\t\t\t<\/p>\n\t\t<\/div><!-- .entry-actions -->\n\t\t<\/footer><!-- .entry-footer -->\t<\/div>\n<\/article>\n<article class=\"entry content-bg loop-entry kb-post-no-image post-3316 post type-post status-publish format-standard hentry category-publicacoes category-sem-categoria tag-alcides-costa-vaz tag-nem tag-nt-002 tag-publicacoes\">\n\t\t<div class=\"entry-content-wrap\">\n\t\t<header class=\"entry-header\">\n\t<h5 class=\"entry-title\"><a href=\"https:\/\/memoria.ceam.unb.br\/index.php\/2022\/05\/11\/cooperacao-integracao-e-processo-negociador-a-construcao-do-mercosul-nem\/\" rel=\"bookmark\">Coopera\u00e7\u00e3o, Integra\u00e7\u00e3o e Processo Negociador. A constru\u00e7\u00e3o do Mercosul  &#8211; NEM<\/a><\/h5>\t<div class=\"entry-meta entry-meta-divider-dot\">\n\t\t<\/div><!-- .entry-meta -->\n\t<\/header><!-- .entry-header -->\n<footer class=\"entry-footer\">\n\t\t\t<div class=\"entry-actions\">\n\t\t\t<p class=\"more-link-wrap\">\n\t\t\t\t<a href=\"https:\/\/memoria.ceam.unb.br\/index.php\/2022\/05\/11\/cooperacao-integracao-e-processo-negociador-a-construcao-do-mercosul-nem\/\" class=\"post-more-link\">\n\t\t\t\t\tMais<span class=\"screen-reader-text\"> Coopera\u00e7\u00e3o, Integra\u00e7\u00e3o e Processo Negociador. A constru\u00e7\u00e3o do Mercosul  &#8211; NEM<\/span><span class=\"kadence-svg-iconset svg-baseline\"><svg aria-hidden=\"true\" class=\"kadence-svg-icon kadence-arrow-right-alt-svg\" fill=\"currentColor\" version=\"1.1\" xmlns=\"http:\/\/www.w3.org\/2000\/svg\" width=\"27\" height=\"28\" viewBox=\"0 0 27 28\"><title>Continue<\/title><path d=\"M27 13.953c0 0.141-0.063 0.281-0.156 0.375l-6 5.531c-0.156 0.141-0.359 0.172-0.547 0.094-0.172-0.078-0.297-0.25-0.297-0.453v-3.5h-19.5c-0.281 0-0.5-0.219-0.5-0.5v-3c0-0.281 0.219-0.5 0.5-0.5h19.5v-3.5c0-0.203 0.109-0.375 0.297-0.453s0.391-0.047 0.547 0.078l6 5.469c0.094 0.094 0.156 0.219 0.156 0.359v0z\"><\/path>\n\t\t\t<\/svg><\/span>\t\t\t\t<\/a>\n\t\t\t<\/p>\n\t\t<\/div><!-- .entry-actions -->\n\t\t<\/footer><!-- .entry-footer -->\t<\/div>\n<\/article>\n<article class=\"entry content-bg loop-entry kb-post-no-image post-3306 post type-post status-publish format-standard hentry category-publicacoes category-sem-categoria tag-andre-ribeiro-da-silva tag-nesprom tag-nt-003 tag-pb-005 tag-publicacoes\">\n\t\t<div class=\"entry-content-wrap\">\n\t\t<header class=\"entry-header\">\n\t<h5 class=\"entry-title\"><a href=\"https:\/\/memoria.ceam.unb.br\/index.php\/2022\/05\/11\/enfermagem-e-covid-19-desafios-e-perspectivas\/\" rel=\"bookmark\">Enfermagem e Covid-19: Desafios e Perspectivas &#8211; Nesprom<\/a><\/h5>\t<div class=\"entry-meta entry-meta-divider-dot\">\n\t\t<\/div><!-- .entry-meta -->\n\t<\/header><!-- .entry-header -->\n<footer class=\"entry-footer\">\n\t\t\t<div class=\"entry-actions\">\n\t\t\t<p class=\"more-link-wrap\">\n\t\t\t\t<a href=\"https:\/\/memoria.ceam.unb.br\/index.php\/2022\/05\/11\/enfermagem-e-covid-19-desafios-e-perspectivas\/\" class=\"post-more-link\">\n\t\t\t\t\tMais<span class=\"screen-reader-text\"> Enfermagem e Covid-19: Desafios e Perspectivas &#8211; Nesprom<\/span><span class=\"kadence-svg-iconset svg-baseline\"><svg aria-hidden=\"true\" class=\"kadence-svg-icon kadence-arrow-right-alt-svg\" fill=\"currentColor\" version=\"1.1\" xmlns=\"http:\/\/www.w3.org\/2000\/svg\" width=\"27\" height=\"28\" viewBox=\"0 0 27 28\"><title>Continue<\/title><path d=\"M27 13.953c0 0.141-0.063 0.281-0.156 0.375l-6 5.531c-0.156 0.141-0.359 0.172-0.547 0.094-0.172-0.078-0.297-0.25-0.297-0.453v-3.5h-19.5c-0.281 0-0.5-0.219-0.5-0.5v-3c0-0.281 0.219-0.5 0.5-0.5h19.5v-3.5c0-0.203 0.109-0.375 0.297-0.453s0.391-0.047 0.547 0.078l6 5.469c0.094 0.094 0.156 0.219 0.156 0.359v0z\"><\/path>\n\t\t\t<\/svg><\/span>\t\t\t\t<\/a>\n\t\t\t<\/p>\n\t\t<\/div><!-- .entry-actions -->\n\t\t<\/footer><!-- .entry-footer -->\t<\/div>\n<\/article>\n<article class=\"entry content-bg loop-entry kb-post-no-image post-3302 post type-post status-publish format-standard hentry category-publicacoes category-sem-categoria tag-elioenai-d-alves tag-isaias-ferreireira tag-nesprom tag-nt-003 tag-pb-004 tag-publicacoes tag-telma-leonel-ferreira\">\n\t\t<div class=\"entry-content-wrap\">\n\t\t<header class=\"entry-header\">\n\t<h5 class=\"entry-title\"><a href=\"https:\/\/memoria.ceam.unb.br\/index.php\/2022\/05\/11\/hanseniase-avancos-e-desafios-nesprom\/\" rel=\"bookmark\">Hansen\u00edase: Avan\u00e7os e Desafios &#8211; Nesprom<\/a><\/h5>\t<div class=\"entry-meta entry-meta-divider-dot\">\n\t\t<\/div><!-- .entry-meta -->\n\t<\/header><!-- .entry-header -->\n<footer class=\"entry-footer\">\n\t\t\t<div class=\"entry-actions\">\n\t\t\t<p class=\"more-link-wrap\">\n\t\t\t\t<a href=\"https:\/\/memoria.ceam.unb.br\/index.php\/2022\/05\/11\/hanseniase-avancos-e-desafios-nesprom\/\" class=\"post-more-link\">\n\t\t\t\t\tMais<span class=\"screen-reader-text\"> Hansen\u00edase: Avan\u00e7os e Desafios &#8211; Nesprom<\/span><span class=\"kadence-svg-iconset svg-baseline\"><svg aria-hidden=\"true\" class=\"kadence-svg-icon kadence-arrow-right-alt-svg\" fill=\"currentColor\" version=\"1.1\" xmlns=\"http:\/\/www.w3.org\/2000\/svg\" width=\"27\" height=\"28\" viewBox=\"0 0 27 28\"><title>Continue<\/title><path d=\"M27 13.953c0 0.141-0.063 0.281-0.156 0.375l-6 5.531c-0.156 0.141-0.359 0.172-0.547 0.094-0.172-0.078-0.297-0.25-0.297-0.453v-3.5h-19.5c-0.281 0-0.5-0.219-0.5-0.5v-3c0-0.281 0.219-0.5 0.5-0.5h19.5v-3.5c0-0.203 0.109-0.375 0.297-0.453s0.391-0.047 0.547 0.078l6 5.469c0.094 0.094 0.156 0.219 0.156 0.359v0z\"><\/path>\n\t\t\t<\/svg><\/span>\t\t\t\t<\/a>\n\t\t\t<\/p>\n\t\t<\/div><!-- .entry-actions -->\n\t\t<\/footer><!-- .entry-footer -->\t<\/div>\n<\/article>\n<article class=\"entry content-bg loop-entry kb-post-no-image post-3356 post type-post status-publish format-standard hentry category-publicacoes category-sem-categoria tag-dionisio-poey-baro tag-jose-marti tag-maria-auxiliadora-cesar tag-nescuba tag-nt-006 tag-pb-009 tag-publicacoes\">\n\t\t<div class=\"entry-content-wrap\">\n\t\t<header class=\"entry-header\">\n\t<h5 class=\"entry-title\"><a href=\"https:\/\/memoria.ceam.unb.br\/index.php\/2022\/05\/11\/jose-marti-nossa-america-nescuba\/\" rel=\"bookmark\">Jos\u00e9 Mart\u00ed &#8211; Nossa Am\u00e9rica &#8211; nescuba<\/a><\/h5>\t<div class=\"entry-meta entry-meta-divider-dot\">\n\t\t<\/div><!-- .entry-meta -->\n\t<\/header><!-- .entry-header -->\n<footer class=\"entry-footer\">\n\t\t\t<div class=\"entry-actions\">\n\t\t\t<p class=\"more-link-wrap\">\n\t\t\t\t<a href=\"https:\/\/memoria.ceam.unb.br\/index.php\/2022\/05\/11\/jose-marti-nossa-america-nescuba\/\" class=\"post-more-link\">\n\t\t\t\t\tMais<span class=\"screen-reader-text\"> Jos\u00e9 Mart\u00ed &#8211; Nossa Am\u00e9rica &#8211; nescuba<\/span><span class=\"kadence-svg-iconset svg-baseline\"><svg aria-hidden=\"true\" class=\"kadence-svg-icon kadence-arrow-right-alt-svg\" fill=\"currentColor\" version=\"1.1\" xmlns=\"http:\/\/www.w3.org\/2000\/svg\" width=\"27\" height=\"28\" viewBox=\"0 0 27 28\"><title>Continue<\/title><path d=\"M27 13.953c0 0.141-0.063 0.281-0.156 0.375l-6 5.531c-0.156 0.141-0.359 0.172-0.547 0.094-0.172-0.078-0.297-0.25-0.297-0.453v-3.5h-19.5c-0.281 0-0.5-0.219-0.5-0.5v-3c0-0.281 0.219-0.5 0.5-0.5h19.5v-3.5c0-0.203 0.109-0.375 0.297-0.453s0.391-0.047 0.547 0.078l6 5.469c0.094 0.094 0.156 0.219 0.156 0.359v0z\"><\/path>\n\t\t\t<\/svg><\/span>\t\t\t\t<\/a>\n\t\t\t<\/p>\n\t\t<\/div><!-- .entry-actions -->\n\t\t<\/footer><!-- .entry-footer -->\t<\/div>\n<\/article>\n<article class=\"entry content-bg loop-entry kb-post-no-image post-3320 post type-post status-publish format-standard hentry category-publicacoes category-sem-categoria tag-bernal-meza tag-carlos-eduardo-vidigal tag-nem tag-nt-002 tag-pb-009 tag-publicacoes\">\n\t\t<div class=\"entry-content-wrap\">\n\t\t<header class=\"entry-header\">\n\t<h5 class=\"entry-title\"><a href=\"https:\/\/memoria.ceam.unb.br\/index.php\/2022\/05\/11\/mercosul-conjuntura-internacional-politica-interna-e-clausula-democratica-nem\/\" rel=\"bookmark\">Mercosul: conjuntura internacional, pol\u00edtica interna e cl\u00e1usula democr\u00e1tica &#8211; NEM<\/a><\/h5>\t<div class=\"entry-meta entry-meta-divider-dot\">\n\t\t<\/div><!-- .entry-meta -->\n\t<\/header><!-- .entry-header -->\n<footer class=\"entry-footer\">\n\t\t\t<div class=\"entry-actions\">\n\t\t\t<p class=\"more-link-wrap\">\n\t\t\t\t<a href=\"https:\/\/memoria.ceam.unb.br\/index.php\/2022\/05\/11\/mercosul-conjuntura-internacional-politica-interna-e-clausula-democratica-nem\/\" class=\"post-more-link\">\n\t\t\t\t\tMais<span class=\"screen-reader-text\"> Mercosul: conjuntura internacional, pol\u00edtica interna e cl\u00e1usula democr\u00e1tica &#8211; NEM<\/span><span class=\"kadence-svg-iconset svg-baseline\"><svg aria-hidden=\"true\" class=\"kadence-svg-icon kadence-arrow-right-alt-svg\" fill=\"currentColor\" version=\"1.1\" xmlns=\"http:\/\/www.w3.org\/2000\/svg\" width=\"27\" height=\"28\" viewBox=\"0 0 27 28\"><title>Continue<\/title><path d=\"M27 13.953c0 0.141-0.063 0.281-0.156 0.375l-6 5.531c-0.156 0.141-0.359 0.172-0.547 0.094-0.172-0.078-0.297-0.25-0.297-0.453v-3.5h-19.5c-0.281 0-0.5-0.219-0.5-0.5v-3c0-0.281 0.219-0.5 0.5-0.5h19.5v-3.5c0-0.203 0.109-0.375 0.297-0.453s0.391-0.047 0.547 0.078l6 5.469c0.094 0.094 0.156 0.219 0.156 0.359v0z\"><\/path>\n\t\t\t<\/svg><\/span>\t\t\t\t<\/a>\n\t\t\t<\/p>\n\t\t<\/div><!-- .entry-actions -->\n\t\t<\/footer><!-- .entry-footer -->\t<\/div>\n<\/article>\n<article class=\"entry content-bg loop-entry kb-post-no-image post-3272 post type-post status-publish format-standard hentry category-publicacoes category-sem-categoria tag-izabel-magalhaes tag-nelis tag-nt-001 tag-pb-001 tag-publicacoes\">\n\t\t<div class=\"entry-content-wrap\">\n\t\t<header class=\"entry-header\">\n\t<h5 class=\"entry-title\"><a href=\"https:\/\/memoria.ceam.unb.br\/index.php\/2022\/05\/11\/por-uma-abordagem-critica-e-explanatoria-do-discurso\/\" rel=\"bookmark\">Por uma abordagem cr\u00edtica e explanat\u00f3ria do discurso &#8211; Nelis<\/a><\/h5>\t<div class=\"entry-meta entry-meta-divider-dot\">\n\t\t<\/div><!-- .entry-meta -->\n\t<\/header><!-- .entry-header -->\n<footer class=\"entry-footer\">\n\t\t\t<div class=\"entry-actions\">\n\t\t\t<p class=\"more-link-wrap\">\n\t\t\t\t<a href=\"https:\/\/memoria.ceam.unb.br\/index.php\/2022\/05\/11\/por-uma-abordagem-critica-e-explanatoria-do-discurso\/\" class=\"post-more-link\">\n\t\t\t\t\tMais<span class=\"screen-reader-text\"> Por uma abordagem cr\u00edtica e explanat\u00f3ria do discurso &#8211; Nelis<\/span><span class=\"kadence-svg-iconset svg-baseline\"><svg aria-hidden=\"true\" class=\"kadence-svg-icon kadence-arrow-right-alt-svg\" fill=\"currentColor\" version=\"1.1\" xmlns=\"http:\/\/www.w3.org\/2000\/svg\" width=\"27\" height=\"28\" viewBox=\"0 0 27 28\"><title>Continue<\/title><path d=\"M27 13.953c0 0.141-0.063 0.281-0.156 0.375l-6 5.531c-0.156 0.141-0.359 0.172-0.547 0.094-0.172-0.078-0.297-0.25-0.297-0.453v-3.5h-19.5c-0.281 0-0.5-0.219-0.5-0.5v-3c0-0.281 0.219-0.5 0.5-0.5h19.5v-3.5c0-0.203 0.109-0.375 0.297-0.453s0.391-0.047 0.547 0.078l6 5.469c0.094 0.094 0.156 0.219 0.156 0.359v0z\"><\/path>\n\t\t\t<\/svg><\/span>\t\t\t\t<\/a>\n\t\t\t<\/p>\n\t\t<\/div><!-- .entry-actions -->\n\t\t<\/footer><!-- .entry-footer -->\t<\/div>\n<\/article>\n<\/div><\/div><\/div>\n<\/div><\/div>\n<\/div>\n<\/div>\n","protected":false},"excerpt":{"rendered":"<p>Produ\u00e7\u00e3o &#8211; PUBLICA\u00c7\u00d5ES Publica\u00e7\u00f5es indicadas por \u2026 <\/p>\n","protected":false},"author":1,"featured_media":0,"parent":122,"menu_order":0,"comment_status":"closed","ping_status":"closed","template":"","meta":{"footnotes":""},"class_list":["post-3282","page","type-page","status-publish","hentry"],"_links":{"self":[{"href":"https:\/\/memoria.ceam.unb.br\/index.php\/wp-json\/wp\/v2\/pages\/3282","targetHints":{"allow":["GET"]}}],"collection":[{"href":"https:\/\/memoria.ceam.unb.br\/index.php\/wp-json\/wp\/v2\/pages"}],"about":[{"href":"https:\/\/memoria.ceam.unb.br\/index.php\/wp-json\/wp\/v2\/types\/page"}],"author":[{"embeddable":true,"href":"https:\/\/memoria.ceam.unb.br\/index.php\/wp-json\/wp\/v2\/users\/1"}],"replies":[{"embeddable":true,"href":"https:\/\/memoria.ceam.unb.br\/index.php\/wp-json\/wp\/v2\/comments?post=3282"}],"version-history":[{"count":2,"href":"https:\/\/memoria.ceam.unb.br\/index.php\/wp-json\/wp\/v2\/pages\/3282\/revisions"}],"predecessor-version":[{"id":3285,"href":"https:\/\/memoria.ceam.unb.br\/index.php\/wp-json\/wp\/v2\/pages\/3282\/revisions\/3285"}],"up":[{"embeddable":true,"href":"https:\/\/memoria.ceam.unb.br\/index.php\/wp-json\/wp\/v2\/pages\/122"}],"wp:attachment":[{"href":"https:\/\/memoria.ceam.unb.br\/index.php\/wp-json\/wp\/v2\/media?parent=3282"}],"curies":[{"name":"wp","href":"https:\/\/api.w.org\/{rel}","templated":true}]}}