{"id":715,"date":"2021-09-22T19:04:24","date_gmt":"2021-09-22T22:04:24","guid":{"rendered":"https:\/\/ceam.cdtc.unb.br\/index.php\/historias-cruzadas\/hcpg37_fabio_felixvrs-2\/"},"modified":"2021-09-22T19:17:52","modified_gmt":"2021-09-22T22:17:52","slug":"hcpg38_fabio_felixym","status":"publish","type":"page","link":"https:\/\/memoria.ceam.unb.br\/index.php\/historias-cruzadas\/hcpg38_fabio_felixym\/","title":{"rendered":"hcpg38_fabio_felixYM"},"content":{"rendered":"\n<figure class=\"wp-block-image size-large\"><img loading=\"lazy\" decoding=\"async\" width=\"1024\" height=\"27\" src=\"https:\/\/ceam.cdtc.unb.br\/wp-content\/uploads\/2021\/09\/cabecalho01_historias_cruzadas-1024x27.jpg\" alt=\"\" class=\"wp-image-553\"\/><\/figure>\n\n\n\n<figure class=\"wp-block-audio\"><audio controls src=\"https:\/\/ceam.cdtc.unb.br\/wp-content\/uploads\/2021\/09\/Fabio-Felix-Yara-Martinelli.mp3\"><\/audio><\/figure>\n\n\n<style id=\"kt-blocks_9f3825-82\">#kt-adv-heading_9f3825-82, #kt-adv-heading_9f3825-82 .wp-block-kadence-advancedheading, .wp-block-kadence-advancedheading.kt-adv-heading_9f3825-82[data-kb-block=\"kb-adv-heading_9f3825-82\"], .kadence-advanced-heading-wrapper .kt-adv-heading_9f3825-82[data-kb-block=\"kb-adv-heading_9f3825-82\"]{text-align:center;color:#167abe;}<\/style>\n<h5 class=\"kt-adv-heading_9f3825-82 wp-block-kadence-advancedheading\" data-kb-block=\"kb-adv-heading_9f3825-82\">Homenagem a F\u00e1bio F\u00e9lix &#8211; por Yara Martinelli<\/h5>\n\n\n\n<p><\/p>\n\n\n\n<p><\/p>\n\n\n\n<div class=\"wp-block-columns is-layout-flex wp-container-core-columns-is-layout-9d6595d7 wp-block-columns-is-layout-flex\">\n<div class=\"wp-block-column is-layout-flow wp-block-column-is-layout-flow\" style=\"--col-width:10%;flex-basis:10%\"><\/div>\n\n\n\n<div class=\"wp-block-column is-layout-flow wp-block-column-is-layout-flow\" style=\"--col-width:120%;flex-basis:120%\">\n<p class=\"has-text-align-center\">Representante da perifa,<br>Responsa.<br>Morar em Bras\u00edlia na toca da on\u00e7a,<br>onde a dan\u00e7a das pe\u00e7as remove a esperan\u00e7a.<br>Tabuleiro, Xadrez<br>s\u00f3 acaba l\u00e1 quem nunca teve vez.<br>\u00c0 periferia, o que \u00e9 que sobra?<br>Sem mobilidade, acesso bloqueado.<br>Para um jovem gay e negro,<br>tudo isso vem dobrado.<br>Assistente social,<br>trabalho socioeducativo.<br>Acreditando na luta,<br>Democratizando dos livros.<br>Crian\u00e7as e adolescentes,<br>adultos em vulnerabilidade,<br>foi formando cidad\u00e3os que encontrou<br>Necessidade.<br>Pela causa LGBTQI+ Quebrada queer.<br>As monas sabem o que se passa<br>com seu direito de ir e vir.<br>\u00c9 viol\u00eancia constante, \u00e9 guerra em curso.<br>Sil\u00eancio s\u00f3 pra quem naturaliza o injusto.<br>Luta di\u00e1ria.<br>Pra quem vive o pesadelo, n\u00e3o tem feriado.<br>E \u00e9 s\u00f3 sonhando que se passa o recado.<br>Criar novas realidades<br>S\u00f3 com quem corre de verdade.<br>\u00c9 for\u00e7a pura, cara a tapa,<br>luta dura, bacu da bura.<br>Todas as barreiras foram postas, mas<br>com muitas m\u00e3os se construiu uma resposta:<br>deputado distrital, pela justi\u00e7a social,<br>contra toda desigualdade e racismo estrutural.<br>Em meio aos homens brancos,<br>seus ternos e apoio dos bancos,<br>vai fazendo resist\u00eancia.<br>A causa como ci\u00eancia.<br>Transformando estruturas de dentro,<br>botando em pauta as causas<br>dos que foram silenciados.<br>\u00c9 a esperan\u00e7a na mudan\u00e7a<br>que impulsiona o seu legado.<br>E que venham muitas hist\u00f3rias de amor e transforma\u00e7\u00e3o.<br>Quebrada queer representada \u00e9 esperan\u00e7a<br>Em constru\u00e7\u00e3o.<\/p>\n<\/div>\n\n\n\n<div class=\"wp-block-column is-layout-flow wp-block-column-is-layout-flow\" style=\"--col-width:10%;flex-basis:10%\"><\/div>\n<\/div>\n\n\n\n<div class=\"wp-block-kadence-spacer aligncenter kt-block-spacer-_ec2425-a2\"><div class=\"kt-block-spacer kt-block-spacer-halign-center\" style=\"height:25px\"><hr class=\"kt-divider\" style=\"border-top-color:#eee;border-top-width:1px;width:80%;border-top-style:solid\"\/><\/div><\/div>\n\n\n\n<div class=\"wp-block-columns is-layout-flex wp-container-core-columns-is-layout-9d6595d7 wp-block-columns-is-layout-flex\">\n<div class=\"wp-block-column is-layout-flow wp-block-column-is-layout-flow\" style=\"--col-width:25%;flex-basis:25%\"><style id=\"kt-blocks_957cab-4e\">.kt-svg-icons_957cab-4e .kt-svg-item-0:hover .kt-svg-icon {color:#0F8B8D!important;}<\/style>\n<div class=\"wp-block-kadence-icon kt-svg-icons kt-svg-icons_957cab-4e alignnone\" style=\"text-align:center\"><div class=\"kt-svg-style-default kt-svg-icon-wrap kt-svg-item-0\"><a href=\"https:\/\/ceam.cdtc.unb.br\/index.php\/historias-cruzadas\/hcpg37_fabio_felixvrs\/\" class=\"kt-svg-icon-link\"><div style=\"display:inline-flex;justify-content:center;align-items:center;color:#444444\" class=\"kt-svg-icon kt-svg-icon-fe_arrowLeftCircle\"><svg style=\"display:inline-block;vertical-align:middle\" viewbox=\"0 0 24 24\" height=\"50\" width=\"50\" fill=\"none\" stroke=\"currentColor\" xmlns=\"http:\/\/www.w3.org\/2000\/svg\" stroke-width=\"2\" stroke-linecap=\"round\" stroke-linejoin=\"round\"><title>P\u00e1gina Anterior<\/title><circle cx=\"12\" cy=\"12\" r=\"10\"><\/circle><polyline points=\"12 8 8 12 12 16\"><\/polyline><line x1=\"16\" y1=\"12\" x2=\"8\" y2=\"12\"><\/line><\/svg><\/div><\/a><\/div><\/div>\n<\/div>\n\n\n\n<div class=\"wp-block-column is-layout-flow wp-block-column-is-layout-flow\" style=\"--col-width:50%;flex-basis:50%\"><\/div>\n\n\n\n<div class=\"wp-block-column is-layout-flow wp-block-column-is-layout-flow\" style=\"--col-width:25%;flex-basis:25%\"><style id=\"kt-blocks_a20bf9-b5\">.kt-svg-icons_a20bf9-b5 .kt-svg-item-0:hover .kt-svg-icon {color:#0F8B8D!important;}<\/style>\n<div class=\"wp-block-kadence-icon kt-svg-icons kt-svg-icons_a20bf9-b5 alignnone\" style=\"text-align:center\"><div class=\"kt-svg-style-default kt-svg-icon-wrap kt-svg-item-0\"><a href=\"https:\/\/ceam.cdtc.unb.br\/index.php\/historias-cruzadas\/hcpg39_fabio_felix_ffcarta\/\" class=\"kt-svg-icon-link\"><div style=\"display:inline-flex;justify-content:center;align-items:center;color:#444444\" class=\"kt-svg-icon kt-svg-icon-fe_arrowRightCircle\"><svg style=\"display:inline-block;vertical-align:middle\" viewbox=\"0 0 24 24\" height=\"50\" width=\"50\" fill=\"none\" stroke=\"currentColor\" xmlns=\"http:\/\/www.w3.org\/2000\/svg\" stroke-width=\"2\" stroke-linecap=\"round\" stroke-linejoin=\"round\"><title>Pr\u00f3xima P\u00e1gina<\/title><circle cx=\"12\" cy=\"12\" r=\"10\"><\/circle><polyline points=\"12 16 16 12 12 8\"><\/polyline><line x1=\"8\" y1=\"12\" x2=\"16\" y2=\"12\"><\/line><\/svg><\/div><\/a><\/div><\/div>\n<\/div>\n<\/div>\n","protected":false},"excerpt":{"rendered":"<p>Homenagem a F\u00e1bio F\u00e9lix &#8211; por \u2026 <\/p>\n","protected":false},"author":1,"featured_media":0,"parent":77,"menu_order":0,"comment_status":"closed","ping_status":"closed","template":"","meta":{"footnotes":""},"class_list":["post-715","page","type-page","status-publish","hentry"],"_links":{"self":[{"href":"https:\/\/memoria.ceam.unb.br\/index.php\/wp-json\/wp\/v2\/pages\/715","targetHints":{"allow":["GET"]}}],"collection":[{"href":"https:\/\/memoria.ceam.unb.br\/index.php\/wp-json\/wp\/v2\/pages"}],"about":[{"href":"https:\/\/memoria.ceam.unb.br\/index.php\/wp-json\/wp\/v2\/types\/page"}],"author":[{"embeddable":true,"href":"https:\/\/memoria.ceam.unb.br\/index.php\/wp-json\/wp\/v2\/users\/1"}],"replies":[{"embeddable":true,"href":"https:\/\/memoria.ceam.unb.br\/index.php\/wp-json\/wp\/v2\/comments?post=715"}],"version-history":[{"count":4,"href":"https:\/\/memoria.ceam.unb.br\/index.php\/wp-json\/wp\/v2\/pages\/715\/revisions"}],"predecessor-version":[{"id":728,"href":"https:\/\/memoria.ceam.unb.br\/index.php\/wp-json\/wp\/v2\/pages\/715\/revisions\/728"}],"up":[{"embeddable":true,"href":"https:\/\/memoria.ceam.unb.br\/index.php\/wp-json\/wp\/v2\/pages\/77"}],"wp:attachment":[{"href":"https:\/\/memoria.ceam.unb.br\/index.php\/wp-json\/wp\/v2\/media?parent=715"}],"curies":[{"name":"wp","href":"https:\/\/api.w.org\/{rel}","templated":true}]}}