{"id":748,"date":"2021-09-23T15:19:57","date_gmt":"2021-09-23T18:19:57","guid":{"rendered":"https:\/\/ceam.cdtc.unb.br\/index.php\/historias-cruzadas\/hcpg43_isaac_roitmandm-2\/"},"modified":"2021-09-26T18:01:26","modified_gmt":"2021-09-26T21:01:26","slug":"hcpg44_isaac_roitman_cartacb","status":"publish","type":"page","link":"https:\/\/memoria.ceam.unb.br\/index.php\/historias-cruzadas\/hcpg44_isaac_roitman_cartacb\/","title":{"rendered":"hcpg44_isaac_roitmanCBcarta"},"content":{"rendered":"\n<figure class=\"wp-block-image size-large\"><img loading=\"lazy\" decoding=\"async\" width=\"1024\" height=\"27\" src=\"https:\/\/ceam.cdtc.unb.br\/wp-content\/uploads\/2021\/09\/cabecalho01_historias_cruzadas-1024x27.jpg\" alt=\"\" class=\"wp-image-553\"\/><\/figure>\n\n\n<style id=\"kt-blocks_9f3825-82\">#kt-adv-heading_9f3825-82, #kt-adv-heading_9f3825-82 .wp-block-kadence-advancedheading, .wp-block-kadence-advancedheading.kt-adv-heading_9f3825-82[data-kb-block=\"kb-adv-heading_9f3825-82\"], .kadence-advanced-heading-wrapper .kt-adv-heading_9f3825-82[data-kb-block=\"kb-adv-heading_9f3825-82\"]{text-align:center;color:#167abe;}<\/style>\n<h5 class=\"kt-adv-heading_9f3825-82 wp-block-kadence-advancedheading\" data-kb-block=\"kb-adv-heading_9f3825-82\">Carta de um amigo &#8211; por Cristovam Buarque<\/h5>\n\n\n\n<p><\/p>\n\n\n\n<p><\/p>\n\n\n\n<div class=\"wp-block-columns is-layout-flex wp-container-core-columns-is-layout-9d6595d7 wp-block-columns-is-layout-flex\">\n<div class=\"wp-block-column is-layout-flow wp-block-column-is-layout-flow\" style=\"--col-width:10%;flex-basis:10%\"><\/div>\n\n\n\n<div class=\"wp-block-column is-layout-flow wp-block-column-is-layout-flow\" style=\"--col-width:120%;flex-basis:120%\">\n<p class=\"has-text-align-center\"><strong>Os sete Isaacs<\/strong><\/p>\n\n\n\n<p><\/p>\n\n\n\n<p>Do primeiro Isaac lembro um di\u00e1logo no corredor do Minhoc\u00e3o Sul, por cima de onde ficava o Departamento de Biologia. Ele me deu a not\u00edcia do acidente na central nuclear de Chernobyl. Este \u00e9 o Isaac cientista-humanista, capaz de entusiasmar-se com a beleza e a for\u00e7a da ci\u00eancia, e ao mesmo tempo criticar o seu uso. Aprendi muito com Isaac sobre o papel da ci\u00eancia e da engenharia, seu poder e seus riscos, n\u00e3o apenas na f\u00edsica nuclear, mas na biotecnologia.<\/p>\n\n\n\n<p><br>O segundo Isaac \u00e9 o cientista com consci\u00eancia da import\u00e2ncia da educa\u00e7\u00e3o de base para o desenvolvimento de cada pessoa e da sociedade. A comunidade acad\u00eamica considera que educa\u00e7\u00e3o come\u00e7a depois da aprova\u00e7\u00e3o no vestibular, que a universidade \u00e9 o vetor do progresso e o diploma universit\u00e1rio \u00e9 o passaporte para o futuro de cada pessoa. N\u00e3o se preocupam nem se envolvem com a educa\u00e7\u00e3o de base. A baixa qualidade da universidade \u00e9 prova da import\u00e2ncia da educa\u00e7\u00e3o de base, e o atraso social e econ\u00f4mico do pa\u00eds \u00e9 prova de que o ensino m\u00e9dio n\u00e3o est\u00e1 oferecendo educa\u00e7\u00e3o razo\u00e1vel \u00e0s pessoas que n\u00e3o seguem curso universit\u00e1rio.<\/p>\n\n\n\n<p><br>Ao valorizar a educa\u00e7\u00e3o de base, Isaac \u00e9 uma exce\u00e7\u00e3o entre os universit\u00e1rios e cientistas. Ele demonstra isto intelectual e politicamente com seu envolvimento em defesa da educa\u00e7\u00e3o de base com qualidade para todos, e pedagogicamente ao trazer alunos da educa\u00e7\u00e3o de base para visitas ao seu laborat\u00f3rio no Departamento de Biologia.<\/p>\n\n\n\n<p><br>O terceiro Isaac \u00e9 o futurista. Ele tem uma preocupa\u00e7\u00e3o constante e militante com o futuro do Brasil, da humanidade e da universidade. Sua milit\u00e2ncia em debates, estudos, propostas, t\u00eam o futuro como tema constante de suas reflex\u00f5es.<\/p>\n\n\n\n<p><br>H\u00e1 um quarto Isaac, que pensa a universidade, seu papel, sua hist\u00f3ria, sua estrutura, suas dificuldades e as necessidades de transform\u00e1-la. Raros universit\u00e1rios t\u00eam preocupa\u00e7\u00e3o com a entidade universit\u00e1ria em si. N\u00e3o se interessam por sua hist\u00f3ria milenar, n\u00e3o sabem de sua origem, n\u00e3o conhecem a hist\u00f3ria da universidade latino-americana e brasileira. Os universit\u00e1rios n\u00e3o percebem que a revolu\u00e7\u00e3o em marcha no mundo &#8211; globaliza\u00e7\u00e3o, limites ao crescimento econ\u00f4mico, teleinform\u00e1tica, esgotamento do Estado, intelig\u00eancia artificial, ensino \u00e0 dist\u00e2ncia, avan\u00e7os radicais na ci\u00eancia e provisionalidade das profiss\u00f5es \u2013 exigem reforma radical nos prop\u00f3sitos, nas estruturas e nos m\u00e9todos da universidade. Diferentemente da quase totalidade da comunidade acad\u00eamica, Isaac tem preocupa\u00e7\u00e3o e envolvimento intelectual com a entidade universit\u00e1ria, sua hist\u00f3ria, sua crise e seu futuro.<\/p>\n\n\n\n<p><br>H\u00e1 um quinto Isaac: o bem humorado Roitman. O meu amigo Gilberto Dimenstein, dias antes de falecer, j\u00e1 sabendo que tinha poucos dias, me disse que se eu encontrasse um judeu sem senso de humor, mandasse tirar a roupa e ver\u00eda que n\u00e3o era circuncidado. Isaac \u00e9 a prova do bom humor judaico. Suas PDS \u2013 Piadas da Semana \u2013 chegam quase diariamente para uma rede ampla de amigos. Gra\u00e7as ao quinto Isaac, temos dias mais alegres gra\u00e7as \u00e0s PDS e dias tristes salvos por elas.<\/p>\n\n\n\n<p><br>Mas, al\u00e9m destes cinco, um sexto n\u00e3o menos importante: o Isaac solid\u00e1rio, sempre que necess\u00e1rio. Usando sua toler\u00e2ncia para manter sua amizade, mesmo quando discorda de uma ideia ou posi\u00e7\u00e3o, e sempre que \u00e9 necess\u00e1rio estar junto. Fui beneficiado por todos os cinco Isaacs anteriores, mas, muito especialmente, pelo sexto, quando uma terr\u00edvel infec\u00e7\u00e3o no olho esquerdo parecia estar tirando minha vista na madrugada do ano novo; e ao consulta-lo e \u00e0 Celina, como bi\u00f3logos, ele n\u00e3o apenas deu o s\u00e1bio conselho de ir imediatamente a um hospital e buscar um infectologista, n\u00e3o esperar o dia seguinte para ir a um oftalmologista.<\/p>\n\n\n\n<p><br>Logo depois, n\u00e3o podendo ir pessoalmente ao hospital, se fez presente para me dar apoio por meio da Celina, que de certa forma \u00e9 o s\u00e9timo Isaac.<\/p>\n\n\n\n<p><br><strong><em>Cristovam Buarque<\/em><\/strong><\/p>\n<\/div>\n\n\n\n<div class=\"wp-block-column is-layout-flow wp-block-column-is-layout-flow\" style=\"--col-width:10%;flex-basis:10%\"><\/div>\n<\/div>\n\n\n\n<div class=\"wp-block-kadence-spacer aligncenter kt-block-spacer-_ec2425-a2\"><div class=\"kt-block-spacer kt-block-spacer-halign-center\" style=\"height:25px\"><hr class=\"kt-divider\" style=\"border-top-color:#eee;border-top-width:1px;width:80%;border-top-style:solid\"\/><\/div><\/div>\n\n\n\n<div class=\"wp-block-columns is-layout-flex wp-container-core-columns-is-layout-9d6595d7 wp-block-columns-is-layout-flex\">\n<div class=\"wp-block-column is-layout-flow wp-block-column-is-layout-flow\" style=\"--col-width:25%;flex-basis:25%\"><style id=\"kt-blocks_957cab-4e\">.kt-svg-icons_957cab-4e .kt-svg-item-0:hover .kt-svg-icon {color:#0F8B8D!important;}<\/style>\n<div class=\"wp-block-kadence-icon kt-svg-icons kt-svg-icons_957cab-4e alignnone\" style=\"text-align:center\"><div class=\"kt-svg-style-default kt-svg-icon-wrap kt-svg-item-0\"><a href=\"https:\/\/ceam.cdtc.unb.br\/index.php\/historias-cruzadas\/hcpg43_isaac_roitmandm\/\" class=\"kt-svg-icon-link\"><div style=\"display:inline-flex;justify-content:center;align-items:center;color:#444444\" class=\"kt-svg-icon kt-svg-icon-fe_arrowLeftCircle\"><svg style=\"display:inline-block;vertical-align:middle\" viewbox=\"0 0 24 24\" height=\"50\" width=\"50\" fill=\"none\" stroke=\"currentColor\" xmlns=\"http:\/\/www.w3.org\/2000\/svg\" stroke-width=\"2\" stroke-linecap=\"round\" stroke-linejoin=\"round\"><title>P\u00e1gina Anterior<\/title><circle cx=\"12\" cy=\"12\" r=\"10\"><\/circle><polyline points=\"12 8 8 12 12 16\"><\/polyline><line x1=\"16\" y1=\"12\" x2=\"8\" y2=\"12\"><\/line><\/svg><\/div><\/a><\/div><\/div>\n<\/div>\n\n\n\n<div class=\"wp-block-column is-layout-flow wp-block-column-is-layout-flow\" style=\"--col-width:50%;flex-basis:50%\"><\/div>\n\n\n\n<div class=\"wp-block-column is-layout-flow wp-block-column-is-layout-flow\" style=\"--col-width:25%;flex-basis:25%\"><style id=\"kt-blocks_a20bf9-b5\">.kt-svg-icons_a20bf9-b5 .kt-svg-item-0:hover .kt-svg-icon {color:#0F8B8D!important;}<\/style>\n<div class=\"wp-block-kadence-icon kt-svg-icons kt-svg-icons_a20bf9-b5 alignnone\" style=\"text-align:center\"><div class=\"kt-svg-style-default kt-svg-icon-wrap kt-svg-item-0\"><a href=\"https:\/\/ceam.cdtc.unb.br\/index.php\/historias-cruzadas\/hcpg45_isaac_roitmangpccarta\/\" class=\"kt-svg-icon-link\"><div style=\"display:inline-flex;justify-content:center;align-items:center;color:#444444\" class=\"kt-svg-icon kt-svg-icon-fe_arrowRightCircle\"><svg style=\"display:inline-block;vertical-align:middle\" viewbox=\"0 0 24 24\" height=\"50\" width=\"50\" fill=\"none\" stroke=\"currentColor\" xmlns=\"http:\/\/www.w3.org\/2000\/svg\" stroke-width=\"2\" stroke-linecap=\"round\" stroke-linejoin=\"round\"><title>Pr\u00f3xima P\u00e1gina<\/title><circle cx=\"12\" cy=\"12\" r=\"10\"><\/circle><polyline points=\"12 16 16 12 12 8\"><\/polyline><line x1=\"8\" y1=\"12\" x2=\"16\" y2=\"12\"><\/line><\/svg><\/div><\/a><\/div><\/div>\n<\/div>\n<\/div>\n","protected":false},"excerpt":{"rendered":"<p>Carta de um amigo &#8211; por \u2026 <\/p>\n","protected":false},"author":2,"featured_media":0,"parent":77,"menu_order":0,"comment_status":"closed","ping_status":"closed","template":"","meta":{"footnotes":""},"class_list":["post-748","page","type-page","status-publish","hentry"],"_links":{"self":[{"href":"https:\/\/memoria.ceam.unb.br\/index.php\/wp-json\/wp\/v2\/pages\/748","targetHints":{"allow":["GET"]}}],"collection":[{"href":"https:\/\/memoria.ceam.unb.br\/index.php\/wp-json\/wp\/v2\/pages"}],"about":[{"href":"https:\/\/memoria.ceam.unb.br\/index.php\/wp-json\/wp\/v2\/types\/page"}],"author":[{"embeddable":true,"href":"https:\/\/memoria.ceam.unb.br\/index.php\/wp-json\/wp\/v2\/users\/2"}],"replies":[{"embeddable":true,"href":"https:\/\/memoria.ceam.unb.br\/index.php\/wp-json\/wp\/v2\/comments?post=748"}],"version-history":[{"count":4,"href":"https:\/\/memoria.ceam.unb.br\/index.php\/wp-json\/wp\/v2\/pages\/748\/revisions"}],"predecessor-version":[{"id":1198,"href":"https:\/\/memoria.ceam.unb.br\/index.php\/wp-json\/wp\/v2\/pages\/748\/revisions\/1198"}],"up":[{"embeddable":true,"href":"https:\/\/memoria.ceam.unb.br\/index.php\/wp-json\/wp\/v2\/pages\/77"}],"wp:attachment":[{"href":"https:\/\/memoria.ceam.unb.br\/index.php\/wp-json\/wp\/v2\/media?parent=748"}],"curies":[{"name":"wp","href":"https:\/\/api.w.org\/{rel}","templated":true}]}}