{"id":783,"date":"2021-09-23T16:00:03","date_gmt":"2021-09-23T19:00:03","guid":{"rendered":"https:\/\/ceam.cdtc.unb.br\/index.php\/historias-cruzadas\/hcpg46_jiwago_miranda-4\/"},"modified":"2021-09-24T11:23:59","modified_gmt":"2021-09-24T14:23:59","slug":"hcpg51_joao_bilhim","status":"publish","type":"page","link":"https:\/\/memoria.ceam.unb.br\/index.php\/historias-cruzadas\/hcpg51_joao_bilhim\/","title":{"rendered":"hcpg51_joao_bilhim"},"content":{"rendered":"\n<div class=\"wp-block-image\"><figure class=\"aligncenter size-large\"><img loading=\"lazy\" decoding=\"async\" width=\"1024\" height=\"27\" src=\"https:\/\/ceam.cdtc.unb.br\/wp-content\/uploads\/2021\/09\/cabecalho02_historias_cruzadas-1024x27.jpg\" alt=\"\" class=\"wp-image-554\"\/><\/figure><\/div>\n\n\n<style id=\"kt-blocks_d0b9a0-28\">#kt-adv-heading_d0b9a0-28, #kt-adv-heading_d0b9a0-28 .wp-block-kadence-advancedheading, .wp-block-kadence-advancedheading.kt-adv-heading_d0b9a0-28[data-kb-block=\"kb-adv-heading_d0b9a0-28\"], .kadence-advanced-heading-wrapper .kt-adv-heading_d0b9a0-28[data-kb-block=\"kb-adv-heading_d0b9a0-28\"]{text-align:center;color:#167abe;}<\/style>\n<h5 class=\"kt-adv-heading_d0b9a0-28 wp-block-kadence-advancedheading\" data-kb-block=\"kb-adv-heading_d0b9a0-28\">Jo\u00e3o Abreu de Farias Bilhim<\/h5>\n\n\n\n<p><\/p>\n\n\n\n<div class=\"wp-block-image\"><figure class=\"aligncenter size-full is-resized\"><img decoding=\"async\" src=\"https:\/\/ceam.cdtc.unb.br\/wp-content\/uploads\/2021\/09\/joao_bilhin.jpg\" alt=\"\" class=\"wp-image-539\" width=\"560\"\/><\/figure><\/div>\n\n\n\n<div class=\"wp-block-columns is-layout-flex wp-container-core-columns-is-layout-9d6595d7 wp-block-columns-is-layout-flex\">\n<div class=\"wp-block-column is-layout-flow wp-block-column-is-layout-flow\" style=\"--col-width:15%;flex-basis:15%\"><\/div>\n\n\n\n<div class=\"wp-block-column is-layout-flow wp-block-column-is-layout-flow\" style=\"--col-width:110%;flex-basis:110%\">\n<p>Professor Jo\u00e3o Bilhim nasceu na Ilha da Madeira, integrou o projeto EURO BRASIL em 2000, destinado \u00e0 moderniza\u00e7\u00e3o da Administra\u00e7\u00e3o Federal, financiado pela Uni\u00e3o Europeia. Assumiu a presid\u00eancia do Instituto Superior de Ci\u00eancias Sociais e Pol\u00edticos da Universidade de Lisboa. Entrosou-se com a UnB, na \u00e1rea de Pol\u00edticas P\u00fablicas e promo\u00e7\u00e3o da sa\u00fade. Formalizou a coopera\u00e7\u00e3o internacional e recebeu mais de 50 alunos em forma\u00e7\u00e3o de p\u00f3s-gradua\u00e7\u00e3o na ULisboa. Em Bras\u00edlia \u00e9 professor visitante na UnB com orienta\u00e7\u00e3o de alunos em doutorado. Para o Brasil, trouxe grande contribui\u00e7\u00e3o para o desenvolvimento do setor p\u00fablico, como in\u00fameros trabalhos com a ENAP, Minist\u00e9rio do Planejamento e Correios.<\/p>\n<\/div>\n\n\n\n<div class=\"wp-block-column is-layout-flow wp-block-column-is-layout-flow\" style=\"--col-width:15%;flex-basis:15%\"><\/div>\n<\/div>\n\n\n\n<div class=\"wp-block-kadence-spacer aligncenter kt-block-spacer-_0f9710-60\"><div class=\"kt-block-spacer kt-block-spacer-halign-center\" style=\"height:25px\"><hr class=\"kt-divider\" style=\"border-top-color:#eee;border-top-width:1px;width:80%;border-top-style:solid\"\/><\/div><\/div>\n\n\n\n<div class=\"wp-block-columns is-layout-flex wp-container-core-columns-is-layout-9d6595d7 wp-block-columns-is-layout-flex\">\n<div class=\"wp-block-column is-layout-flow wp-block-column-is-layout-flow\" style=\"--col-width:25%;flex-basis:25%\"><style id=\"kt-blocks_7f6936-b9\">.kt-svg-icons_7f6936-b9 .kt-svg-item-0:hover .kt-svg-icon {color:#0F8B8D!important;}<\/style>\n<div class=\"wp-block-kadence-icon kt-svg-icons kt-svg-icons_7f6936-b9 alignnone\" style=\"text-align:center\"><div class=\"kt-svg-style-default kt-svg-icon-wrap kt-svg-item-0\"><a href=\"https:\/\/ceam.cdtc.unb.br\/index.php\/historias-cruzadas\/hcpg50_jiwago_mirandajlm\/\" class=\"kt-svg-icon-link\"><div style=\"display:inline-flex;justify-content:center;align-items:center;color:#444444\" class=\"kt-svg-icon kt-svg-icon-fe_arrowLeftCircle\"><svg style=\"display:inline-block;vertical-align:middle\" viewbox=\"0 0 24 24\" height=\"50\" width=\"50\" fill=\"none\" stroke=\"currentColor\" xmlns=\"http:\/\/www.w3.org\/2000\/svg\" stroke-width=\"2\" stroke-linecap=\"round\" stroke-linejoin=\"round\"><title>P\u00e1gina anterior<\/title><circle cx=\"12\" cy=\"12\" r=\"10\"><\/circle><polyline points=\"12 8 8 12 12 16\"><\/polyline><line x1=\"16\" y1=\"12\" x2=\"8\" y2=\"12\"><\/line><\/svg><\/div><\/a><\/div><\/div>\n<\/div>\n\n\n\n<div class=\"wp-block-column is-layout-flow wp-block-column-is-layout-flow\" style=\"--col-width:50%;flex-basis:50%\"><\/div>\n\n\n\n<div class=\"wp-block-column is-layout-flow wp-block-column-is-layout-flow\" style=\"--col-width:25%;flex-basis:25%\"><style id=\"kt-blocks_ca77cc-15\">.kt-svg-icons_ca77cc-15 .kt-svg-item-0:hover .kt-svg-icon {color:#0F8B8D!important;}<\/style>\n<div class=\"wp-block-kadence-icon kt-svg-icons kt-svg-icons_ca77cc-15 alignnone\" style=\"text-align:center\"><div class=\"kt-svg-style-default kt-svg-icon-wrap kt-svg-item-0\"><a href=\"https:\/\/ceam.cdtc.unb.br\/index.php\/historias-cruzadas\/hcpg52_joao_bilhimpmas\/\" class=\"kt-svg-icon-link\"><div style=\"display:inline-flex;justify-content:center;align-items:center;color:#444444\" class=\"kt-svg-icon kt-svg-icon-fe_arrowRightCircle\"><svg style=\"display:inline-block;vertical-align:middle\" viewbox=\"0 0 24 24\" height=\"50\" width=\"50\" fill=\"none\" stroke=\"currentColor\" xmlns=\"http:\/\/www.w3.org\/2000\/svg\" stroke-width=\"2\" stroke-linecap=\"round\" stroke-linejoin=\"round\"><title>Pr\u00f3xima P\u00e1gina<\/title><circle cx=\"12\" cy=\"12\" r=\"10\"><\/circle><polyline points=\"12 16 16 12 12 8\"><\/polyline><line x1=\"8\" y1=\"12\" x2=\"16\" y2=\"12\"><\/line><\/svg><\/div><\/a><\/div><\/div>\n<\/div>\n<\/div>\n","protected":false},"excerpt":{"rendered":"<p>Jo\u00e3o Abreu de Farias Bilhim Professor \u2026 <\/p>\n","protected":false},"author":2,"featured_media":0,"parent":77,"menu_order":0,"comment_status":"closed","ping_status":"closed","template":"","meta":{"footnotes":""},"class_list":["post-783","page","type-page","status-publish","hentry"],"_links":{"self":[{"href":"https:\/\/memoria.ceam.unb.br\/index.php\/wp-json\/wp\/v2\/pages\/783","targetHints":{"allow":["GET"]}}],"collection":[{"href":"https:\/\/memoria.ceam.unb.br\/index.php\/wp-json\/wp\/v2\/pages"}],"about":[{"href":"https:\/\/memoria.ceam.unb.br\/index.php\/wp-json\/wp\/v2\/types\/page"}],"author":[{"embeddable":true,"href":"https:\/\/memoria.ceam.unb.br\/index.php\/wp-json\/wp\/v2\/users\/2"}],"replies":[{"embeddable":true,"href":"https:\/\/memoria.ceam.unb.br\/index.php\/wp-json\/wp\/v2\/comments?post=783"}],"version-history":[{"count":4,"href":"https:\/\/memoria.ceam.unb.br\/index.php\/wp-json\/wp\/v2\/pages\/783\/revisions"}],"predecessor-version":[{"id":1027,"href":"https:\/\/memoria.ceam.unb.br\/index.php\/wp-json\/wp\/v2\/pages\/783\/revisions\/1027"}],"up":[{"embeddable":true,"href":"https:\/\/memoria.ceam.unb.br\/index.php\/wp-json\/wp\/v2\/pages\/77"}],"wp:attachment":[{"href":"https:\/\/memoria.ceam.unb.br\/index.php\/wp-json\/wp\/v2\/media?parent=783"}],"curies":[{"name":"wp","href":"https:\/\/api.w.org\/{rel}","templated":true}]}}