{"id":801,"date":"2021-09-23T16:17:27","date_gmt":"2021-09-23T19:17:27","guid":{"rendered":"https:\/\/ceam.cdtc.unb.br\/index.php\/historias-cruzadas\/hcpg54_joao_bilhimip-2\/"},"modified":"2021-09-24T11:29:30","modified_gmt":"2021-09-24T14:29:30","slug":"hcpg56_maria_izabelvr","status":"publish","type":"page","link":"https:\/\/memoria.ceam.unb.br\/index.php\/historias-cruzadas\/hcpg56_maria_izabelvr\/","title":{"rendered":"hcpg56_maria_izabelVR"},"content":{"rendered":"\n<figure class=\"wp-block-image size-large\"><img loading=\"lazy\" decoding=\"async\" width=\"1024\" height=\"27\" src=\"https:\/\/ceam.cdtc.unb.br\/wp-content\/uploads\/2021\/09\/cabecalho02_historias_cruzadas-1024x27.jpg\" alt=\"\" class=\"wp-image-554\"\/><\/figure>\n\n\n\n<figure class=\"wp-block-audio aligncenter\"><audio controls src=\"https:\/\/ceam.cdtc.unb.br\/wp-content\/uploads\/2021\/09\/Ma-Isabel-Magalhaes-Prof.-Viviane-Resende.mp3\"><\/audio><\/figure>\n\n\n<style id=\"kt-blocks_9f3825-82\">#kt-adv-heading_9f3825-82, #kt-adv-heading_9f3825-82 .wp-block-kadence-advancedheading, .wp-block-kadence-advancedheading.kt-adv-heading_9f3825-82[data-kb-block=\"kb-adv-heading_9f3825-82\"], .kadence-advanced-heading-wrapper .kt-adv-heading_9f3825-82[data-kb-block=\"kb-adv-heading_9f3825-82\"]{text-align:center;color:#167abe;}<\/style>\n<h5 class=\"kt-adv-heading_9f3825-82 wp-block-kadence-advancedheading\" data-kb-block=\"kb-adv-heading_9f3825-82\">Homenagem a Izabel Magalh\u00e3es &#8211; por Viviane de Melo Resende<\/h5>\n\n\n\n<p><\/p>\n\n\n\n<p><\/p>\n\n\n\n<div class=\"wp-block-columns is-layout-flex wp-container-core-columns-is-layout-9d6595d7 wp-block-columns-is-layout-flex\">\n<div class=\"wp-block-column is-layout-flow wp-block-column-is-layout-flow\" style=\"--col-width:10%;flex-basis:10%\"><\/div>\n\n\n\n<div class=\"wp-block-column is-layout-flow wp-block-column-is-layout-flow\" style=\"--col-width:120%;flex-basis:120%\">\n<p>Sou mulher, m\u00e3e, professora. Na hist\u00f3ria da minha vida, meus pap\u00e9is n\u00e3o se separam. Da Itarema natal at\u00e9 a Lancaster que escolhi para minha forma\u00e7\u00e3o, da Bras\u00edlia onde me firmei ao retorno ao Cear\u00e1, e ao novo retorno a Bras\u00edlia. Em tudo sempre estive inteira: a professora, a m\u00e3e, a mulher.<\/p>\n\n\n\n<p><br>Na cidad\u00e3 estava a professora quando investiguei a Constitui\u00e7\u00e3o de 88, com foco nas contribui\u00e7\u00f5es de mulheres \u00e0 constru\u00e7\u00e3o da lei m\u00e1xima do pa\u00eds \u2013 ainda vigente mas t\u00e3o<br>vilipendiada! Na professora estava a cidad\u00e3 quando conduzi estudo sobre letramentos de pessoas adultas numa cidade perif\u00e9rica do DF. A m\u00e3e estava na professora quando estudei intera\u00e7\u00f5es m\u00e9dicas em pediatria, e na professora estava a m\u00e3e quando enveredei para o estudo da educa\u00e7\u00e3o inclusiva e do atendimento educacional a pessoas com defici\u00eancias.<\/p>\n\n\n\n<p><br>Se alguns me acharam dura, talvez n\u00e3o saibam tudo que enfrentei. Ainda hoje n\u00e3o \u00e9 f\u00e1cil fazer ci\u00eancia no Brasil, \u00e9 mais dif\u00edcil sendo mulher, mais ainda sendo m\u00e3e. Veja um exemplo: somente em 2020 a Universidade de Bras\u00edlia aprovou a Resolu\u00e7\u00e3o sobre avalia\u00e7\u00e3o acad\u00eamica de mulheres em licen\u00e7a maternidade. Foi preciso uma Reitora mulher, uma Decana de P\u00f3s-gradua\u00e7\u00e3o mulher, uma Diretora de P\u00f3s-gradua\u00e7\u00e3o mulher para essa conquista \u2013 que mesmo sendo vanguardista apenas minimiza as desigualdades de g\u00eanero que enfrentamos na academia. S\u00f3 agora, em 2020! Imagine o que foi ser m\u00e3e e docente nos anos 80, 90, 2000&#8230;<\/p>\n\n\n\n<p><br>Onde estive fui inteira. Sou mulher, m\u00e3e, professora. Na hist\u00f3ria da minha vida, meus pap\u00e9is n\u00e3o se separam.<\/p>\n<\/div>\n\n\n\n<div class=\"wp-block-column is-layout-flow wp-block-column-is-layout-flow\" style=\"--col-width:10%;flex-basis:10%\"><\/div>\n<\/div>\n\n\n\n<div class=\"wp-block-kadence-spacer aligncenter kt-block-spacer-_ec2425-a2\"><div class=\"kt-block-spacer kt-block-spacer-halign-center\" style=\"height:25px\"><hr class=\"kt-divider\" style=\"border-top-color:#eee;border-top-width:1px;width:80%;border-top-style:solid\"\/><\/div><\/div>\n\n\n\n<div class=\"wp-block-columns is-layout-flex wp-container-core-columns-is-layout-9d6595d7 wp-block-columns-is-layout-flex\">\n<div class=\"wp-block-column is-layout-flow wp-block-column-is-layout-flow\" style=\"--col-width:25%;flex-basis:25%\"><style id=\"kt-blocks_957cab-4e\">.kt-svg-icons_957cab-4e .kt-svg-item-0:hover .kt-svg-icon {color:#0F8B8D!important;}<\/style>\n<div class=\"wp-block-kadence-icon kt-svg-icons kt-svg-icons_957cab-4e alignnone\" style=\"text-align:center\"><div class=\"kt-svg-style-default kt-svg-icon-wrap kt-svg-item-0\"><a href=\"https:\/\/ceam.cdtc.unb.br\/index.php\/historias-cruzadas\/hcpg55_maria_izabel\/\" class=\"kt-svg-icon-link\"><div style=\"display:inline-flex;justify-content:center;align-items:center;color:#444444\" class=\"kt-svg-icon kt-svg-icon-fe_arrowLeftCircle\"><svg style=\"display:inline-block;vertical-align:middle\" viewbox=\"0 0 24 24\" height=\"50\" width=\"50\" fill=\"none\" stroke=\"currentColor\" xmlns=\"http:\/\/www.w3.org\/2000\/svg\" stroke-width=\"2\" stroke-linecap=\"round\" stroke-linejoin=\"round\"><title>P\u00e1gina Anterior<\/title><circle cx=\"12\" cy=\"12\" r=\"10\"><\/circle><polyline points=\"12 8 8 12 12 16\"><\/polyline><line x1=\"16\" y1=\"12\" x2=\"8\" y2=\"12\"><\/line><\/svg><\/div><\/a><\/div><\/div>\n<\/div>\n\n\n\n<div class=\"wp-block-column is-layout-flow wp-block-column-is-layout-flow\" style=\"--col-width:50%;flex-basis:50%\"><\/div>\n\n\n\n<div class=\"wp-block-column is-layout-flow wp-block-column-is-layout-flow\" style=\"--col-width:25%;flex-basis:25%\"><style id=\"kt-blocks_a20bf9-b5\">.kt-svg-icons_a20bf9-b5 .kt-svg-item-0:hover .kt-svg-icon {color:#0F8B8D!important;}<\/style>\n<div class=\"wp-block-kadence-icon kt-svg-icons kt-svg-icons_a20bf9-b5 alignnone\" style=\"text-align:center\"><div class=\"kt-svg-style-default kt-svg-icon-wrap kt-svg-item-0\"><a href=\"https:\/\/ceam.cdtc.unb.br\/index.php\/historias-cruzadas\/hcpg57_maria_izabelgf\/\" class=\"kt-svg-icon-link\"><div style=\"display:inline-flex;justify-content:center;align-items:center;color:#444444\" class=\"kt-svg-icon kt-svg-icon-fe_arrowRightCircle\"><svg style=\"display:inline-block;vertical-align:middle\" viewbox=\"0 0 24 24\" height=\"50\" width=\"50\" fill=\"none\" stroke=\"currentColor\" xmlns=\"http:\/\/www.w3.org\/2000\/svg\" stroke-width=\"2\" stroke-linecap=\"round\" stroke-linejoin=\"round\"><title>Pr\u00f3xima P\u00e1gina<\/title><circle cx=\"12\" cy=\"12\" r=\"10\"><\/circle><polyline points=\"12 16 16 12 12 8\"><\/polyline><line x1=\"8\" y1=\"12\" x2=\"16\" y2=\"12\"><\/line><\/svg><\/div><\/a><\/div><\/div>\n<\/div>\n<\/div>\n","protected":false},"excerpt":{"rendered":"<p>Homenagem a Izabel Magalh\u00e3es &#8211; por \u2026 <\/p>\n","protected":false},"author":2,"featured_media":0,"parent":77,"menu_order":0,"comment_status":"closed","ping_status":"closed","template":"","meta":{"footnotes":""},"class_list":["post-801","page","type-page","status-publish","hentry"],"_links":{"self":[{"href":"https:\/\/memoria.ceam.unb.br\/index.php\/wp-json\/wp\/v2\/pages\/801","targetHints":{"allow":["GET"]}}],"collection":[{"href":"https:\/\/memoria.ceam.unb.br\/index.php\/wp-json\/wp\/v2\/pages"}],"about":[{"href":"https:\/\/memoria.ceam.unb.br\/index.php\/wp-json\/wp\/v2\/types\/page"}],"author":[{"embeddable":true,"href":"https:\/\/memoria.ceam.unb.br\/index.php\/wp-json\/wp\/v2\/users\/2"}],"replies":[{"embeddable":true,"href":"https:\/\/memoria.ceam.unb.br\/index.php\/wp-json\/wp\/v2\/comments?post=801"}],"version-history":[{"count":3,"href":"https:\/\/memoria.ceam.unb.br\/index.php\/wp-json\/wp\/v2\/pages\/801\/revisions"}],"predecessor-version":[{"id":1032,"href":"https:\/\/memoria.ceam.unb.br\/index.php\/wp-json\/wp\/v2\/pages\/801\/revisions\/1032"}],"up":[{"embeddable":true,"href":"https:\/\/memoria.ceam.unb.br\/index.php\/wp-json\/wp\/v2\/pages\/77"}],"wp:attachment":[{"href":"https:\/\/memoria.ceam.unb.br\/index.php\/wp-json\/wp\/v2\/media?parent=801"}],"curies":[{"name":"wp","href":"https:\/\/api.w.org\/{rel}","templated":true}]}}