{"id":806,"date":"2021-09-23T16:23:32","date_gmt":"2021-09-23T19:23:32","guid":{"rendered":"https:\/\/ceam.cdtc.unb.br\/index.php\/historias-cruzadas\/hcpg56_maria_izabelvr-2\/"},"modified":"2021-09-24T11:30:06","modified_gmt":"2021-09-24T14:30:06","slug":"hcpg57_maria_izabelgf","status":"publish","type":"page","link":"https:\/\/memoria.ceam.unb.br\/index.php\/historias-cruzadas\/hcpg57_maria_izabelgf\/","title":{"rendered":"hcpg57_maria_izabelGF"},"content":{"rendered":"\n<figure class=\"wp-block-image size-large\"><img loading=\"lazy\" decoding=\"async\" width=\"1024\" height=\"27\" src=\"https:\/\/ceam.cdtc.unb.br\/wp-content\/uploads\/2021\/09\/cabecalho01_historias_cruzadas-1024x27.jpg\" alt=\"\" class=\"wp-image-553\"\/><\/figure>\n\n\n\n<figure class=\"wp-block-audio aligncenter\"><audio controls src=\"https:\/\/ceam.cdtc.unb.br\/wp-content\/uploads\/2021\/09\/Ma-Isabel-Magalhaes-Girlane-Florindo.mp3\"><\/audio><\/figure>\n\n\n<style id=\"kt-blocks_9f3825-82\">#kt-adv-heading_9f3825-82, #kt-adv-heading_9f3825-82 .wp-block-kadence-advancedheading, .wp-block-kadence-advancedheading.kt-adv-heading_9f3825-82[data-kb-block=\"kb-adv-heading_9f3825-82\"], .kadence-advanced-heading-wrapper .kt-adv-heading_9f3825-82[data-kb-block=\"kb-adv-heading_9f3825-82\"]{text-align:center;color:#167abe;}<\/style>\n<h5 class=\"kt-adv-heading_9f3825-82 wp-block-kadence-advancedheading\" data-kb-block=\"kb-adv-heading_9f3825-82\">Can\u00e7\u00e3o a Izabel Magalh\u00e3es &#8211; por Girlane M. F. Florindo<\/h5>\n\n\n\n<p><\/p>\n\n\n\n<p><\/p>\n\n\n\n<div class=\"wp-block-columns is-layout-flex wp-container-core-columns-is-layout-9d6595d7 wp-block-columns-is-layout-flex\">\n<div class=\"wp-block-column is-layout-flow wp-block-column-is-layout-flow\" style=\"--col-width:10%;flex-basis:10%\"><\/div>\n\n\n\n<div class=\"wp-block-column is-layout-flow wp-block-column-is-layout-flow\" style=\"--col-width:120%;flex-basis:120%\">\n<p class=\"has-text-align-center\">Mulher, m\u00e3e, professora<br>Engajada pesquisadora.<br>Sens\u00edvel, acess\u00edvel e empoderada<br>\u00c0s vezes t\u00edmida, sempre divertida.<br>H\u00e1 bom gosto, h\u00e1 m\u00fasica e<br>H\u00e1 arte. Mas tamb\u00e9m disciplina, rigor, justeza<br>e responsabilidade.<br>Desbravou terras, temas, metodologias.<br>Marcas da decolonialidade sempre presente<br>Consist\u00eancia ao pesquisar, ao analisar,<br>Ao viver.<br>Em conex\u00e3o com o mundo escolheu capitais de afeto:<br>Bras\u00edlia, Lancaster, Fortaleza.<br>Afirmou-se, por sua for\u00e7a, desde sempre.<br>No texto como mapa, seu discurso se fez pot\u00eancia:<br>ADC, g\u00eanese, fio condutor;<br>Inquieta\u00e7\u00f5es, muitos porqu\u00eas &#8211;<br>G\u00eanero, educa\u00e7\u00e3o, inclus\u00e3o, comunica\u00e7\u00e3o e interseccionalidade;<br>Etnografia, mergulho profundo.<br>Contexto, visto e sentido por inteiro. Por completo. Em toda complexidade.<br>Enraizou-se no tempo e no espa\u00e7o esse olhar cr\u00edtico sobre o mundo,<br>conduzindo sempre para o humano:<br>Que sujeito sou eu? Que sujeito eu poderia ser?<br>Ningu\u00e9m passa por seu caminho impunemente.<br>Aprende, mansa ou duramente, a movimentar-se para dentro.<\/p>\n<\/div>\n\n\n\n<div class=\"wp-block-column is-layout-flow wp-block-column-is-layout-flow\" style=\"--col-width:10%;flex-basis:10%\"><\/div>\n<\/div>\n\n\n\n<div class=\"wp-block-kadence-spacer aligncenter kt-block-spacer-_ec2425-a2\"><div class=\"kt-block-spacer kt-block-spacer-halign-center\" style=\"height:25px\"><hr class=\"kt-divider\" style=\"border-top-color:#eee;border-top-width:1px;width:80%;border-top-style:solid\"\/><\/div><\/div>\n\n\n\n<div class=\"wp-block-columns is-layout-flex wp-container-core-columns-is-layout-9d6595d7 wp-block-columns-is-layout-flex\">\n<div class=\"wp-block-column is-layout-flow wp-block-column-is-layout-flow\" style=\"--col-width:25%;flex-basis:25%\"><style id=\"kt-blocks_957cab-4e\">.kt-svg-icons_957cab-4e .kt-svg-item-0:hover .kt-svg-icon {color:#0F8B8D!important;}<\/style>\n<div class=\"wp-block-kadence-icon kt-svg-icons kt-svg-icons_957cab-4e alignnone\" style=\"text-align:center\"><div class=\"kt-svg-style-default kt-svg-icon-wrap kt-svg-item-0\"><a href=\"https:\/\/ceam.cdtc.unb.br\/index.php\/historias-cruzadas\/hcpg56_maria_izabelvr\/\" class=\"kt-svg-icon-link\"><div style=\"display:inline-flex;justify-content:center;align-items:center;color:#444444\" class=\"kt-svg-icon kt-svg-icon-fe_arrowLeftCircle\"><svg style=\"display:inline-block;vertical-align:middle\" viewbox=\"0 0 24 24\" height=\"50\" width=\"50\" fill=\"none\" stroke=\"currentColor\" xmlns=\"http:\/\/www.w3.org\/2000\/svg\" stroke-width=\"2\" stroke-linecap=\"round\" stroke-linejoin=\"round\"><title>P\u00e1gina Anterior<\/title><circle cx=\"12\" cy=\"12\" r=\"10\"><\/circle><polyline points=\"12 8 8 12 12 16\"><\/polyline><line x1=\"16\" y1=\"12\" x2=\"8\" y2=\"12\"><\/line><\/svg><\/div><\/a><\/div><\/div>\n<\/div>\n\n\n\n<div class=\"wp-block-column is-layout-flow wp-block-column-is-layout-flow\" style=\"--col-width:50%;flex-basis:50%\"><\/div>\n\n\n\n<div class=\"wp-block-column is-layout-flow wp-block-column-is-layout-flow\" style=\"--col-width:25%;flex-basis:25%\"><style id=\"kt-blocks_a20bf9-b5\">.kt-svg-icons_a20bf9-b5 .kt-svg-item-0:hover .kt-svg-icon {color:#0F8B8D!important;}<\/style>\n<div class=\"wp-block-kadence-icon kt-svg-icons kt-svg-icons_a20bf9-b5 alignnone\" style=\"text-align:center\"><div class=\"kt-svg-style-default kt-svg-icon-wrap kt-svg-item-0\"><a href=\"https:\/\/ceam.cdtc.unb.br\/index.php\/historias-cruzadas\/hcpg58_maria_izabelmb\/\" class=\"kt-svg-icon-link\"><div style=\"display:inline-flex;justify-content:center;align-items:center;color:#444444\" class=\"kt-svg-icon kt-svg-icon-fe_arrowRightCircle\"><svg style=\"display:inline-block;vertical-align:middle\" viewbox=\"0 0 24 24\" height=\"50\" width=\"50\" fill=\"none\" stroke=\"currentColor\" xmlns=\"http:\/\/www.w3.org\/2000\/svg\" stroke-width=\"2\" stroke-linecap=\"round\" stroke-linejoin=\"round\"><title>Pr\u00f3xima P\u00e1gina<\/title><circle cx=\"12\" cy=\"12\" r=\"10\"><\/circle><polyline points=\"12 16 16 12 12 8\"><\/polyline><line x1=\"8\" y1=\"12\" x2=\"16\" y2=\"12\"><\/line><\/svg><\/div><\/a><\/div><\/div>\n<\/div>\n<\/div>\n","protected":false},"excerpt":{"rendered":"<p>Can\u00e7\u00e3o a Izabel Magalh\u00e3es &#8211; por \u2026 <\/p>\n","protected":false},"author":2,"featured_media":0,"parent":77,"menu_order":0,"comment_status":"closed","ping_status":"closed","template":"","meta":{"footnotes":""},"class_list":["post-806","page","type-page","status-publish","hentry"],"_links":{"self":[{"href":"https:\/\/memoria.ceam.unb.br\/index.php\/wp-json\/wp\/v2\/pages\/806","targetHints":{"allow":["GET"]}}],"collection":[{"href":"https:\/\/memoria.ceam.unb.br\/index.php\/wp-json\/wp\/v2\/pages"}],"about":[{"href":"https:\/\/memoria.ceam.unb.br\/index.php\/wp-json\/wp\/v2\/types\/page"}],"author":[{"embeddable":true,"href":"https:\/\/memoria.ceam.unb.br\/index.php\/wp-json\/wp\/v2\/users\/2"}],"replies":[{"embeddable":true,"href":"https:\/\/memoria.ceam.unb.br\/index.php\/wp-json\/wp\/v2\/comments?post=806"}],"version-history":[{"count":2,"href":"https:\/\/memoria.ceam.unb.br\/index.php\/wp-json\/wp\/v2\/pages\/806\/revisions"}],"predecessor-version":[{"id":1033,"href":"https:\/\/memoria.ceam.unb.br\/index.php\/wp-json\/wp\/v2\/pages\/806\/revisions\/1033"}],"up":[{"embeddable":true,"href":"https:\/\/memoria.ceam.unb.br\/index.php\/wp-json\/wp\/v2\/pages\/77"}],"wp:attachment":[{"href":"https:\/\/memoria.ceam.unb.br\/index.php\/wp-json\/wp\/v2\/media?parent=806"}],"curies":[{"name":"wp","href":"https:\/\/api.w.org\/{rel}","templated":true}]}}