{"id":850,"date":"2021-09-23T17:15:51","date_gmt":"2021-09-23T20:15:51","guid":{"rendered":"https:\/\/ceam.cdtc.unb.br\/index.php\/historias-cruzadas\/hcpg66_maria_madalena_mmmccarta-2\/"},"modified":"2021-09-24T11:39:18","modified_gmt":"2021-09-24T14:39:18","slug":"hcpg67_maria_madalena_vbccarta","status":"publish","type":"page","link":"https:\/\/memoria.ceam.unb.br\/index.php\/historias-cruzadas\/hcpg67_maria_madalena_vbccarta\/","title":{"rendered":"hcpg67_maria_madalena_VBCcarta"},"content":{"rendered":"\n<div class=\"wp-block-image\"><figure class=\"aligncenter size-large\"><img loading=\"lazy\" decoding=\"async\" width=\"1024\" height=\"27\" src=\"https:\/\/ceam.cdtc.unb.br\/wp-content\/uploads\/2021\/09\/cabecalho02_historias_cruzadas-1024x27.jpg\" alt=\"\" class=\"wp-image-554\"\/><\/figure><\/div>\n\n\n<style id=\"kt-blocks_e6a06f-69\">#kt-adv-heading_e6a06f-69, #kt-adv-heading_e6a06f-69 .wp-block-kadence-advancedheading, .wp-block-kadence-advancedheading.kt-adv-heading_e6a06f-69[data-kb-block=\"kb-adv-heading_e6a06f-69\"], .kadence-advanced-heading-wrapper .kt-adv-heading_e6a06f-69[data-kb-block=\"kb-adv-heading_e6a06f-69\"]{text-align:left;color:#167abe;}<\/style>\n<h5 class=\"kt-adv-heading_e6a06f-69 wp-block-kadence-advancedheading\" data-kb-block=\"kb-adv-heading_e6a06f-69\">Maria Madalena Torres &#8211; CARTA DE UM AMIGO por Viridiano Brito<\/h5>\n\n\n\n<p><\/p>\n\n\n\n<p><\/p>\n\n\n\n<div class=\"wp-block-columns is-layout-flex wp-container-core-columns-is-layout-9d6595d7 wp-block-columns-is-layout-flex\">\n<div class=\"wp-block-column is-layout-flow wp-block-column-is-layout-flow\" style=\"--col-width:5%;flex-basis:5%\"><\/div>\n\n\n\n<div class=\"wp-block-column is-layout-flow wp-block-column-is-layout-flow\" style=\"--col-width:115%;flex-basis:115%\">\n<p>Conheci Madalena Torres em 1986. Nesse per\u00edodo ela j\u00e1 era uma militante e lutadora popular nos grupos de base da Par\u00f3quia da Igreja da Gl\u00f3ria ,em Ceil\u00e2ndia, como catequista. Ela foi uma das idealizadoras das Semanas de forma\u00e7\u00e3o, que eram organizadas por jovens cat\u00f3licos de v\u00e1rias igrejas da Ceil\u00e2ndia. Nessas semanas de forma\u00e7\u00e3o , ocorriam debates com temas de pol\u00edticas sociais com a participa\u00e7\u00e3o dos candidatos a Deputados , no per\u00edodo da campanha eleitoral da primeira elei\u00e7\u00e3o, em Bras\u00edlia, ap\u00f3s o per\u00edodo da Ditadura Militar no Brasil. Onde elegeu-se os 08 Deputados Constituintes do DF que compuseram a Assembleia Nacional Constituinte do Brasil. Foi a partir da posse desses constituintes que houve a inclus\u00e3o da representa\u00e7\u00e3o Pol\u00edtica do DF, com a responsabilidade de elabora\u00e7\u00e3o da nova Constitui\u00e7\u00e3o de 1988.<br>Depois das elei\u00e7\u00f5es, o grupo continuou a organizar as semanas de forma\u00e7\u00e3o , agora com a participa\u00e7\u00e3o dos Deputados Constituintes, eleitos naquela ocasi\u00e3o , personalidades populares e acad\u00eamicas de todo Pa\u00eds. Nesses encontros, eram discutidos temas relevantes, de cunho popular, para constar na nova constitui\u00e7\u00e3o como: Direitos sociais ( reforma agr\u00e1ria, reforma urbana , Educa\u00e7\u00e3o, sa\u00fade, a promo\u00e7\u00e3o igualdade social e o combate ao racismo).<br>Em 1991, na elabora\u00e7\u00e3o da Lei Org\u00e2nica do DF , Madalena Torres liderou os abaixo assinados para incluir nessa lei o artigo que inclu\u00eda as emendas populares. Com a promulga\u00e7\u00e3o dessa Lei, ela mais uma vez, liderou a luta pela inclus\u00e3o da lei de cria\u00e7\u00e3o do Fundo de Alfabetiza\u00e7\u00e3o de Jovens e Adultos do DF, j\u00e1 como dirigente do Centro de Alfabetiza\u00e7\u00e3o de Jovens e Adulto- CEPAFRE .<br>A professora de Filosofia, concursada da Secretaria de Estado de Educa\u00e7\u00e3o do Distrito Federal, Madalena Torres, sempre foi uma pessoa comprometida com a educa\u00e7\u00e3o p\u00fablica de boa qualidade. Assim sendo, em 1987, iniciou sua carreira de Educadora com a Alfabetiza\u00e7\u00e3o de Jovens e Adultos, no N\u00facleo de Alfabetiza\u00e7\u00e3o Paulo Freire. Em 1989, foi uma das idealizadoras e fundadora do Centro de Alfabetiza\u00e7\u00e3o Paulo Freire de Ceil\u00e2ndia. A partir desse per\u00edodo, o CEPAFRE j\u00e1 alfabetizou mais de 16 mil pessoas em todo Distrito Federal e Entorno.<br>Mesmo com esse curr\u00edculo brilhante, ela n\u00e3o se distancia das lutas de Ceil\u00e2ndia e do DF. Em 2011, ela \u00e9 um conjunto de pessoas dos movimentos populares de Ceil\u00e2ndia, criaram o Movimento Popular por uma Ceil\u00e2ndia Melhor \u2013 MOPOCEM, que tem o objetivo de lutar pela melhoria das condi\u00e7\u00f5es de vida do povo Ceilandense. Madalena Torres \u00e9 uma refer\u00eancia Nacional e Internacional na \u00e1rea dos movimentos populares e de alfabetiza\u00e7\u00e3o de jovens e adultos, percorrendo o Brasil e levando seus conhecimentos, contribui\u00e7\u00f5es e prestando assessorias aos movimentos e governos de v\u00e1rios outros Pa\u00edses. Por isso, n\u00e3o se pode falar de educa\u00e7\u00e3o e de lutas<br>populares, no DF e entorno, sem citar a professora Madalena Torres.<\/p>\n\n\n\n<p><br><strong><em>Viridiano Brito<\/em><\/strong><\/p>\n<\/div>\n\n\n\n<div class=\"wp-block-column is-layout-flow wp-block-column-is-layout-flow\" style=\"--col-width:5%;flex-basis:5%\"><\/div>\n<\/div>\n\n\n\n<p><\/p>\n\n\n\n<div class=\"wp-block-kadence-spacer aligncenter kt-block-spacer-_719787-fe\"><div class=\"kt-block-spacer kt-block-spacer-halign-center\" style=\"height:25px\"><hr class=\"kt-divider\" style=\"border-top-color:#eee;border-top-width:1px;width:80%;border-top-style:solid\"\/><\/div><\/div>\n\n\n\n<div class=\"wp-block-columns is-layout-flex wp-container-core-columns-is-layout-9d6595d7 wp-block-columns-is-layout-flex\">\n<div class=\"wp-block-column is-layout-flow wp-block-column-is-layout-flow\" style=\"--col-width:25%;flex-basis:25%\"><style id=\"kt-blocks_c0e94d-9e\">.kt-svg-icons_c0e94d-9e .kt-svg-item-0:hover .kt-svg-icon {color:#0F8B8D!important;}<\/style>\n<div class=\"wp-block-kadence-icon kt-svg-icons kt-svg-icons_c0e94d-9e alignnone\" style=\"text-align:center\"><div class=\"kt-svg-style-default kt-svg-icon-wrap kt-svg-item-0\"><a href=\"https:\/\/ceam.cdtc.unb.br\/index.php\/historias-cruzadas\/hcpg66_maria_madalena_mmmccarta\/\" class=\"kt-svg-icon-link\"><div style=\"display:inline-flex;justify-content:center;align-items:center;color:#444444\" class=\"kt-svg-icon kt-svg-icon-fe_arrowLeftCircle\"><svg style=\"display:inline-block;vertical-align:middle\" viewbox=\"0 0 24 24\" height=\"50\" width=\"50\" fill=\"none\" stroke=\"currentColor\" xmlns=\"http:\/\/www.w3.org\/2000\/svg\" stroke-width=\"2\" stroke-linecap=\"round\" stroke-linejoin=\"round\"><title>P\u00e1gina Anterior<\/title><circle cx=\"12\" cy=\"12\" r=\"10\"><\/circle><polyline points=\"12 8 8 12 12 16\"><\/polyline><line x1=\"16\" y1=\"12\" x2=\"8\" y2=\"12\"><\/line><\/svg><\/div><\/a><\/div><\/div>\n<\/div>\n\n\n\n<div class=\"wp-block-column is-layout-flow wp-block-column-is-layout-flow\" style=\"--col-width:50%;flex-basis:50%\"><\/div>\n\n\n\n<div class=\"wp-block-column is-layout-flow wp-block-column-is-layout-flow\" style=\"--col-width:25%;flex-basis:25%\"><style id=\"kt-blocks_e51fb2-60\">.kt-svg-icons_e51fb2-60 .kt-svg-item-0:hover .kt-svg-icon {color:#0F8B8D!important;}<\/style>\n<div class=\"wp-block-kadence-icon kt-svg-icons kt-svg-icons_e51fb2-60 alignnone\" style=\"text-align:center\"><div class=\"kt-svg-style-default kt-svg-icon-wrap kt-svg-item-0\"><a href=\"https:\/\/ceam.cdtc.unb.br\/index.php\/historias-cruzadas\/hcpg68_maria_madalena_cvcarta\/\" class=\"kt-svg-icon-link\"><div style=\"display:inline-flex;justify-content:center;align-items:center;color:#444444\" class=\"kt-svg-icon kt-svg-icon-fe_arrowRightCircle\"><svg style=\"display:inline-block;vertical-align:middle\" viewbox=\"0 0 24 24\" height=\"50\" width=\"50\" fill=\"none\" stroke=\"currentColor\" xmlns=\"http:\/\/www.w3.org\/2000\/svg\" stroke-width=\"2\" stroke-linecap=\"round\" stroke-linejoin=\"round\"><title>Pr\u00f3xima P\u00e1gina<\/title><circle cx=\"12\" cy=\"12\" r=\"10\"><\/circle><polyline points=\"12 16 16 12 12 8\"><\/polyline><line x1=\"8\" y1=\"12\" x2=\"16\" y2=\"12\"><\/line><\/svg><\/div><\/a><\/div><\/div>\n<\/div>\n<\/div>\n","protected":false},"excerpt":{"rendered":"<p>Maria Madalena Torres &#8211; CARTA DE \u2026 <\/p>\n","protected":false},"author":2,"featured_media":0,"parent":77,"menu_order":0,"comment_status":"closed","ping_status":"closed","template":"","meta":{"footnotes":""},"class_list":["post-850","page","type-page","status-publish","hentry"],"_links":{"self":[{"href":"https:\/\/memoria.ceam.unb.br\/index.php\/wp-json\/wp\/v2\/pages\/850","targetHints":{"allow":["GET"]}}],"collection":[{"href":"https:\/\/memoria.ceam.unb.br\/index.php\/wp-json\/wp\/v2\/pages"}],"about":[{"href":"https:\/\/memoria.ceam.unb.br\/index.php\/wp-json\/wp\/v2\/types\/page"}],"author":[{"embeddable":true,"href":"https:\/\/memoria.ceam.unb.br\/index.php\/wp-json\/wp\/v2\/users\/2"}],"replies":[{"embeddable":true,"href":"https:\/\/memoria.ceam.unb.br\/index.php\/wp-json\/wp\/v2\/comments?post=850"}],"version-history":[{"count":3,"href":"https:\/\/memoria.ceam.unb.br\/index.php\/wp-json\/wp\/v2\/pages\/850\/revisions"}],"predecessor-version":[{"id":1046,"href":"https:\/\/memoria.ceam.unb.br\/index.php\/wp-json\/wp\/v2\/pages\/850\/revisions\/1046"}],"up":[{"embeddable":true,"href":"https:\/\/memoria.ceam.unb.br\/index.php\/wp-json\/wp\/v2\/pages\/77"}],"wp:attachment":[{"href":"https:\/\/memoria.ceam.unb.br\/index.php\/wp-json\/wp\/v2\/media?parent=850"}],"curies":[{"name":"wp","href":"https:\/\/api.w.org\/{rel}","templated":true}]}}