{"id":929,"date":"2021-09-23T18:49:07","date_gmt":"2021-09-23T21:49:07","guid":{"rendered":"https:\/\/ceam.cdtc.unb.br\/index.php\/historias-cruzadas\/hcpg15_bernardo_mota_lscarta-2\/"},"modified":"2021-09-26T18:36:45","modified_gmt":"2021-09-26T21:36:45","slug":"hcpg86_marly_livreiraa","status":"publish","type":"page","link":"https:\/\/memoria.ceam.unb.br\/index.php\/historias-cruzadas\/hcpg86_marly_livreiraa\/","title":{"rendered":"hcpg86_marly_livreiraA"},"content":{"rendered":"\n<div class=\"wp-block-image\"><figure class=\"aligncenter size-large\"><img loading=\"lazy\" decoding=\"async\" width=\"1024\" height=\"27\" src=\"https:\/\/ceam.cdtc.unb.br\/wp-content\/uploads\/2021\/09\/cabecalho01_historias_cruzadas-1024x27.jpg\" alt=\"\" class=\"wp-image-553\"\/><\/figure><\/div>\n\n\n<style id=\"kt-blocks_e6a06f-69\">#kt-adv-heading_e6a06f-69, #kt-adv-heading_e6a06f-69 .wp-block-kadence-advancedheading, .wp-block-kadence-advancedheading.kt-adv-heading_e6a06f-69[data-kb-block=\"kb-adv-heading_e6a06f-69\"], .kadence-advanced-heading-wrapper .kt-adv-heading_e6a06f-69[data-kb-block=\"kb-adv-heading_e6a06f-69\"]{text-align:center;color:#167abe;}<\/style>\n<h5 class=\"kt-adv-heading_e6a06f-69 wp-block-kadence-advancedheading\" data-kb-block=\"kb-adv-heading_e6a06f-69\">CARTA DE UM EX-ALUNO DA UnB &#8211;  por Alu\u00edzio<\/h5>\n\n\n\n<p><\/p>\n\n\n\n<p><\/p>\n\n\n\n<div class=\"wp-block-columns is-layout-flex wp-container-core-columns-is-layout-9d6595d7 wp-block-columns-is-layout-flex\">\n<div class=\"wp-block-column is-layout-flow wp-block-column-is-layout-flow\" style=\"--col-width:5%;flex-basis:5%\"><\/div>\n\n\n\n<div class=\"wp-block-column is-layout-flow wp-block-column-is-layout-flow\" style=\"--col-width:115%;flex-basis:115%\">\n<p>\u201cDona Marly , cabelos brancos, sorriso largo, voz doce de tia carinhosa. Sempre af\u00e1vel, simp\u00e1tica e eternamente preocupada com os seus \u201cmeninos do jaleco branco\u201d. O seu ponto era a moradia das nossas aten\u00e7\u00f5es, pass\u00e1vamos por ela e \u00e9ramos seduzidos pela sua capacidade de nos alegrar. Conhecia todos os estudantes pelo nome, qui\u00e7\u00e1 pelo apelido. Era uma b\u00fassola para os calouros que se perdiam nos entremeios do campus. Refer\u00eancia importante dos corredores desnudos de calor humano da FS. O banquinho, a mesa e o abra\u00e7o tinham um significado especial em nossas vidas. Era o b\u00e1lsamo das atribula\u00e7\u00f5es em nosso pequeno mundo. Conselheira, amiga, seu esp\u00edrito apaziguador resolvia conflitos e consolidava encontros. Tinha sempre um cafezinho quente adocicado nas suas conversas animadas. Os livros? Ela conseguia todos. Pagamento? A perder de vista. Tinha um olhar que consentia \u201cpenduras\u201d pois era parceira daqueles que com sacrif\u00edcio tinham seis anos a estudar. Cora\u00e7\u00e3o grande, m\u00e3e gigante, sofreu e foi resiliente na morte de seu querido filho. Quase n\u00e3o aguentou, mas com determina\u00e7\u00e3o continuou a sua caminhada com dignidade e f\u00e9. Exemplo de trajet\u00f3ria. Exemplo de perseveran\u00e7a. Acompanhada pela Denise, voltou a acreditar no significado da vida ao se debru\u00e7ar nos dois pilares de sua exist\u00eancia: a sua neta Lili e o trabalho. Dona Marly \u00e9 o s\u00edmbolo de uma faculdade mais po\u00e9tica, quase fam\u00edlia, cuja estante agregava alunos e professores em um espa\u00e7o completamente democr\u00e1tico. Gostava de trabalhar. N\u00e3o tinha tempo ruim, nem rel\u00e2mpago, nem raios a aparecer no c\u00e9u, s\u00f3 enxergava a luz do arco-\u00edris em um otimismo quase teimoso. Eram os idos de livros de p\u00e1ginas, antepassados do atual e-book. Seu canto era a parada da correria, o banho relaxante ap\u00f3s a desenfreada maratona em que viv\u00edamos. Nos sent\u00edamos aquecidos no seu abra\u00e7o tonificante. Reenergizados, para mais provas e malucas imers\u00f5es no hospital. Se foi a Madrinha de gera\u00e7\u00f5es de m\u00e9dicos, deixa saudades. Ainda tenho seus livros em minha estante. Mem\u00f3rias importantes de um passado afetivo e rom\u00e2ntico. Dona Marly, est\u00e1 agora a nos olhar com um sorriso simples de pura bondade abra\u00e7ada ao Hervalzinho e ciente do cumprimento de sua miss\u00e3o. Fique com Deus, seu lugar \u00e9 insubstitu\u00edvel.\u201d<\/p>\n\n\n\n<p><br><strong><em>*Texto escrito por um ex-aluno, hoje m\u00e9dico formado na UnB, Alu\u00edzio, que n\u00e3o soube que al\u00e9m de seu filho Herval, vov\u00f3 posteriormente \u00e0 sua formatura perdeu as outras duas filhas. (Eu, Lili, amei a homenagem)<\/em><\/strong><\/p>\n<\/div>\n\n\n\n<div class=\"wp-block-column is-layout-flow wp-block-column-is-layout-flow\" style=\"--col-width:5%;flex-basis:5%\"><\/div>\n<\/div>\n\n\n\n<p><\/p>\n\n\n\n<div class=\"wp-block-kadence-spacer aligncenter kt-block-spacer-_719787-fe\"><div class=\"kt-block-spacer kt-block-spacer-halign-center\" style=\"height:25px\"><hr class=\"kt-divider\" style=\"border-top-color:#eee;border-top-width:1px;width:80%;border-top-style:solid\"\/><\/div><\/div>\n\n\n\n<div class=\"wp-block-columns is-layout-flex wp-container-core-columns-is-layout-9d6595d7 wp-block-columns-is-layout-flex\">\n<div class=\"wp-block-column is-layout-flow wp-block-column-is-layout-flow\" style=\"--col-width:25%;flex-basis:25%\"><style id=\"kt-blocks_c0e94d-9e\">.kt-svg-icons_c0e94d-9e .kt-svg-item-0:hover .kt-svg-icon {color:#0F8B8D!important;}<\/style>\n<div class=\"wp-block-kadence-icon kt-svg-icons kt-svg-icons_c0e94d-9e alignnone\" style=\"text-align:center\"><div class=\"kt-svg-style-default kt-svg-icon-wrap kt-svg-item-0\"><a href=\"https:\/\/ceam.cdtc.unb.br\/index.php\/historias-cruzadas\/hcpg85_marly_livreiralt\/\" class=\"kt-svg-icon-link\"><div style=\"display:inline-flex;justify-content:center;align-items:center;color:#444444\" class=\"kt-svg-icon kt-svg-icon-fe_arrowLeftCircle\"><svg style=\"display:inline-block;vertical-align:middle\" viewbox=\"0 0 24 24\" height=\"50\" width=\"50\" fill=\"none\" stroke=\"currentColor\" xmlns=\"http:\/\/www.w3.org\/2000\/svg\" stroke-width=\"2\" stroke-linecap=\"round\" stroke-linejoin=\"round\"><title>P\u00e1gina Anterior<\/title><circle cx=\"12\" cy=\"12\" r=\"10\"><\/circle><polyline points=\"12 8 8 12 12 16\"><\/polyline><line x1=\"16\" y1=\"12\" x2=\"8\" y2=\"12\"><\/line><\/svg><\/div><\/a><\/div><\/div>\n<\/div>\n\n\n\n<div class=\"wp-block-column is-layout-flow wp-block-column-is-layout-flow\" style=\"--col-width:50%;flex-basis:50%\"><\/div>\n\n\n\n<div class=\"wp-block-column is-layout-flow wp-block-column-is-layout-flow\" style=\"--col-width:25%;flex-basis:25%\"><style id=\"kt-blocks_e51fb2-60\">.kt-svg-icons_e51fb2-60 .kt-svg-item-0:hover .kt-svg-icon {color:#0F8B8D!important;}<\/style>\n<div class=\"wp-block-kadence-icon kt-svg-icons kt-svg-icons_e51fb2-60 alignnone\" style=\"text-align:center\"><div class=\"kt-svg-style-default kt-svg-icon-wrap kt-svg-item-0\"><a href=\"https:\/\/ceam.cdtc.unb.br\/index.php\/historias-cruzadas\/hcpg87_milton_de_mello\/\" class=\"kt-svg-icon-link\"><div style=\"display:inline-flex;justify-content:center;align-items:center;color:#444444\" class=\"kt-svg-icon kt-svg-icon-fe_arrowRightCircle\"><svg style=\"display:inline-block;vertical-align:middle\" viewbox=\"0 0 24 24\" height=\"50\" width=\"50\" fill=\"none\" stroke=\"currentColor\" xmlns=\"http:\/\/www.w3.org\/2000\/svg\" stroke-width=\"2\" stroke-linecap=\"round\" stroke-linejoin=\"round\"><title>Pr\u00f3xima P\u00e1gina<\/title><circle cx=\"12\" cy=\"12\" r=\"10\"><\/circle><polyline points=\"12 16 16 12 12 8\"><\/polyline><line x1=\"8\" y1=\"12\" x2=\"16\" y2=\"12\"><\/line><\/svg><\/div><\/a><\/div><\/div>\n<\/div>\n<\/div>\n","protected":false},"excerpt":{"rendered":"<p>CARTA DE UM EX-ALUNO DA UnB \u2026 <\/p>\n","protected":false},"author":2,"featured_media":0,"parent":77,"menu_order":0,"comment_status":"closed","ping_status":"closed","template":"","meta":{"footnotes":""},"class_list":["post-929","page","type-page","status-publish","hentry"],"_links":{"self":[{"href":"https:\/\/memoria.ceam.unb.br\/index.php\/wp-json\/wp\/v2\/pages\/929","targetHints":{"allow":["GET"]}}],"collection":[{"href":"https:\/\/memoria.ceam.unb.br\/index.php\/wp-json\/wp\/v2\/pages"}],"about":[{"href":"https:\/\/memoria.ceam.unb.br\/index.php\/wp-json\/wp\/v2\/types\/page"}],"author":[{"embeddable":true,"href":"https:\/\/memoria.ceam.unb.br\/index.php\/wp-json\/wp\/v2\/users\/2"}],"replies":[{"embeddable":true,"href":"https:\/\/memoria.ceam.unb.br\/index.php\/wp-json\/wp\/v2\/comments?post=929"}],"version-history":[{"count":4,"href":"https:\/\/memoria.ceam.unb.br\/index.php\/wp-json\/wp\/v2\/pages\/929\/revisions"}],"predecessor-version":[{"id":1214,"href":"https:\/\/memoria.ceam.unb.br\/index.php\/wp-json\/wp\/v2\/pages\/929\/revisions\/1214"}],"up":[{"embeddable":true,"href":"https:\/\/memoria.ceam.unb.br\/index.php\/wp-json\/wp\/v2\/pages\/77"}],"wp:attachment":[{"href":"https:\/\/memoria.ceam.unb.br\/index.php\/wp-json\/wp\/v2\/media?parent=929"}],"curies":[{"name":"wp","href":"https:\/\/api.w.org\/{rel}","templated":true}]}}